{"id":28736,"date":"2023-03-13T13:20:05","date_gmt":"2023-03-13T12:20:05","guid":{"rendered":"https:\/\/www.golfdaro.com\/producto\/sac-a-chaussures-barcelone\/"},"modified":"2023-03-23T15:54:10","modified_gmt":"2023-03-23T14:54:10","slug":"sac-a-chaussures-barcelone","status":"publish","type":"product","link":"https:\/\/www.golfdaro.com\/fr\/producto\/sac-a-chaussures-barcelone\/","title":{"rendered":"Sac \u00e0 chaussures de golf de Barcelone"},"content":{"rendered":"<p><span data-sheets-value=\"{&quot;1&quot;:2,&quot;2&quot;:&quot;Sac \u00e0 chaussures Barcelona\\nMarque Ofelia, couleur blanche et bleu marine avec logo Club Golf d'Aro.\\nMat\u00e9riau en cuir\\nDimensions 34 x 13 cm&quot;}\" data-sheets-userformat=\"{&quot;2&quot;:6589,&quot;3&quot;:{&quot;1&quot;:0,&quot;3&quot;:1},&quot;5&quot;:{&quot;1&quot;:[{&quot;1&quot;:2,&quot;2&quot;:0,&quot;5&quot;:{&quot;1&quot;:2,&quot;2&quot;:0}},{&quot;1&quot;:0,&quot;2&quot;:0,&quot;3&quot;:1},{&quot;1&quot;:1,&quot;2&quot;:0,&quot;4&quot;:1}]},&quot;6&quot;:{&quot;1&quot;:[{&quot;1&quot;:2,&quot;2&quot;:0,&quot;5&quot;:{&quot;1&quot;:2,&quot;2&quot;:0}},{&quot;1&quot;:0,&quot;2&quot;:0,&quot;3&quot;:3},{&quot;1&quot;:1,&quot;2&quot;:0,&quot;4&quot;:2}]},&quot;7&quot;:{&quot;1&quot;:[{&quot;1&quot;:2,&quot;2&quot;:0,&quot;5&quot;:{&quot;1&quot;:2,&quot;2&quot;:0}},{&quot;1&quot;:0,&quot;2&quot;:0,&quot;3&quot;:1},{&quot;1&quot;:1,&quot;2&quot;:0,&quot;4&quot;:1}]},&quot;8&quot;:{&quot;1&quot;:[{&quot;1&quot;:2,&quot;2&quot;:0,&quot;5&quot;:{&quot;1&quot;:2,&quot;2&quot;:0}},{&quot;1&quot;:0,&quot;2&quot;:0,&quot;3&quot;:1},{&quot;1&quot;:1,&quot;2&quot;:0,&quot;4&quot;:1}]},&quot;10&quot;:1,&quot;11&quot;:4,&quot;14&quot;:{&quot;1&quot;:3,&quot;3&quot;:1},&quot;15&quot;:&quot;Arial&quot;}\">ac \u00e0 chaussures de golf de Barcelone<br \/>\nMarque Ofelia, couleur blanche et bleu marine avec logo Club Golf d&rsquo;Aro.<br \/>\nMat\u00e9riau en cuir<br \/>\nDimensions 34 x 13 cm<\/span><\/p>\n","protected":false},"excerpt":{"rendered":"<p><span data-sheets-value=\"{\"1\":2,\"2\":\"Sac \u00e0 chaussures de Barcelone avec logo Club Golf d'Aro marque Ofelia\"}\" data-sheets-userformat=\"{\"2\":6589,\"3\":{\"1\":0,\"3\":1},\"5\":{\"1\":[{\"1\":2,\"2\":0,\"5\":{\"1\":2,\"2\":0}},{\"1\":0,\"2\":0,\"3\":3},{\"1\":1,\"2\":0,\"4\":2}]},\"6\":{\"1\":[{\"1\":2,\"2\":0,\"5\":{\"1\":2,\"2\":0}},{\"1\":0,\"2\":0,\"3\":1},{\"1\":1,\"2\":0,\"4\":1}]},\"7\":{\"1\":[{\"1\":2,\"2\":0,\"5\":{\"1\":2,\"2\":0}},{\"1\":0,\"2\":0,\"3\":1},{\"1\":1,\"2\":0,\"4\":1}]},\"8\":{\"1\":[{\"1\":2,\"2\":0,\"5\":{\"1\":2,\"2\":0}},{\"1\":0,\"2\":0,\"3\":1},{\"1\":1,\"2\":0,\"4\":1}]},\"10\":1,\"11\":4,\"14\":{\"1\":3,\"3\":1},\"15\":\"Arial\"}\">Sac \u00e0 chaussures de Barcelone avec logo Club Golf d&rsquo;Aro marque Ofelia<\/span> &hellip; <a href=\"https:\/\/www.golfdaro.com\/fr\/producto\/sac-a-chaussures-barcelone\/\">Read More<\/a><\/p>\n","protected":false},"featured_media":28536,"template":"","meta":{"_eb_attr":""},"product_brand":[],"product_cat":[286],"product_tag":[300],"giftcard-category":[],"class_list":{"0":"post-28736","1":"product","2":"type-product","3":"status-publish","4":"has-post-thumbnail","6":"product_cat-promotion-proshop","7":"product_tag-sac-a-chaussures","9":"first","10":"outofstock","11":"taxable","12":"shipping-taxable","13":"purchasable","14":"product-type-simple"},"yoast_head":"<!-- This site is optimized with the Yoast SEO plugin v27.4 - https:\/\/yoast.com\/product\/yoast-seo-wordpress\/ -->\n<title>Sac \u00e0 chaussures de golf de Barcelone - Golf d&#039;Aro<\/title>\n<meta name=\"description\" content=\"Sac \u00e0 chaussures de golf de Barcelone: design exclusif en cuir blanc et bleu avec impression logo Club Golf d&#039;Aro. Compact, r\u00e9sistant et facile \u00e0 transporter (34 x 13 cm).\" \/>\n<meta name=\"robots\" content=\"index, follow, max-snippet:-1, max-image-preview:large, max-video-preview:-1\" \/>\n<link rel=\"canonical\" href=\"https:\/\/www.golfdaro.com\/fr\/producto\/sac-a-chaussures-barcelone\/\" \/>\n<meta property=\"og:locale\" content=\"fr_FR\" \/>\n<meta property=\"og:type\" content=\"article\" \/>\n<meta property=\"og:title\" content=\"Sac \u00e0 chaussures de golf de Barcelone - Golf d&#039;Aro\" \/>\n<meta property=\"og:description\" content=\"Sac \u00e0 chaussures de golf de Barcelone: design exclusif en cuir blanc et bleu avec impression logo Club Golf d&#039;Aro. Compact, r\u00e9sistant et facile \u00e0 transporter (34 x 13 cm).\" \/>\n<meta property=\"og:url\" content=\"https:\/\/www.golfdaro.com\/fr\/producto\/sac-a-chaussures-barcelone\/\" \/>\n<meta property=\"og:site_name\" content=\"Club Golf d&#039;Aro\" \/>\n<meta property=\"article:publisher\" content=\"https:\/\/www.facebook.com\/golfdaro\/\" \/>\n<meta property=\"article:modified_time\" content=\"2023-03-23T14:54:10+00:00\" \/>\n<meta property=\"og:image\" content=\"https:\/\/www.golfdaro.com\/wp-content\/uploads\/2023\/02\/Bolso-de-zapatos-Barcelona-1.png\" \/>\n\t<meta property=\"og:image:width\" content=\"600\" \/>\n\t<meta property=\"og:image:height\" content=\"400\" \/>\n\t<meta property=\"og:image:type\" content=\"image\/png\" \/>\n<meta name=\"twitter:card\" content=\"summary_large_image\" \/>\n<meta name=\"twitter:site\" content=\"@golfdaro\" \/>\n<script type=\"application\/ld+json\" class=\"yoast-schema-graph\">{\"@context\":\"https:\\\/\\\/schema.org\",\"@graph\":[{\"@type\":\"WebPage\",\"@id\":\"https:\\\/\\\/www.golfdaro.com\\\/fr\\\/producto\\\/sac-a-chaussures-barcelone\\\/\",\"url\":\"https:\\\/\\\/www.golfdaro.com\\\/fr\\\/producto\\\/sac-a-chaussures-barcelone\\\/\",\"name\":\"Sac \u00e0 chaussures de golf de Barcelone - Golf d'Aro\",\"isPartOf\":{\"@id\":\"https:\\\/\\\/www.golfdaro.com\\\/fr\\\/#website\"},\"primaryImageOfPage\":{\"@id\":\"https:\\\/\\\/www.golfdaro.com\\\/fr\\\/producto\\\/sac-a-chaussures-barcelone\\\/#primaryimage\"},\"image\":{\"@id\":\"https:\\\/\\\/www.golfdaro.com\\\/fr\\\/producto\\\/sac-a-chaussures-barcelone\\\/#primaryimage\"},\"thumbnailUrl\":\"https:\\\/\\\/www.golfdaro.com\\\/wp-content\\\/uploads\\\/2023\\\/02\\\/Bolso-de-zapatos-Barcelona-1.png\",\"datePublished\":\"2023-03-13T12:20:05+00:00\",\"dateModified\":\"2023-03-23T14:54:10+00:00\",\"description\":\"Sac \u00e0 chaussures de golf de Barcelone: design exclusif en cuir blanc et bleu avec impression logo Club Golf d'Aro. Compact, r\u00e9sistant et facile \u00e0 transporter (34 x 13 cm).\",\"breadcrumb\":{\"@id\":\"https:\\\/\\\/www.golfdaro.com\\\/fr\\\/producto\\\/sac-a-chaussures-barcelone\\\/#breadcrumb\"},\"inLanguage\":\"fr-FR\",\"potentialAction\":[{\"@type\":\"ReadAction\",\"target\":[\"https:\\\/\\\/www.golfdaro.com\\\/fr\\\/producto\\\/sac-a-chaussures-barcelone\\\/\"]}]},{\"@type\":\"ImageObject\",\"inLanguage\":\"fr-FR\",\"@id\":\"https:\\\/\\\/www.golfdaro.com\\\/fr\\\/producto\\\/sac-a-chaussures-barcelone\\\/#primaryimage\",\"url\":\"https:\\\/\\\/www.golfdaro.com\\\/wp-content\\\/uploads\\\/2023\\\/02\\\/Bolso-de-zapatos-Barcelona-1.png\",\"contentUrl\":\"https:\\\/\\\/www.golfdaro.com\\\/wp-content\\\/uploads\\\/2023\\\/02\\\/Bolso-de-zapatos-Barcelona-1.png\",\"width\":600,\"height\":400,\"caption\":\"bolso de zapatos\"},{\"@type\":\"BreadcrumbList\",\"@id\":\"https:\\\/\\\/www.golfdaro.com\\\/fr\\\/producto\\\/sac-a-chaussures-barcelone\\\/#breadcrumb\",\"itemListElement\":[{\"@type\":\"ListItem\",\"position\":1,\"name\":\"Portada\",\"item\":\"https:\\\/\\\/www.golfdaro.com\\\/fr\\\/\"},{\"@type\":\"ListItem\",\"position\":2,\"name\":\"Produits\",\"item\":\"https:\\\/\\\/www.golfdaro.com\\\/fr\\\/shop\\\/\"},{\"@type\":\"ListItem\",\"position\":3,\"name\":\"Sac \u00e0 chaussures de golf de Barcelone\"}]},{\"@type\":\"WebSite\",\"@id\":\"https:\\\/\\\/www.golfdaro.com\\\/fr\\\/#website\",\"url\":\"https:\\\/\\\/www.golfdaro.com\\\/fr\\\/\",\"name\":\"Club Golf d&#039;Aro\",\"description\":\"Vistas Impresionantes. Sin interrupciones\",\"publisher\":{\"@id\":\"https:\\\/\\\/www.golfdaro.com\\\/fr\\\/#organization\"},\"potentialAction\":[{\"@type\":\"SearchAction\",\"target\":{\"@type\":\"EntryPoint\",\"urlTemplate\":\"https:\\\/\\\/www.golfdaro.com\\\/fr\\\/?s={search_term_string}\"},\"query-input\":{\"@type\":\"PropertyValueSpecification\",\"valueRequired\":true,\"valueName\":\"search_term_string\"}}],\"inLanguage\":\"fr-FR\"},{\"@type\":\"Organization\",\"@id\":\"https:\\\/\\\/www.golfdaro.com\\\/fr\\\/#organization\",\"name\":\"Club Golf d'Aro - Mas Nou\",\"url\":\"https:\\\/\\\/www.golfdaro.com\\\/fr\\\/\",\"logo\":{\"@type\":\"ImageObject\",\"inLanguage\":\"fr-FR\",\"@id\":\"https:\\\/\\\/www.golfdaro.com\\\/fr\\\/#\\\/schema\\\/logo\\\/image\\\/\",\"url\":\"https:\\\/\\\/www.golfdaro.com\\\/wp-content\\\/uploads\\\/2021\\\/01\\\/Logo-Golf-Aro-transparent.png\",\"contentUrl\":\"https:\\\/\\\/www.golfdaro.com\\\/wp-content\\\/uploads\\\/2021\\\/01\\\/Logo-Golf-Aro-transparent.png\",\"width\":100,\"height\":100,\"caption\":\"Club Golf d'Aro - Mas Nou\"},\"image\":{\"@id\":\"https:\\\/\\\/www.golfdaro.com\\\/fr\\\/#\\\/schema\\\/logo\\\/image\\\/\"},\"sameAs\":[\"https:\\\/\\\/www.facebook.com\\\/golfdaro\\\/\",\"https:\\\/\\\/x.com\\\/golfdaro\",\"https:\\\/\\\/www.instagram.com\\\/golfdaro\\\/\",\"https:\\\/\\\/www.youtube.com\\\/channel\\\/UC728WxtMLhPa1qUCnMemzLQ\"]}]}<\/script>\n<!-- \/ Yoast SEO plugin. -->","yoast_head_json":{"title":"Sac \u00e0 chaussures de golf de Barcelone - Golf d'Aro","description":"Sac \u00e0 chaussures de golf de Barcelone: design exclusif en cuir blanc et bleu avec impression logo Club Golf d'Aro. Compact, r\u00e9sistant et facile \u00e0 transporter (34 x 13 cm).","robots":{"index":"index","follow":"follow","max-snippet":"max-snippet:-1","max-image-preview":"max-image-preview:large","max-video-preview":"max-video-preview:-1"},"canonical":"https:\/\/www.golfdaro.com\/fr\/producto\/sac-a-chaussures-barcelone\/","og_locale":"fr_FR","og_type":"article","og_title":"Sac \u00e0 chaussures de golf de Barcelone - Golf d'Aro","og_description":"Sac \u00e0 chaussures de golf de Barcelone: design exclusif en cuir blanc et bleu avec impression logo Club Golf d'Aro. Compact, r\u00e9sistant et facile \u00e0 transporter (34 x 13 cm).","og_url":"https:\/\/www.golfdaro.com\/fr\/producto\/sac-a-chaussures-barcelone\/","og_site_name":"Club Golf d&#039;Aro","article_publisher":"https:\/\/www.facebook.com\/golfdaro\/","article_modified_time":"2023-03-23T14:54:10+00:00","og_image":[{"width":600,"height":400,"url":"https:\/\/www.golfdaro.com\/wp-content\/uploads\/2023\/02\/Bolso-de-zapatos-Barcelona-1.png","type":"image\/png"}],"twitter_card":"summary_large_image","twitter_site":"@golfdaro","schema":{"@context":"https:\/\/schema.org","@graph":[{"@type":"WebPage","@id":"https:\/\/www.golfdaro.com\/fr\/producto\/sac-a-chaussures-barcelone\/","url":"https:\/\/www.golfdaro.com\/fr\/producto\/sac-a-chaussures-barcelone\/","name":"Sac \u00e0 chaussures de golf de Barcelone - Golf d'Aro","isPartOf":{"@id":"https:\/\/www.golfdaro.com\/fr\/#website"},"primaryImageOfPage":{"@id":"https:\/\/www.golfdaro.com\/fr\/producto\/sac-a-chaussures-barcelone\/#primaryimage"},"image":{"@id":"https:\/\/www.golfdaro.com\/fr\/producto\/sac-a-chaussures-barcelone\/#primaryimage"},"thumbnailUrl":"https:\/\/www.golfdaro.com\/wp-content\/uploads\/2023\/02\/Bolso-de-zapatos-Barcelona-1.png","datePublished":"2023-03-13T12:20:05+00:00","dateModified":"2023-03-23T14:54:10+00:00","description":"Sac \u00e0 chaussures de golf de Barcelone: design exclusif en cuir blanc et bleu avec impression logo Club Golf d'Aro. Compact, r\u00e9sistant et facile \u00e0 transporter (34 x 13 cm).","breadcrumb":{"@id":"https:\/\/www.golfdaro.com\/fr\/producto\/sac-a-chaussures-barcelone\/#breadcrumb"},"inLanguage":"fr-FR","potentialAction":[{"@type":"ReadAction","target":["https:\/\/www.golfdaro.com\/fr\/producto\/sac-a-chaussures-barcelone\/"]}]},{"@type":"ImageObject","inLanguage":"fr-FR","@id":"https:\/\/www.golfdaro.com\/fr\/producto\/sac-a-chaussures-barcelone\/#primaryimage","url":"https:\/\/www.golfdaro.com\/wp-content\/uploads\/2023\/02\/Bolso-de-zapatos-Barcelona-1.png","contentUrl":"https:\/\/www.golfdaro.com\/wp-content\/uploads\/2023\/02\/Bolso-de-zapatos-Barcelona-1.png","width":600,"height":400,"caption":"bolso de zapatos"},{"@type":"BreadcrumbList","@id":"https:\/\/www.golfdaro.com\/fr\/producto\/sac-a-chaussures-barcelone\/#breadcrumb","itemListElement":[{"@type":"ListItem","position":1,"name":"Portada","item":"https:\/\/www.golfdaro.com\/fr\/"},{"@type":"ListItem","position":2,"name":"Produits","item":"https:\/\/www.golfdaro.com\/fr\/shop\/"},{"@type":"ListItem","position":3,"name":"Sac \u00e0 chaussures de golf de Barcelone"}]},{"@type":"WebSite","@id":"https:\/\/www.golfdaro.com\/fr\/#website","url":"https:\/\/www.golfdaro.com\/fr\/","name":"Club Golf d&#039;Aro","description":"Vistas Impresionantes. Sin interrupciones","publisher":{"@id":"https:\/\/www.golfdaro.com\/fr\/#organization"},"potentialAction":[{"@type":"SearchAction","target":{"@type":"EntryPoint","urlTemplate":"https:\/\/www.golfdaro.com\/fr\/?s={search_term_string}"},"query-input":{"@type":"PropertyValueSpecification","valueRequired":true,"valueName":"search_term_string"}}],"inLanguage":"fr-FR"},{"@type":"Organization","@id":"https:\/\/www.golfdaro.com\/fr\/#organization","name":"Club Golf d'Aro - Mas Nou","url":"https:\/\/www.golfdaro.com\/fr\/","logo":{"@type":"ImageObject","inLanguage":"fr-FR","@id":"https:\/\/www.golfdaro.com\/fr\/#\/schema\/logo\/image\/","url":"https:\/\/www.golfdaro.com\/wp-content\/uploads\/2021\/01\/Logo-Golf-Aro-transparent.png","contentUrl":"https:\/\/www.golfdaro.com\/wp-content\/uploads\/2021\/01\/Logo-Golf-Aro-transparent.png","width":100,"height":100,"caption":"Club Golf d'Aro - Mas Nou"},"image":{"@id":"https:\/\/www.golfdaro.com\/fr\/#\/schema\/logo\/image\/"},"sameAs":["https:\/\/www.facebook.com\/golfdaro\/","https:\/\/x.com\/golfdaro","https:\/\/www.instagram.com\/golfdaro\/","https:\/\/www.youtube.com\/channel\/UC728WxtMLhPa1qUCnMemzLQ"]}]}},"_links":{"self":[{"href":"https:\/\/www.golfdaro.com\/fr\/wp-json\/wp\/v2\/product\/28736","targetHints":{"allow":["GET"]}}],"collection":[{"href":"https:\/\/www.golfdaro.com\/fr\/wp-json\/wp\/v2\/product"}],"about":[{"href":"https:\/\/www.golfdaro.com\/fr\/wp-json\/wp\/v2\/types\/product"}],"version-history":[{"count":0,"href":"https:\/\/www.golfdaro.com\/fr\/wp-json\/wp\/v2\/product\/28736\/revisions"}],"wp:featuredmedia":[{"embeddable":true,"href":"https:\/\/www.golfdaro.com\/fr\/wp-json\/wp\/v2\/media\/28536"}],"wp:attachment":[{"href":"https:\/\/www.golfdaro.com\/fr\/wp-json\/wp\/v2\/media?parent=28736"}],"wp:term":[{"taxonomy":"product_brand","embeddable":true,"href":"https:\/\/www.golfdaro.com\/fr\/wp-json\/wp\/v2\/product_brand?post=28736"},{"taxonomy":"product_cat","embeddable":true,"href":"https:\/\/www.golfdaro.com\/fr\/wp-json\/wp\/v2\/product_cat?post=28736"},{"taxonomy":"product_tag","embeddable":true,"href":"https:\/\/www.golfdaro.com\/fr\/wp-json\/wp\/v2\/product_tag?post=28736"},{"taxonomy":"giftcard-category","embeddable":true,"href":"https:\/\/www.golfdaro.com\/fr\/wp-json\/wp\/v2\/giftcard-category?post=28736"}],"curies":[{"name":"wp","href":"https:\/\/api.w.org\/{rel}","templated":true}]}}