{"id":819,"date":"2021-02-18T22:36:08","date_gmt":"2021-02-18T21:36:08","guid":{"rendered":"https:\/\/www.golfdaro.com\/politique-de-confidentialite\/"},"modified":"2025-01-08T12:10:41","modified_gmt":"2025-01-08T11:10:41","slug":"politique-de-confidentialite","status":"publish","type":"page","link":"https:\/\/www.golfdaro.com\/fr\/politique-de-confidentialite\/","title":{"rendered":"Politique de confidentialit\u00e9"},"content":{"rendered":"\t\t<div data-elementor-type=\"wp-page\" data-elementor-id=\"819\" class=\"elementor elementor-819 elementor-3\" data-elementor-post-type=\"page\">\n\t\t\t\t\t\t<section class=\"elementor-section elementor-top-section elementor-element elementor-element-48250729 elementor-section-boxed elementor-section-height-default elementor-section-height-default\" data-id=\"48250729\" data-element_type=\"section\" data-e-type=\"section\">\n\t\t\t\t\t\t<div class=\"elementor-container elementor-column-gap-default\">\n\t\t\t\t\t<div class=\"elementor-column elementor-col-100 elementor-top-column elementor-element elementor-element-fb248bd\" data-id=\"fb248bd\" data-element_type=\"column\" data-e-type=\"column\">\n\t\t\t<div class=\"elementor-widget-wrap elementor-element-populated\">\n\t\t\t\t\t\t<div class=\"elementor-element elementor-element-78437e52 elementor-widget elementor-widget-text-editor\" data-id=\"78437e52\" data-element_type=\"widget\" data-e-type=\"widget\" data-widget_type=\"text-editor.default\">\n\t\t\t\t<div class=\"elementor-widget-container\">\n\t\t\t\t\t\t\t\t\t<h3>Politique de confidentialit\u00e9 et de protection des donn\u00e9es<\/h3>\n<p>Le responsable du traitement des donn\u00e9es personnelles CLUB GOLF D&rsquo;ARO &#8211; MAS NOU et son site Internet sont g\u00e9r\u00e9s par la soci\u00e9t\u00e9 MONSIERRA GESTI\u00d3N, S.L., avec CIF: B56136690 et avec domicile fiscal \u00e0 Tavern, 3 &#8211; 08021 Barcelone, Espagne.<\/p>\n<p>Chez MONSIERRA GESTI\u00d3N, S.L., nous comprenons que l&rsquo;utilisation de vos donn\u00e9es personnelles n\u00e9cessite votre confiance. Nous sommes tenus de respecter les normes de confidentialit\u00e9 et de n&rsquo;utiliser vos donn\u00e9es personnelles qu&rsquo;\u00e0 des fins clairement identifi\u00e9es et conform\u00e9ment \u00e0 vos droits en mati\u00e8re de protection des donn\u00e9es.<\/p>\n<p>Cette politique de confidentialit\u00e9 et de protection des donn\u00e9es personnelles a \u00e9t\u00e9 cr\u00e9\u00e9e pour vous aider \u00e0 comprendre les pratiques et les conditions dans lesquelles MONSIERRA GESTI\u00d3N, S.L. recueille, utilise et stocke vos donn\u00e9es personnelles. Les lois et r\u00e9glementations relatives \u00e0 la technologie et \u00e0 la protection des donn\u00e9es personnelles \u00e9tant en constante \u00e9volution, la pr\u00e9sente politique peut \u00eatre mise \u00e0 jour de temps \u00e0 autre.<\/p>\n<p>En acc\u00e9dant au site web ou en l&rsquo;utilisant, vous acceptez cette politique de confidentialit\u00e9. Si, pour quelque raison que ce soit, vous n&rsquo;acceptez pas nos conditions et pr\u00e9f\u00e9rez supprimer votre compte, vous pouvez le faire en suivant les m\u00e9thodes expliqu\u00e9es ci-dessous. Cette politique s&rsquo;applique aux informations que nous recueillons:<\/p>\n<ul>\n<li>Sur ou \u00e0 travers notre site web.<\/li>\n<li>Dans le cadre de vos communications avec CLUB GOLF D&rsquo;ARO -MAS NOU par courrier \u00e9lectronique ou tout autre service de messagerie \u00e9lectronique.<\/li>\n<li>Lorsque vous effectuez une r\u00e9servation en ligne.\u00c7<\/li>\n<li>Lorsque vous vous inscrivez pour recevoir nos bulletins d&rsquo;information.<\/li>\n<\/ul>\n<p>Toutes les donn\u00e9es personnelles seront conserv\u00e9es pendant la p\u00e9riode l\u00e9galement obligatoire, en respectant leur conservation et les garanties de confidentialit\u00e9 recommand\u00e9es par le RGPD (R\u00e8glement g\u00e9n\u00e9ral de protection des donn\u00e9es).<\/p>\n<p><strong>Quelles sont les donn\u00e9es collect\u00e9es ?<\/strong><\/p>\n<p>En fonction de la nature et de l&rsquo;objectif de votre interaction avec CLUB GOLF D&rsquo;ARO &#8211; MAS NOU, nous pouvons collecter les donn\u00e9es suivantes:<\/p>\n<ul>\n<li>ADRESSE \u00c9LECTRONIQUE &#8211; elle doit \u00eatre fournie si vous souhaitez cr\u00e9er un compte d&rsquo;utilisateur, communiquer avec nous en utilisant les formulaires de contact et\/ou recevoir nos bulletins d&rsquo;information,<\/li>\n<li>DONN\u00c9ES D&rsquo;IDENTIFICATION &#8211; telles que le nom, le mot de passe, la date de naissance et le t\u00e9l\u00e9phone, qui peuvent \u00eatre demand\u00e9es dans les formulaires de contact ou d&rsquo;enregistrement de compte et qui sont utilis\u00e9es pour le traitement des r\u00e9servations ou des commandes,<\/li>\n<li>HISTORIQUE CLIENT &#8211; en particulier sur les demandes effectu\u00e9es, le statut des r\u00e9servations, les achats ou les commandes, les r\u00e9clamations, les remboursements, les bons d&rsquo;achat attribu\u00e9s, les messages \u00e9chang\u00e9s, etc.<\/li>\n<li>DONN\u00c9ES DE NAVIGATION &#8211; li\u00e9es \u00e0 la mani\u00e8re dont vous utilisez le site web, notamment : adresse IP, navigateur utilis\u00e9, dur\u00e9e de la navigation, historique des recherches, syst\u00e8me d&rsquo;exploitation utilis\u00e9, langue et pages consult\u00e9es,<\/li>\n<li>DONN\u00c9ES DE VISITE DU SITE &#8211; y compris les cookies, les donn\u00e9es de trafic, les fichiers journaux et les donn\u00e9es de communication ou les ressources utilis\u00e9es par vous lorsque vous acc\u00e9dez \u00e0 notre site web,<\/li>\n<li>DONN\u00c9ES RELATIVES AU TRAITEMENT DES COMMANDES &#8211; telles que l&rsquo;adresse, le num\u00e9ro d&rsquo;identification fiscale et les informations bancaires, qui sont n\u00e9cessaires aux fins des transitions dans les processus de r\u00e9servation, d&rsquo;achat et de paiement et\/ou de facturation.<\/li>\n<\/ul>\n<p><strong>Qui a acc\u00e8s aux donn\u00e9es ?<\/strong><\/p>\n<p>Afin de garantir une s\u00e9curit\u00e9 et une confidentialit\u00e9 maximales \u00e0 nos clients, les donn\u00e9es collect\u00e9es sont trait\u00e9es et consult\u00e9es de mani\u00e8re limit\u00e9e par les employ\u00e9s de la soci\u00e9t\u00e9, sur la base du \u00ab besoin de savoir \u00bb et uniquement dans le cadre des objectifs communiqu\u00e9s ci-dessus.<\/p>\n<p>Afin de remplir nos obligations de traitement et de r\u00e9pondre aux demandes, nous pouvons \u00eatre amen\u00e9s \u00e0 partager vos donn\u00e9es avec des entit\u00e9s associ\u00e9es \u00e0 MONSIERRA GESTI\u00d3N S.L., en gardant toujours \u00e0 l&rsquo;esprit de ne partager que les donn\u00e9es strictement n\u00e9cessaires avec le moins d&rsquo;entit\u00e9s possible.<\/p>\n<p><strong>S\u00e9curit\u00e9 des donn\u00e9es<\/strong><\/p>\n<p>Bien que la transmission de donn\u00e9es sur Internet ou sur un site web ne puisse pas garantir une s\u00e9curit\u00e9 totale contre les intrusions, nous, ainsi que nos prestataires de services et nos partenaires commerciaux, nous effor\u00e7ons de mettre en \u0153uvre et de maintenir des mesures de s\u00e9curit\u00e9 physiques, \u00e9lectroniques et proc\u00e9durales con\u00e7ues pour prot\u00e9ger vos donn\u00e9es \u00e0 caract\u00e8re personnel conform\u00e9ment aux exigences applicables en mati\u00e8re de protection des donn\u00e9es. Nous avons notamment mis en place les mesures suivantes<\/p>\n<ul>\n<li>Acc\u00e8s limit\u00e9 \u00e0 vos donn\u00e9es personnelles et uniquement dans le cadre des objectifs communiqu\u00e9s,<\/li>\n<li>Protection des syst\u00e8mes informatiques par des pare-feu afin d&#8217;emp\u00eacher tout acc\u00e8s non autoris\u00e9 \u00e0 vos donn\u00e9es personnelles,<\/li>\n<li>Contr\u00f4le permanent de l&rsquo;acc\u00e8s aux syst\u00e8mes informatiques afin de pr\u00e9venir, de d\u00e9tecter et de dissuader toute utilisation abusive de vos donn\u00e9es \u00e0 caract\u00e8re personnel.<\/li>\n<\/ul>\n<p>La s\u00e9curit\u00e9 et la s\u00fbret\u00e9 de vos informations d\u00e9pendent \u00e9galement de vous. Si nous vous avons donn\u00e9 (ou si vous avez choisi) un mot de passe qui vous permet d&rsquo;acc\u00e9der \u00e0 certaines parties de notre site, vous \u00eates responsable de la confidentialit\u00e9 de ce mot de passe. Pour votre s\u00e9curit\u00e9, nous vous demandons de ne pas partager cette information avec qui que ce soit.<\/p>\n<p><strong>Droits de l&rsquo;utilisateur<\/strong><\/p>\n<p>Conform\u00e9ment aux dispositions de la l\u00e9gislation applicable en mati\u00e8re de protection des donn\u00e9es, en particulier le r\u00e8glement g\u00e9n\u00e9ral europ\u00e9en sur la protection des donn\u00e9es (RGPD) et la loi sur la protection des donn\u00e9es, vous disposez des droits suivants:<\/p>\n<ul>\n<li>DROIT D&rsquo;\u00caTRE INFORM\u00c9 &#8211; vous pouvez \u00e0 tout moment demander des informations suppl\u00e9mentaires sur l&rsquo;utilisation que nous faisons de vos donn\u00e9es \u00e0 caract\u00e8re personnel.<\/li>\n<li>DROIT D&rsquo;ACC\u00c8S ET DROIT DE RECTIFICATION DES DONN\u00c9ES &#8211; Vous pouvez exercer ce droit en nous contactant et en demandant la rectification \u00e0 tout moment. Nous pouvons refuser une demande de modification des informations si nous estimons que la modification violerait des exigences l\u00e9gales ou conduirait \u00e0 des informations inexactes,<\/li>\n<li>DROIT \u00c0 L&rsquo;OUBLI &#8211; vous pouvez demander la suppression de vos donn\u00e9es. Veuillez noter que nous ne pouvons exclure vos informations personnelles que si vous excluez \u00e9galement votre compte client.<\/li>\n<li>DROIT \u00c0 L&rsquo;INTERDICTION DE TRAITEMENT &#8211; vous pouvez limiter la mani\u00e8re dont nous utilisons vos donn\u00e9es \u00e0 caract\u00e8re personnel en demandant une utilisation exclusive pour un ou plusieurs services que nous pouvons vous fournir,<\/li>\n<li>DROIT \u00c0 LA TRANSPARENCE DES DONN\u00c9ES &#8211; vous pouvez obtenir une copie des donn\u00e9es \u00e0 caract\u00e8re personnel que vous nous avez fournies en vue de leur traitement par d&rsquo;autres responsables du traitement,<\/li>\n<li>DROIT DE RETRAIT &#8211; vous pouvez retirer votre consentement \u00e0 tout moment avec effet pour l&rsquo;avenir. Apr\u00e8s le retrait complet de vos d\u00e9clarations de consentement, vous ne serez plus contact\u00e9 et ne recevrez plus de communications aux fins d\u00e9crites dans la pr\u00e9sente politique de confidentialit\u00e9.<\/li>\n<li>DROITS CONCERNANT LE TRAITEMENT AUTOMATIQUE &#8211; en adaptant les d\u00e9finitions de votre propre navigateur, vous pouvez emp\u00eacher votre navigateur d&rsquo;accepter de nouveaux cookies, \u00eatre inform\u00e9 lorsque vous recevez un nouveau cookie ou d\u00e9sactiver les cookies que vous avez d\u00e9finis.<\/li>\n<\/ul>\n<p>L&rsquo;exercice de ces droits est soumis \u00e0 certaines exceptions destin\u00e9es \u00e0 sauvegarder l&rsquo;int\u00e9r\u00eat public (pr\u00e9vention ou d\u00e9tection de la criminalit\u00e9) ou nos int\u00e9r\u00eats (maintien du secret professionnel).<\/p>\n<p>Si vous exercez l&rsquo;un de ces droits, nous l&rsquo;analyserons et vous r\u00e9pondrons dans un d\u00e9lai de 30 jours.<\/p>\n<p><strong>Information et contact<\/strong><\/p>\n<p>Pour clarifier toute question, exercer les droits susmentionn\u00e9s ou faire des commentaires sur nos pratiques en mati\u00e8re de protection de la vie priv\u00e9e, veuillez nous contacter par les moyens suivants :<\/p>\n<ul>\n<li>E-MAIL &#8211; info@golfdaro.com<\/li>\n<li>ADRESSE &#8211; CLUB GOLF D&rsquo;ARO &#8211; MAS NOU, Urb. Mas Nou, s\/n &#8211; P.O. Box 429 &#8211; 17250 Platja d&rsquo;Aro (Girona) &#8211; Espagne.<\/li>\n<\/ul>\n<p>&nbsp;<\/p>\n\t\t\t\t\t\t\t\t<\/div>\n\t\t\t\t<\/div>\n\t\t\t\t\t<\/div>\n\t\t<\/div>\n\t\t\t\t\t<\/div>\n\t\t<\/section>\n\t\t\t\t<\/div>\n\t\t","protected":false},"excerpt":{"rendered":"<p>Politique de confidentialit\u00e9 et de protection des donn\u00e9es Le responsable du traitement des donn\u00e9es personnelles CLUB GOLF D&rsquo;ARO &#8211; MAS NOU et son site Internet sont g\u00e9r\u00e9s par la soci\u00e9t\u00e9 MONSIERRA GESTI\u00d3N, S.L., avec CIF: B56136690 et avec domicile fiscal &hellip; <a href=\"https:\/\/www.golfdaro.com\/fr\/politique-de-confidentialite\/\">Read More<\/a><\/p>\n","protected":false},"author":1,"featured_media":0,"parent":0,"menu_order":14,"comment_status":"closed","ping_status":"closed","template":"","meta":{"_eb_attr":"","footnotes":""},"class_list":["post-819","page","type-page","status-publish","hentry"],"yoast_head":"<!-- This site is optimized with the Yoast SEO plugin v27.4 - https:\/\/yoast.com\/product\/yoast-seo-wordpress\/ -->\n<title>Politique de confidentialit\u00e9 - Club Golf d&#039;Aro<\/title>\n<meta name=\"robots\" content=\"noindex, nofollow\" \/>\n<meta property=\"og:locale\" content=\"fr_FR\" \/>\n<meta property=\"og:type\" content=\"article\" \/>\n<meta property=\"og:title\" content=\"Politique de confidentialit\u00e9 - Club Golf d&#039;Aro\" \/>\n<meta property=\"og:description\" content=\"Politique de confidentialit\u00e9 et de protection des donn\u00e9es Le responsable du traitement des donn\u00e9es personnelles CLUB GOLF D&rsquo;ARO &#8211; MAS NOU et son site Internet sont g\u00e9r\u00e9s par la soci\u00e9t\u00e9 MONSIERRA GESTI\u00d3N, S.L., avec CIF: B56136690 et avec domicile fiscal &hellip; Read More\" \/>\n<meta property=\"og:url\" content=\"https:\/\/www.golfdaro.com\/fr\/politique-de-confidentialite\/\" \/>\n<meta property=\"og:site_name\" content=\"Club Golf d&#039;Aro\" \/>\n<meta property=\"article:publisher\" content=\"https:\/\/www.facebook.com\/golfdaro\/\" \/>\n<meta property=\"article:modified_time\" content=\"2025-01-08T11:10:41+00:00\" \/>\n<meta name=\"twitter:card\" content=\"summary_large_image\" \/>\n<meta name=\"twitter:site\" content=\"@golfdaro\" \/>\n<meta name=\"twitter:label1\" content=\"Dur\u00e9e de lecture estim\u00e9e\" \/>\n\t<meta name=\"twitter:data1\" content=\"7 minutes\" \/>\n<script type=\"application\/ld+json\" class=\"yoast-schema-graph\">{\"@context\":\"https:\\\/\\\/schema.org\",\"@graph\":[{\"@type\":\"WebPage\",\"@id\":\"https:\\\/\\\/www.golfdaro.com\\\/fr\\\/politique-de-confidentialite\\\/\",\"url\":\"https:\\\/\\\/www.golfdaro.com\\\/fr\\\/politique-de-confidentialite\\\/\",\"name\":\"Politique de confidentialit\u00e9 - Club Golf d&#039;Aro\",\"isPartOf\":{\"@id\":\"https:\\\/\\\/www.golfdaro.com\\\/fr\\\/#website\"},\"datePublished\":\"2021-02-18T21:36:08+00:00\",\"dateModified\":\"2025-01-08T11:10:41+00:00\",\"breadcrumb\":{\"@id\":\"https:\\\/\\\/www.golfdaro.com\\\/fr\\\/politique-de-confidentialite\\\/#breadcrumb\"},\"inLanguage\":\"fr-FR\",\"potentialAction\":[{\"@type\":\"ReadAction\",\"target\":[\"https:\\\/\\\/www.golfdaro.com\\\/fr\\\/politique-de-confidentialite\\\/\"]}]},{\"@type\":\"BreadcrumbList\",\"@id\":\"https:\\\/\\\/www.golfdaro.com\\\/fr\\\/politique-de-confidentialite\\\/#breadcrumb\",\"itemListElement\":[{\"@type\":\"ListItem\",\"position\":1,\"name\":\"Portada\",\"item\":\"https:\\\/\\\/www.golfdaro.com\\\/fr\\\/\"},{\"@type\":\"ListItem\",\"position\":2,\"name\":\"Politique de confidentialit\u00e9\"}]},{\"@type\":\"WebSite\",\"@id\":\"https:\\\/\\\/www.golfdaro.com\\\/fr\\\/#website\",\"url\":\"https:\\\/\\\/www.golfdaro.com\\\/fr\\\/\",\"name\":\"Club Golf d&#039;Aro\",\"description\":\"Vistas Impresionantes. Sin interrupciones\",\"publisher\":{\"@id\":\"https:\\\/\\\/www.golfdaro.com\\\/fr\\\/#organization\"},\"potentialAction\":[{\"@type\":\"SearchAction\",\"target\":{\"@type\":\"EntryPoint\",\"urlTemplate\":\"https:\\\/\\\/www.golfdaro.com\\\/fr\\\/?s={search_term_string}\"},\"query-input\":{\"@type\":\"PropertyValueSpecification\",\"valueRequired\":true,\"valueName\":\"search_term_string\"}}],\"inLanguage\":\"fr-FR\"},{\"@type\":\"Organization\",\"@id\":\"https:\\\/\\\/www.golfdaro.com\\\/fr\\\/#organization\",\"name\":\"Club Golf d'Aro - Mas Nou\",\"url\":\"https:\\\/\\\/www.golfdaro.com\\\/fr\\\/\",\"logo\":{\"@type\":\"ImageObject\",\"inLanguage\":\"fr-FR\",\"@id\":\"https:\\\/\\\/www.golfdaro.com\\\/fr\\\/#\\\/schema\\\/logo\\\/image\\\/\",\"url\":\"https:\\\/\\\/www.golfdaro.com\\\/wp-content\\\/uploads\\\/2021\\\/01\\\/Logo-Golf-Aro-transparent.png\",\"contentUrl\":\"https:\\\/\\\/www.golfdaro.com\\\/wp-content\\\/uploads\\\/2021\\\/01\\\/Logo-Golf-Aro-transparent.png\",\"width\":100,\"height\":100,\"caption\":\"Club Golf d'Aro - Mas Nou\"},\"image\":{\"@id\":\"https:\\\/\\\/www.golfdaro.com\\\/fr\\\/#\\\/schema\\\/logo\\\/image\\\/\"},\"sameAs\":[\"https:\\\/\\\/www.facebook.com\\\/golfdaro\\\/\",\"https:\\\/\\\/x.com\\\/golfdaro\",\"https:\\\/\\\/www.instagram.com\\\/golfdaro\\\/\",\"https:\\\/\\\/www.youtube.com\\\/channel\\\/UC728WxtMLhPa1qUCnMemzLQ\"]}]}<\/script>\n<!-- \/ Yoast SEO plugin. -->","yoast_head_json":{"title":"Politique de confidentialit\u00e9 - Club Golf d&#039;Aro","robots":{"index":"noindex","follow":"nofollow"},"og_locale":"fr_FR","og_type":"article","og_title":"Politique de confidentialit\u00e9 - Club Golf d&#039;Aro","og_description":"Politique de confidentialit\u00e9 et de protection des donn\u00e9es Le responsable du traitement des donn\u00e9es personnelles CLUB GOLF D&rsquo;ARO &#8211; MAS NOU et son site Internet sont g\u00e9r\u00e9s par la soci\u00e9t\u00e9 MONSIERRA GESTI\u00d3N, S.L., avec CIF: B56136690 et avec domicile fiscal &hellip; Read More","og_url":"https:\/\/www.golfdaro.com\/fr\/politique-de-confidentialite\/","og_site_name":"Club Golf d&#039;Aro","article_publisher":"https:\/\/www.facebook.com\/golfdaro\/","article_modified_time":"2025-01-08T11:10:41+00:00","twitter_card":"summary_large_image","twitter_site":"@golfdaro","twitter_misc":{"Dur\u00e9e de lecture estim\u00e9e":"7 minutes"},"schema":{"@context":"https:\/\/schema.org","@graph":[{"@type":"WebPage","@id":"https:\/\/www.golfdaro.com\/fr\/politique-de-confidentialite\/","url":"https:\/\/www.golfdaro.com\/fr\/politique-de-confidentialite\/","name":"Politique de confidentialit\u00e9 - Club Golf d&#039;Aro","isPartOf":{"@id":"https:\/\/www.golfdaro.com\/fr\/#website"},"datePublished":"2021-02-18T21:36:08+00:00","dateModified":"2025-01-08T11:10:41+00:00","breadcrumb":{"@id":"https:\/\/www.golfdaro.com\/fr\/politique-de-confidentialite\/#breadcrumb"},"inLanguage":"fr-FR","potentialAction":[{"@type":"ReadAction","target":["https:\/\/www.golfdaro.com\/fr\/politique-de-confidentialite\/"]}]},{"@type":"BreadcrumbList","@id":"https:\/\/www.golfdaro.com\/fr\/politique-de-confidentialite\/#breadcrumb","itemListElement":[{"@type":"ListItem","position":1,"name":"Portada","item":"https:\/\/www.golfdaro.com\/fr\/"},{"@type":"ListItem","position":2,"name":"Politique de confidentialit\u00e9"}]},{"@type":"WebSite","@id":"https:\/\/www.golfdaro.com\/fr\/#website","url":"https:\/\/www.golfdaro.com\/fr\/","name":"Club Golf d&#039;Aro","description":"Vistas Impresionantes. Sin interrupciones","publisher":{"@id":"https:\/\/www.golfdaro.com\/fr\/#organization"},"potentialAction":[{"@type":"SearchAction","target":{"@type":"EntryPoint","urlTemplate":"https:\/\/www.golfdaro.com\/fr\/?s={search_term_string}"},"query-input":{"@type":"PropertyValueSpecification","valueRequired":true,"valueName":"search_term_string"}}],"inLanguage":"fr-FR"},{"@type":"Organization","@id":"https:\/\/www.golfdaro.com\/fr\/#organization","name":"Club Golf d'Aro - Mas Nou","url":"https:\/\/www.golfdaro.com\/fr\/","logo":{"@type":"ImageObject","inLanguage":"fr-FR","@id":"https:\/\/www.golfdaro.com\/fr\/#\/schema\/logo\/image\/","url":"https:\/\/www.golfdaro.com\/wp-content\/uploads\/2021\/01\/Logo-Golf-Aro-transparent.png","contentUrl":"https:\/\/www.golfdaro.com\/wp-content\/uploads\/2021\/01\/Logo-Golf-Aro-transparent.png","width":100,"height":100,"caption":"Club Golf d'Aro - Mas Nou"},"image":{"@id":"https:\/\/www.golfdaro.com\/fr\/#\/schema\/logo\/image\/"},"sameAs":["https:\/\/www.facebook.com\/golfdaro\/","https:\/\/x.com\/golfdaro","https:\/\/www.instagram.com\/golfdaro\/","https:\/\/www.youtube.com\/channel\/UC728WxtMLhPa1qUCnMemzLQ"]}]}},"_links":{"self":[{"href":"https:\/\/www.golfdaro.com\/fr\/wp-json\/wp\/v2\/pages\/819","targetHints":{"allow":["GET"]}}],"collection":[{"href":"https:\/\/www.golfdaro.com\/fr\/wp-json\/wp\/v2\/pages"}],"about":[{"href":"https:\/\/www.golfdaro.com\/fr\/wp-json\/wp\/v2\/types\/page"}],"author":[{"embeddable":true,"href":"https:\/\/www.golfdaro.com\/fr\/wp-json\/wp\/v2\/users\/1"}],"replies":[{"embeddable":true,"href":"https:\/\/www.golfdaro.com\/fr\/wp-json\/wp\/v2\/comments?post=819"}],"version-history":[{"count":0,"href":"https:\/\/www.golfdaro.com\/fr\/wp-json\/wp\/v2\/pages\/819\/revisions"}],"wp:attachment":[{"href":"https:\/\/www.golfdaro.com\/fr\/wp-json\/wp\/v2\/media?parent=819"}],"curies":[{"name":"wp","href":"https:\/\/api.w.org\/{rel}","templated":true}]}}