{"id":794,"date":"2021-02-18T22:22:45","date_gmt":"2021-02-18T21:22:45","guid":{"rendered":"https:\/\/www.golfdaro.com\/avis-juridique\/"},"modified":"2025-01-08T13:48:53","modified_gmt":"2025-01-08T12:48:53","slug":"avis-juridique","status":"publish","type":"page","link":"https:\/\/www.golfdaro.com\/fr\/avis-juridique\/","title":{"rendered":"Avis juridique"},"content":{"rendered":"\t\t<div data-elementor-type=\"wp-page\" data-elementor-id=\"794\" class=\"elementor elementor-794 elementor-606\" data-elementor-post-type=\"page\">\n\t\t\t\t\t\t<section class=\"elementor-section elementor-top-section elementor-element elementor-element-85fd060 elementor-section-boxed elementor-section-height-default elementor-section-height-default\" data-id=\"85fd060\" data-element_type=\"section\" data-e-type=\"section\">\n\t\t\t\t\t\t<div class=\"elementor-container elementor-column-gap-default\">\n\t\t\t\t\t<div class=\"elementor-column elementor-col-100 elementor-top-column elementor-element elementor-element-edcf7ed\" data-id=\"edcf7ed\" data-element_type=\"column\" data-e-type=\"column\">\n\t\t\t<div class=\"elementor-widget-wrap elementor-element-populated\">\n\t\t\t\t\t\t<div class=\"elementor-element elementor-element-34cd538 elementor-widget elementor-widget-spacer\" data-id=\"34cd538\" data-element_type=\"widget\" data-e-type=\"widget\" data-widget_type=\"spacer.default\">\n\t\t\t\t<div class=\"elementor-widget-container\">\n\t\t\t\t\t\t\t<div class=\"elementor-spacer\">\n\t\t\t<div class=\"elementor-spacer-inner\"><\/div>\n\t\t<\/div>\n\t\t\t\t\t\t<\/div>\n\t\t\t\t<\/div>\n\t\t\t\t<div class=\"elementor-element elementor-element-619aa602 elementor-widget elementor-widget-text-editor\" data-id=\"619aa602\" data-element_type=\"widget\" data-e-type=\"widget\" data-widget_type=\"text-editor.default\">\n\t\t\t\t<div class=\"elementor-widget-container\">\n\t\t\t\t\t\t\t\t\t<h2>Propri\u00e9taire du site web et coordonn\u00e9es<\/h2>\n<p>www.golfdaro.com est un domaine Internet appartenant \u00e0\u00a0 MONSIERRA GESTION, S.L. avec CIF\/NIF: CB56-13690 (ci-apr\u00e8s, \u00ab CLUB GOLF D&rsquo;ARO &#8211; MAS NOU \u00bb), et dont le si\u00e8ge social est situ\u00e9 Carrer de Tavern, 3, 08021, Barcelone (Espagne). Inscrite au registre du commerce de Barcelone, sous le num\u00e9ro 43059, folio 213, feuille B 419980, inscription 1.<\/p>\n<p>Le but du site web est commercial et informatif, en tant qu&rsquo;outil de contact.<\/p>\n<p>Vous pouvez nous contacter :<\/p>\n<ul>\n<li aria-level=\"1\">Par t\u00e9l\u00e9phone : 972 816 727<\/li>\n<\/ul>\n<ul>\n<li aria-level=\"1\">Par courriel, en \u00e9crivant \u00e0 : <a href=\"about:blank\">info@golfdaro.com<\/a><\/li>\n<\/ul>\n<ul>\n<li aria-level=\"1\">Par \u00e9crit, s&rsquo;adressant \u00e0 Urb. Mas Nou, s\/n \u2013 P.O. Box 429 \u2013 17250 Platja d&rsquo;Aro (G\u00e9rone) \u2013 Espagne.<\/li>\n<\/ul>\n<p>Pour toute clarification, n&rsquo;h\u00e9sitez pas \u00e0 nous contacter.<\/p>\n<h3>Conditions d&rsquo;utilisation du site web<\/h3>\n<p>Les pr\u00e9sentes conditions g\u00e9n\u00e9rales d&rsquo;utilisation r\u00e9gissent l&rsquo;acc\u00e8s \u00e0 ce site web par les clients du CLUB GOLF D&rsquo;ARO &#8211; MAS NOU et les autres internautes. Par la simple utilisation de ce site web, l&rsquo;utilisateur exprime son acceptation sans r\u00e9serve des pr\u00e9sentes conditions d&rsquo;utilisation.<\/p>\n<p>CLUB GOLF D&rsquo;ARO &#8211; MAS NOU se r\u00e9serve le droit unilat\u00e9ral de modifier les pr\u00e9sentes conditions d&rsquo;acc\u00e8s au site web, ainsi que les contenus qui y sont inclus.<\/p>\n<p>Si vous ne respectez pas ces conditions d&rsquo;utilisation, CLUB GOLF D&rsquo;ARO &#8211; MAS NOU peut mettre fin \u00e0 votre utilisation du site web, vous emp\u00eacher de l&rsquo;utiliser \u00e0 l&rsquo;avenir, annuler votre r\u00e9servation et\/ou engager les poursuites judiciaires correspondantes \u00e0 votre encontre.<\/p>\n<h3>Limitation et exclusion de responsabilit\u00e9<\/h3>\n<p>Le contenu de ce site web est de nature g\u00e9n\u00e9rale et a un but et des effets exclusivement informatifs. CLUB GOLF D&rsquo;ARO &#8211; MAS NOU d\u00e9cline toute responsabilit\u00e9 pour toute information non pr\u00e9par\u00e9e par elle ou publi\u00e9e en son nom d&rsquo;une mani\u00e8re non autoris\u00e9e par elle, ainsi que la responsabilit\u00e9 d\u00e9coulant de l&rsquo;utilisation abusive par des tiers des contenus.<\/p>\n<p>L&rsquo;utilisateur exon\u00e8re CLUB GOLF D&rsquo;ARO &#8211; MAS NOU de toute responsabilit\u00e9 pouvant d\u00e9couler des interruptions de disponibilit\u00e9 du site web, que ce soit en raison de dysfonctionnements du serveur web ou des applications, des infrastructures de communication, ou des logiciels et mat\u00e9riels utilis\u00e9s pour la navigation.<\/p>\n<p>En cas d&rsquo;inclusion de liens vers d&rsquo;autres pages web, CLUB GOLF D&rsquo;ARO &#8211; MAS NOU d\u00e9cline toute responsabilit\u00e9 li\u00e9e \u00e0 l&rsquo;acc\u00e8s et \u00e0 l&rsquo;utilisation de ces liens.<\/p>\n<h3>Propri\u00e9t\u00e9 intellectuelle et industrielle<\/h3>\n<p>L&rsquo;ensemble de ce site web est prot\u00e9g\u00e9 par les lois sur la propri\u00e9t\u00e9 intellectuelle et industrielle. Sauf indication contraire, les droits de propri\u00e9t\u00e9 intellectuelle sur ces contenus appartiennent exclusivement \u00e0 CLUB GOLF D&rsquo;ARO &#8211; MAS NOU. L&rsquo;utilisateur reconna\u00eet que l&rsquo;utilisation des contenus est strictement limit\u00e9e \u00e0 ses fins personnelles et que la reproduction, la distribution, la communication ou la transformation de ces \u0153uvres sans autorisation expresse constitue une violation des droits de propri\u00e9t\u00e9 intellectuelle.<\/p>\n<p>De m\u00eame, l&rsquo;utilisateur s&rsquo;abstiendra d&rsquo;utiliser les contenus et, en particulier, les informations de toute nature obtenues via le site Web pour envoyer de la publicit\u00e9, des communications \u00e0 des fins de vente directe ou \u00e0 tout autre type de finalit\u00e9 commerciale, des messages non sollicit\u00e9s adress\u00e9s \u00e0 une pluralit\u00e9 de personnes, quelle que soit leur finalit\u00e9. Il s&rsquo;abstiendra \u00e9galement de commercialiser ou de divulguer ces informations de quelque mani\u00e8re que ce soit.<\/p>\n<p>golfdaro.com&rsquo;est un domaine du CLUB GOLF D&rsquo;ARO &#8211; MAS NOU. Il ne peut \u00eatre utilis\u00e9, sauf autorisation expresse pr\u00e9alable, en relation avec d&rsquo;autres produits ou services qui ne sont pas de CLUB GOLF D&rsquo;ARO &#8211; MAS NOU d&rsquo;une mani\u00e8re qui pourrait semer la confusion chez nos clients ou discr\u00e9diter CLUB GOLF D&rsquo;ARO &#8211; MAS NOU.<\/p>\n<h3>Politique de cr\u00e9ation de liens vers ce site Web<\/h3>\n<p>Si un utilisateur, une entit\u00e9 ou un site web souhaite \u00e9tablir un lien vers ce site web, il doit en demander l&rsquo;autorisation avant la cr\u00e9ation du lien et par \u00e9crit.<\/p>\n<p>En outre, il n&rsquo;est autoris\u00e9 de cr\u00e9er un lien que vers la page d&rsquo;accueil du site web. Le lien doit \u00eatre absolu et complet, c&rsquo;est-\u00e0-dire qu&rsquo;il doit amener l&rsquo;utilisateur \u00e0 l&rsquo;adresse de CLUB GOLF D&rsquo;ARO &#8211; MAS NOU, couvrant compl\u00e8tement l&rsquo;extension de l&rsquo;\u00e9cran de la page qui contient le lien. En aucun cas, sauf autorisation expresse et \u00e9crite de CLUB GOLF D&rsquo;ARO &#8211; MAS NOU, la page qui \u00e9tablit le lien ne peut reproduire le site Web de CLUB GOLF D&rsquo;ARO &#8211; MAS NOU de quelque mani\u00e8re que ce soit, en l&rsquo;incluant dans le cadre de son site Web ou dans l&rsquo;un de ses cadres sur l&rsquo;une des pages ou contenus de ce site Web.<\/p>\n<p>Toute d\u00e9claration fausse, inexacte ou incorrecte sur les pages de ce site Web ou les services qui y sont propos\u00e9s ne sera pas incluse.<\/p>\n<p>Le lien ne contiendra aucune marque, nom commercial, enseigne d&rsquo;\u00e9tablissement, d\u00e9nomination, logo, slogan ou autres signes distinctifs appartenant \u00e0 CLUB GOLF D&rsquo;ARO &#8211; MAS NOU.<\/p>\n<p>En aucun cas, CLUB GOLF D&rsquo;ARO &#8211; MAS NOU ne sera responsable du contenu ou des services mis \u00e0 la disposition du public sur le site Web \u00e0 partir duquel l&rsquo;hyperlien est \u00e9tabli, ni des informations ou d\u00e9clarations qui y sont incluses.<\/p>\n<h3>Protection des donn\u00e9es personnelles<\/h3>\n<p>L&rsquo;utilisation de ce site web et de ses formulaires n\u00e9cessite l&rsquo;acceptation du traitement des donn\u00e9es de l&rsquo;utilisateur sous la responsabilit\u00e9 d&rsquo;EAGLE GOLF MANAGEMENT, S.L., \u00e0 des fins qui incluent la mise \u00e0 disposition du site web, la collecte de donn\u00e9es d&rsquo;acc\u00e8s et l&rsquo;envoi d&rsquo;informations commerciales par voie \u00e9lectronique, dans certains cas.<\/p>\n<p>Veuillez lire attentivement la politique de confidentialit\u00e9 pour obtenir des informations suppl\u00e9mentaires et d\u00e9taill\u00e9es, notamment sur la mani\u00e8re dont nous utilisons les donn\u00e9es des utilisateurs et sur la mani\u00e8re d&rsquo;exercer vos droits d&rsquo;acc\u00e8s, de rectification, de suppression, d&rsquo;opposition et d&rsquo;autres droits en mati\u00e8re de protection des donn\u00e9es.<\/p>\n<h3>Cookies<\/h3>\n<p>Ce site web utilise ses propres cookies et ceux de tiers \u00e0 diverses fins, notamment des analyses et des publicit\u00e9s adapt\u00e9es aux int\u00e9r\u00eats de l&rsquo;utilisateur. La simple utilisation de ce site web avec des cookies activ\u00e9s dans le navigateur implique l&rsquo;acceptation de leur traitement conform\u00e9ment \u00e0 notre politique de cookies.<\/p>\n<p>Veuillez lire attentivement notre politique en mati\u00e8re de cookies pour en savoir plus sur les types de cookies utilis\u00e9s et sur la mani\u00e8re de les bloquer et de les supprimer dans votre navigateur.<\/p>\n<h3>Pr\u00e9valence de la version espagnole<\/h3>\n<p>Dans le cas o\u00f9 les pr\u00e9sentes mentions l\u00e9gales seraient traduites dans d&rsquo;autres langues, en cas de divergence, la version espagnole pr\u00e9vaudra.<\/p>\n<h3>L\u00e9gislation applicable et juridiction<\/h3>\n<p>Le pr\u00e9sent avis juridique ainsi que les relations entre CLUB GOLF D&rsquo;ARO &#8211; MAS NOU et les utilisateurs, seront r\u00e9gis par la r\u00e9glementation espagnole en vigueur et tout litige sera soumis aux Cours et Tribunaux de BARCELONE, sauf dans le cas des consommateurs et des utilisateurs qui seront soumis \u00e0 la juridiction obligatoire des tribunaux correspondant \u00e0 leur domicile.<\/p>\n<h5>\u00a9 2024\u00a0 MONSIERRA GESTI\u00d3N S.L.<\/h5>\n\t\t\t\t\t\t\t\t<\/div>\n\t\t\t\t<\/div>\n\t\t\t\t\t<\/div>\n\t\t<\/div>\n\t\t\t\t\t<\/div>\n\t\t<\/section>\n\t\t<div class=\"elementor-element elementor-element-3d6a8af e-flex e-con-boxed e-con e-parent\" data-id=\"3d6a8af\" data-element_type=\"container\" data-e-type=\"container\">\n\t\t\t\t\t<div class=\"e-con-inner\">\n\t\t\t\t<div class=\"elementor-element elementor-element-043abf4 elementor-widget elementor-widget-spacer\" data-id=\"043abf4\" data-element_type=\"widget\" data-e-type=\"widget\" data-widget_type=\"spacer.default\">\n\t\t\t\t<div class=\"elementor-widget-container\">\n\t\t\t\t\t\t\t<div class=\"elementor-spacer\">\n\t\t\t<div class=\"elementor-spacer-inner\"><\/div>\n\t\t<\/div>\n\t\t\t\t\t\t<\/div>\n\t\t\t\t<\/div>\n\t\t\t\t\t<\/div>\n\t\t\t\t<\/div>\n\t\t\t\t<\/div>\n\t\t","protected":false},"excerpt":{"rendered":"<p>Propri\u00e9taire du site web et coordonn\u00e9es www.golfdaro.com est un domaine Internet appartenant \u00e0\u00a0 MONSIERRA GESTION, S.L. avec CIF\/NIF: CB56-13690 (ci-apr\u00e8s, \u00ab CLUB GOLF D&rsquo;ARO &#8211; MAS NOU \u00bb), et dont le si\u00e8ge social est situ\u00e9 Carrer de Tavern, 3, 08021, &hellip; <a href=\"https:\/\/www.golfdaro.com\/fr\/avis-juridique\/\">Read More<\/a><\/p>\n","protected":false},"author":1,"featured_media":0,"parent":0,"menu_order":65,"comment_status":"closed","ping_status":"closed","template":"","meta":{"_eb_attr":"","footnotes":""},"class_list":["post-794","page","type-page","status-publish","hentry"],"yoast_head":"<!-- This site is optimized with the Yoast SEO plugin v27.4 - https:\/\/yoast.com\/product\/yoast-seo-wordpress\/ -->\n<title>Avis juridique - Club Golf d&#039;Aro<\/title>\n<meta name=\"description\" content=\"CLUB GOLF D&#039;ARO \u00e9tablit dans ses mentions l\u00e9gales les conditions et modalit\u00e9s conform\u00e9ment \u00e0 la r\u00e9glementation en vigueur sur la protection des donn\u00e9es ...\" \/>\n<meta name=\"robots\" content=\"noindex, nofollow\" \/>\n<meta property=\"og:locale\" content=\"fr_FR\" \/>\n<meta property=\"og:type\" content=\"article\" \/>\n<meta property=\"og:title\" content=\"Avis juridique - Club Golf d&#039;Aro\" \/>\n<meta property=\"og:description\" content=\"CLUB GOLF D&#039;ARO \u00e9tablit dans ses mentions l\u00e9gales les conditions et modalit\u00e9s conform\u00e9ment \u00e0 la r\u00e9glementation en vigueur sur la protection des donn\u00e9es ...\" \/>\n<meta property=\"og:url\" content=\"https:\/\/www.golfdaro.com\/fr\/avis-juridique\/\" \/>\n<meta property=\"og:site_name\" content=\"Club Golf d&#039;Aro\" \/>\n<meta property=\"article:publisher\" content=\"https:\/\/www.facebook.com\/golfdaro\/\" \/>\n<meta property=\"article:modified_time\" content=\"2025-01-08T12:48:53+00:00\" \/>\n<meta name=\"twitter:card\" content=\"summary_large_image\" \/>\n<meta name=\"twitter:site\" content=\"@golfdaro\" \/>\n<meta name=\"twitter:label1\" content=\"Dur\u00e9e de lecture estim\u00e9e\" \/>\n\t<meta name=\"twitter:data1\" content=\"6 minutes\" \/>\n<script type=\"application\/ld+json\" class=\"yoast-schema-graph\">{\"@context\":\"https:\\\/\\\/schema.org\",\"@graph\":[{\"@type\":\"WebPage\",\"@id\":\"https:\\\/\\\/www.golfdaro.com\\\/fr\\\/avis-juridique\\\/\",\"url\":\"https:\\\/\\\/www.golfdaro.com\\\/fr\\\/avis-juridique\\\/\",\"name\":\"Avis juridique - Club Golf d&#039;Aro\",\"isPartOf\":{\"@id\":\"https:\\\/\\\/www.golfdaro.com\\\/fr\\\/#website\"},\"datePublished\":\"2021-02-18T21:22:45+00:00\",\"dateModified\":\"2025-01-08T12:48:53+00:00\",\"description\":\"CLUB GOLF D'ARO \u00e9tablit dans ses mentions l\u00e9gales les conditions et modalit\u00e9s conform\u00e9ment \u00e0 la r\u00e9glementation en vigueur sur la protection des donn\u00e9es ...\",\"breadcrumb\":{\"@id\":\"https:\\\/\\\/www.golfdaro.com\\\/fr\\\/avis-juridique\\\/#breadcrumb\"},\"inLanguage\":\"fr-FR\",\"potentialAction\":[{\"@type\":\"ReadAction\",\"target\":[\"https:\\\/\\\/www.golfdaro.com\\\/fr\\\/avis-juridique\\\/\"]}]},{\"@type\":\"BreadcrumbList\",\"@id\":\"https:\\\/\\\/www.golfdaro.com\\\/fr\\\/avis-juridique\\\/#breadcrumb\",\"itemListElement\":[{\"@type\":\"ListItem\",\"position\":1,\"name\":\"Portada\",\"item\":\"https:\\\/\\\/www.golfdaro.com\\\/fr\\\/\"},{\"@type\":\"ListItem\",\"position\":2,\"name\":\"Avis juridique\"}]},{\"@type\":\"WebSite\",\"@id\":\"https:\\\/\\\/www.golfdaro.com\\\/fr\\\/#website\",\"url\":\"https:\\\/\\\/www.golfdaro.com\\\/fr\\\/\",\"name\":\"Club Golf d&#039;Aro\",\"description\":\"Vistas Impresionantes. Sin interrupciones\",\"publisher\":{\"@id\":\"https:\\\/\\\/www.golfdaro.com\\\/fr\\\/#organization\"},\"potentialAction\":[{\"@type\":\"SearchAction\",\"target\":{\"@type\":\"EntryPoint\",\"urlTemplate\":\"https:\\\/\\\/www.golfdaro.com\\\/fr\\\/?s={search_term_string}\"},\"query-input\":{\"@type\":\"PropertyValueSpecification\",\"valueRequired\":true,\"valueName\":\"search_term_string\"}}],\"inLanguage\":\"fr-FR\"},{\"@type\":\"Organization\",\"@id\":\"https:\\\/\\\/www.golfdaro.com\\\/fr\\\/#organization\",\"name\":\"Club Golf d'Aro - Mas Nou\",\"url\":\"https:\\\/\\\/www.golfdaro.com\\\/fr\\\/\",\"logo\":{\"@type\":\"ImageObject\",\"inLanguage\":\"fr-FR\",\"@id\":\"https:\\\/\\\/www.golfdaro.com\\\/fr\\\/#\\\/schema\\\/logo\\\/image\\\/\",\"url\":\"https:\\\/\\\/www.golfdaro.com\\\/wp-content\\\/uploads\\\/2021\\\/01\\\/Logo-Golf-Aro-transparent.png\",\"contentUrl\":\"https:\\\/\\\/www.golfdaro.com\\\/wp-content\\\/uploads\\\/2021\\\/01\\\/Logo-Golf-Aro-transparent.png\",\"width\":100,\"height\":100,\"caption\":\"Club Golf d'Aro - Mas Nou\"},\"image\":{\"@id\":\"https:\\\/\\\/www.golfdaro.com\\\/fr\\\/#\\\/schema\\\/logo\\\/image\\\/\"},\"sameAs\":[\"https:\\\/\\\/www.facebook.com\\\/golfdaro\\\/\",\"https:\\\/\\\/x.com\\\/golfdaro\",\"https:\\\/\\\/www.instagram.com\\\/golfdaro\\\/\",\"https:\\\/\\\/www.youtube.com\\\/channel\\\/UC728WxtMLhPa1qUCnMemzLQ\"]}]}<\/script>\n<!-- \/ Yoast SEO plugin. -->","yoast_head_json":{"title":"Avis juridique - Club Golf d&#039;Aro","description":"CLUB GOLF D'ARO \u00e9tablit dans ses mentions l\u00e9gales les conditions et modalit\u00e9s conform\u00e9ment \u00e0 la r\u00e9glementation en vigueur sur la protection des donn\u00e9es ...","robots":{"index":"noindex","follow":"nofollow"},"og_locale":"fr_FR","og_type":"article","og_title":"Avis juridique - Club Golf d&#039;Aro","og_description":"CLUB GOLF D'ARO \u00e9tablit dans ses mentions l\u00e9gales les conditions et modalit\u00e9s conform\u00e9ment \u00e0 la r\u00e9glementation en vigueur sur la protection des donn\u00e9es ...","og_url":"https:\/\/www.golfdaro.com\/fr\/avis-juridique\/","og_site_name":"Club Golf d&#039;Aro","article_publisher":"https:\/\/www.facebook.com\/golfdaro\/","article_modified_time":"2025-01-08T12:48:53+00:00","twitter_card":"summary_large_image","twitter_site":"@golfdaro","twitter_misc":{"Dur\u00e9e de lecture estim\u00e9e":"6 minutes"},"schema":{"@context":"https:\/\/schema.org","@graph":[{"@type":"WebPage","@id":"https:\/\/www.golfdaro.com\/fr\/avis-juridique\/","url":"https:\/\/www.golfdaro.com\/fr\/avis-juridique\/","name":"Avis juridique - Club Golf d&#039;Aro","isPartOf":{"@id":"https:\/\/www.golfdaro.com\/fr\/#website"},"datePublished":"2021-02-18T21:22:45+00:00","dateModified":"2025-01-08T12:48:53+00:00","description":"CLUB GOLF D'ARO \u00e9tablit dans ses mentions l\u00e9gales les conditions et modalit\u00e9s conform\u00e9ment \u00e0 la r\u00e9glementation en vigueur sur la protection des donn\u00e9es ...","breadcrumb":{"@id":"https:\/\/www.golfdaro.com\/fr\/avis-juridique\/#breadcrumb"},"inLanguage":"fr-FR","potentialAction":[{"@type":"ReadAction","target":["https:\/\/www.golfdaro.com\/fr\/avis-juridique\/"]}]},{"@type":"BreadcrumbList","@id":"https:\/\/www.golfdaro.com\/fr\/avis-juridique\/#breadcrumb","itemListElement":[{"@type":"ListItem","position":1,"name":"Portada","item":"https:\/\/www.golfdaro.com\/fr\/"},{"@type":"ListItem","position":2,"name":"Avis juridique"}]},{"@type":"WebSite","@id":"https:\/\/www.golfdaro.com\/fr\/#website","url":"https:\/\/www.golfdaro.com\/fr\/","name":"Club Golf d&#039;Aro","description":"Vistas Impresionantes. Sin interrupciones","publisher":{"@id":"https:\/\/www.golfdaro.com\/fr\/#organization"},"potentialAction":[{"@type":"SearchAction","target":{"@type":"EntryPoint","urlTemplate":"https:\/\/www.golfdaro.com\/fr\/?s={search_term_string}"},"query-input":{"@type":"PropertyValueSpecification","valueRequired":true,"valueName":"search_term_string"}}],"inLanguage":"fr-FR"},{"@type":"Organization","@id":"https:\/\/www.golfdaro.com\/fr\/#organization","name":"Club Golf d'Aro - Mas Nou","url":"https:\/\/www.golfdaro.com\/fr\/","logo":{"@type":"ImageObject","inLanguage":"fr-FR","@id":"https:\/\/www.golfdaro.com\/fr\/#\/schema\/logo\/image\/","url":"https:\/\/www.golfdaro.com\/wp-content\/uploads\/2021\/01\/Logo-Golf-Aro-transparent.png","contentUrl":"https:\/\/www.golfdaro.com\/wp-content\/uploads\/2021\/01\/Logo-Golf-Aro-transparent.png","width":100,"height":100,"caption":"Club Golf d'Aro - Mas Nou"},"image":{"@id":"https:\/\/www.golfdaro.com\/fr\/#\/schema\/logo\/image\/"},"sameAs":["https:\/\/www.facebook.com\/golfdaro\/","https:\/\/x.com\/golfdaro","https:\/\/www.instagram.com\/golfdaro\/","https:\/\/www.youtube.com\/channel\/UC728WxtMLhPa1qUCnMemzLQ"]}]}},"_links":{"self":[{"href":"https:\/\/www.golfdaro.com\/fr\/wp-json\/wp\/v2\/pages\/794","targetHints":{"allow":["GET"]}}],"collection":[{"href":"https:\/\/www.golfdaro.com\/fr\/wp-json\/wp\/v2\/pages"}],"about":[{"href":"https:\/\/www.golfdaro.com\/fr\/wp-json\/wp\/v2\/types\/page"}],"author":[{"embeddable":true,"href":"https:\/\/www.golfdaro.com\/fr\/wp-json\/wp\/v2\/users\/1"}],"replies":[{"embeddable":true,"href":"https:\/\/www.golfdaro.com\/fr\/wp-json\/wp\/v2\/comments?post=794"}],"version-history":[{"count":0,"href":"https:\/\/www.golfdaro.com\/fr\/wp-json\/wp\/v2\/pages\/794\/revisions"}],"wp:attachment":[{"href":"https:\/\/www.golfdaro.com\/fr\/wp-json\/wp\/v2\/media?parent=794"}],"curies":[{"name":"wp","href":"https:\/\/api.w.org\/{rel}","templated":true}]}}