{"id":15798,"date":"2021-11-14T14:43:35","date_gmt":"2021-11-14T13:43:35","guid":{"rendered":"https:\/\/www.golfdaro.com\/carte-de-score-pitch-putt\/"},"modified":"2021-11-14T14:43:36","modified_gmt":"2021-11-14T13:43:36","slug":"carte-de-score-pitch-putt","status":"publish","type":"page","link":"https:\/\/www.golfdaro.com\/fr\/carte-de-score-pitch-putt\/","title":{"rendered":"Carte de score Pitch &#038; Putt"},"content":{"rendered":"\t\t<div data-elementor-type=\"wp-post\" data-elementor-id=\"15798\" class=\"elementor elementor-15798 elementor-11046\" data-elementor-post-type=\"page\">\n\t\t\t\t\t\t<section class=\"elementor-section elementor-top-section elementor-element elementor-element-5037bd8a elementor-section-height-min-height elementor-section-full_width elementor-section-height-default elementor-section-items-middle elementor-invisible\" data-id=\"5037bd8a\" data-element_type=\"section\" data-e-type=\"section\" data-settings=\"{&quot;background_background&quot;:&quot;classic&quot;,&quot;animation&quot;:&quot;fadeIn&quot;}\">\n\t\t\t\t\t\t\t<div class=\"elementor-background-overlay\"><\/div>\n\t\t\t\t\t\t\t<div class=\"elementor-container elementor-column-gap-default\">\n\t\t\t\t\t<div class=\"elementor-column elementor-col-100 elementor-top-column elementor-element elementor-element-3eed6e9e\" data-id=\"3eed6e9e\" data-element_type=\"column\" data-e-type=\"column\">\n\t\t\t<div class=\"elementor-widget-wrap elementor-element-populated\">\n\t\t\t\t\t\t<section class=\"elementor-section elementor-inner-section elementor-element elementor-element-1ec5e681 elementor-section-boxed elementor-section-height-default elementor-section-height-default\" data-id=\"1ec5e681\" data-element_type=\"section\" data-e-type=\"section\">\n\t\t\t\t\t\t<div class=\"elementor-container elementor-column-gap-default\">\n\t\t\t\t\t<div class=\"elementor-column elementor-col-100 elementor-inner-column elementor-element elementor-element-1378b567\" data-id=\"1378b567\" data-element_type=\"column\" data-e-type=\"column\">\n\t\t\t<div class=\"elementor-widget-wrap elementor-element-populated\">\n\t\t\t\t\t\t<div class=\"elementor-element elementor-element-3bdd0ce4 elementor-view-default elementor-position-top elementor-invisible elementor-widget elementor-widget-themo-header\" data-id=\"3bdd0ce4\" data-element_type=\"widget\" data-e-type=\"widget\" data-settings=\"{&quot;_animation&quot;:&quot;fadeInUp&quot;,&quot;_animation_delay&quot;:600}\" data-widget_type=\"themo-header.default\">\n\t\t\t\t<div class=\"elementor-widget-container\">\n\t\t\t\t\t\t\t<div class=\"th-header-wrap\">\n        <div class=\"elementor-icon-box-wrapper \">\n                            <div class=\"elementor-icon-box-content\">\n                    <h1 class=\"elementor-icon-box-title\">\n                        Carte de score Pitch &amp; Putt                    <\/h1>\n                                        <p class=\"elementor-icon-box-description\"><\/p>\n\n                                    <\/div>\n            <\/div>\n\n        <\/div>\n\n\t\t\t\t\t\t<\/div>\n\t\t\t\t<\/div>\n\t\t\t\t\t<\/div>\n\t\t<\/div>\n\t\t\t\t\t<\/div>\n\t\t<\/section>\n\t\t\t\t\t<\/div>\n\t\t<\/div>\n\t\t\t\t\t<\/div>\n\t\t<\/section>\n\t\t\t\t<section class=\"elementor-section elementor-top-section elementor-element elementor-element-d5d0f9b elementor-section-boxed elementor-section-height-default elementor-section-height-default\" data-id=\"d5d0f9b\" data-element_type=\"section\" data-e-type=\"section\">\n\t\t\t\t\t\t<div class=\"elementor-container elementor-column-gap-default\">\n\t\t\t\t\t<div class=\"elementor-column elementor-col-100 elementor-top-column elementor-element elementor-element-308707b\" data-id=\"308707b\" data-element_type=\"column\" data-e-type=\"column\">\n\t\t\t<div class=\"elementor-widget-wrap elementor-element-populated\">\n\t\t\t\t\t\t<div class=\"elementor-element elementor-element-6f80dac elementor-widget elementor-widget-spacer\" data-id=\"6f80dac\" data-element_type=\"widget\" data-e-type=\"widget\" data-widget_type=\"spacer.default\">\n\t\t\t\t<div class=\"elementor-widget-container\">\n\t\t\t\t\t\t\t<div class=\"elementor-spacer\">\n\t\t\t<div class=\"elementor-spacer-inner\"><\/div>\n\t\t<\/div>\n\t\t\t\t\t\t<\/div>\n\t\t\t\t<\/div>\n\t\t\t\t<div class=\"elementor-element elementor-element-9ae47d3 elementor-view-default elementor-position-top elementor-widget elementor-widget-themo-header\" data-id=\"9ae47d3\" data-element_type=\"widget\" data-e-type=\"widget\" data-widget_type=\"themo-header.default\">\n\t\t\t\t<div class=\"elementor-widget-container\">\n\t\t\t\t\t\t\t<div class=\"th-header-wrap\">\n        <div class=\"elementor-icon-box-wrapper \">\n                            <div class=\"elementor-icon-box-content\">\n                    <h1 class=\"elementor-icon-box-title\">\n                        T\u00e9l\u00e9chargez notre carte de score                    <\/h1>\n                                            <span class=\"th-header-divider\"><\/span>\n                                        <p class=\"elementor-icon-box-description\">Notez tous vos coups<\/p>\n\n                                    <\/div>\n            <\/div>\n\n        <\/div>\n\n\t\t\t\t\t\t<\/div>\n\t\t\t\t<\/div>\n\t\t\t\t<div class=\"elementor-element elementor-element-50bdaa4 elementor-widget elementor-widget-spacer\" data-id=\"50bdaa4\" data-element_type=\"widget\" data-e-type=\"widget\" data-widget_type=\"spacer.default\">\n\t\t\t\t<div class=\"elementor-widget-container\">\n\t\t\t\t\t\t\t<div class=\"elementor-spacer\">\n\t\t\t<div class=\"elementor-spacer-inner\"><\/div>\n\t\t<\/div>\n\t\t\t\t\t\t<\/div>\n\t\t\t\t<\/div>\n\t\t\t\t\t<\/div>\n\t\t<\/div>\n\t\t\t\t\t<\/div>\n\t\t<\/section>\n\t\t\t\t<section class=\"elementor-section elementor-top-section elementor-element elementor-element-9752194 elementor-section-full_width elementor-section-height-default elementor-section-height-default\" data-id=\"9752194\" data-element_type=\"section\" data-e-type=\"section\" data-settings=\"{&quot;background_background&quot;:&quot;classic&quot;}\">\n\t\t\t\t\t\t<div class=\"elementor-container elementor-column-gap-default\">\n\t\t\t\t\t<div class=\"elementor-column elementor-col-100 elementor-top-column elementor-element elementor-element-dee2427\" data-id=\"dee2427\" data-element_type=\"column\" data-e-type=\"column\">\n\t\t\t<div class=\"elementor-widget-wrap elementor-element-populated\">\n\t\t\t\t\t\t<section class=\"elementor-section elementor-inner-section elementor-element elementor-element-2d698ec elementor-section-boxed elementor-section-height-default elementor-section-height-default\" data-id=\"2d698ec\" data-element_type=\"section\" data-e-type=\"section\">\n\t\t\t\t\t\t<div class=\"elementor-container elementor-column-gap-default\">\n\t\t\t\t\t<div class=\"elementor-column elementor-col-50 elementor-inner-column elementor-element elementor-element-9588f84\" data-id=\"9588f84\" data-element_type=\"column\" data-e-type=\"column\">\n\t\t\t<div class=\"elementor-widget-wrap elementor-element-populated\">\n\t\t\t\t\t\t<div class=\"elementor-element elementor-element-eee30b4 elementor-widget elementor-widget-image\" data-id=\"eee30b4\" data-element_type=\"widget\" data-e-type=\"widget\" data-widget_type=\"image.default\">\n\t\t\t\t<div class=\"elementor-widget-container\">\n\t\t\t\t\t\t\t\t\t\t\t\t\t\t\t\t<a href=\"https:\/\/www.golfdaro.com\/wp-content\/uploads\/2021\/06\/tarjeta-juego-pp-1.jpg\" data-elementor-open-lightbox=\"yes\" data-elementor-lightbox-title=\"tarjeta-juego-pp-1\" data-e-action-hash=\"#elementor-action%3Aaction%3Dlightbox%26settings%3DeyJpZCI6MTEwNTEsInVybCI6Imh0dHBzOlwvXC93d3cuZ29sZmRhcm8uY29tXC93cC1jb250ZW50XC91cGxvYWRzXC8yMDIxXC8wNlwvdGFyamV0YS1qdWVnby1wcC0xLmpwZyJ9\">\n\t\t\t\t\t\t\t<img fetchpriority=\"high\" decoding=\"async\" width=\"1024\" height=\"490\" src=\"https:\/\/www.golfdaro.com\/wp-content\/uploads\/2021\/06\/tarjeta-juego-pp-1-1024x490.jpg\" class=\"attachment-large size-large wp-image-11051\" alt=\"\" srcset=\"https:\/\/www.golfdaro.com\/wp-content\/uploads\/2021\/06\/tarjeta-juego-pp-1-1024x490.jpg 1024w, https:\/\/www.golfdaro.com\/wp-content\/uploads\/2021\/06\/tarjeta-juego-pp-1-600x287.jpg 600w, https:\/\/www.golfdaro.com\/wp-content\/uploads\/2021\/06\/tarjeta-juego-pp-1-300x143.jpg 300w, https:\/\/www.golfdaro.com\/wp-content\/uploads\/2021\/06\/tarjeta-juego-pp-1-768x367.jpg 768w, https:\/\/www.golfdaro.com\/wp-content\/uploads\/2021\/06\/tarjeta-juego-pp-1-1536x735.jpg 1536w, https:\/\/www.golfdaro.com\/wp-content\/uploads\/2021\/06\/tarjeta-juego-pp-1-2048x979.jpg 2048w, https:\/\/www.golfdaro.com\/wp-content\/uploads\/2021\/06\/tarjeta-juego-pp-1-96x46.jpg 96w, https:\/\/www.golfdaro.com\/wp-content\/uploads\/2021\/06\/tarjeta-juego-pp-1-167x80.jpg 167w, https:\/\/www.golfdaro.com\/wp-content\/uploads\/2021\/06\/tarjeta-juego-pp-1-394x188.jpg 394w, https:\/\/www.golfdaro.com\/wp-content\/uploads\/2021\/06\/tarjeta-juego-pp-1-915x438.jpg 915w, https:\/\/www.golfdaro.com\/wp-content\/uploads\/2021\/06\/tarjeta-juego-pp-1-1240x593.jpg 1240w, https:\/\/www.golfdaro.com\/wp-content\/uploads\/2021\/06\/tarjeta-juego-pp-1-1920x918.jpg 1920w\" sizes=\"(max-width: 1024px) 100vw, 1024px\" \/>\t\t\t\t\t\t\t\t<\/a>\n\t\t\t\t\t\t\t\t\t\t\t\t\t\t\t<\/div>\n\t\t\t\t<\/div>\n\t\t\t\t\t<\/div>\n\t\t<\/div>\n\t\t\t\t<div class=\"elementor-column elementor-col-50 elementor-inner-column elementor-element elementor-element-ddae46c\" data-id=\"ddae46c\" data-element_type=\"column\" data-e-type=\"column\">\n\t\t\t<div class=\"elementor-widget-wrap elementor-element-populated\">\n\t\t\t\t\t\t<div class=\"elementor-element elementor-element-8e45087 elementor-widget elementor-widget-image\" data-id=\"8e45087\" data-element_type=\"widget\" data-e-type=\"widget\" data-widget_type=\"image.default\">\n\t\t\t\t<div class=\"elementor-widget-container\">\n\t\t\t\t\t\t\t\t\t\t\t\t\t\t\t\t<a href=\"https:\/\/www.golfdaro.com\/wp-content\/uploads\/2021\/06\/tarjeta-juego-pp-2.jpg\" data-elementor-open-lightbox=\"yes\" data-elementor-lightbox-title=\"tarjeta-juego-pp-2\" data-e-action-hash=\"#elementor-action%3Aaction%3Dlightbox%26settings%3DeyJpZCI6MTEwNTUsInVybCI6Imh0dHBzOlwvXC93d3cuZ29sZmRhcm8uY29tXC93cC1jb250ZW50XC91cGxvYWRzXC8yMDIxXC8wNlwvdGFyamV0YS1qdWVnby1wcC0yLmpwZyJ9\">\n\t\t\t\t\t\t\t<img decoding=\"async\" width=\"1024\" height=\"490\" src=\"https:\/\/www.golfdaro.com\/wp-content\/uploads\/2021\/06\/tarjeta-juego-pp-2-1024x490.jpg\" class=\"attachment-large size-large wp-image-11055\" alt=\"\" srcset=\"https:\/\/www.golfdaro.com\/wp-content\/uploads\/2021\/06\/tarjeta-juego-pp-2-1024x490.jpg 1024w, https:\/\/www.golfdaro.com\/wp-content\/uploads\/2021\/06\/tarjeta-juego-pp-2-600x287.jpg 600w, https:\/\/www.golfdaro.com\/wp-content\/uploads\/2021\/06\/tarjeta-juego-pp-2-300x143.jpg 300w, https:\/\/www.golfdaro.com\/wp-content\/uploads\/2021\/06\/tarjeta-juego-pp-2-768x367.jpg 768w, https:\/\/www.golfdaro.com\/wp-content\/uploads\/2021\/06\/tarjeta-juego-pp-2-1536x735.jpg 1536w, https:\/\/www.golfdaro.com\/wp-content\/uploads\/2021\/06\/tarjeta-juego-pp-2-2048x979.jpg 2048w, https:\/\/www.golfdaro.com\/wp-content\/uploads\/2021\/06\/tarjeta-juego-pp-2-96x46.jpg 96w, https:\/\/www.golfdaro.com\/wp-content\/uploads\/2021\/06\/tarjeta-juego-pp-2-167x80.jpg 167w, https:\/\/www.golfdaro.com\/wp-content\/uploads\/2021\/06\/tarjeta-juego-pp-2-394x188.jpg 394w, https:\/\/www.golfdaro.com\/wp-content\/uploads\/2021\/06\/tarjeta-juego-pp-2-915x438.jpg 915w, https:\/\/www.golfdaro.com\/wp-content\/uploads\/2021\/06\/tarjeta-juego-pp-2-1240x593.jpg 1240w, https:\/\/www.golfdaro.com\/wp-content\/uploads\/2021\/06\/tarjeta-juego-pp-2-1920x918.jpg 1920w\" sizes=\"(max-width: 1024px) 100vw, 1024px\" \/>\t\t\t\t\t\t\t\t<\/a>\n\t\t\t\t\t\t\t\t\t\t\t\t\t\t\t<\/div>\n\t\t\t\t<\/div>\n\t\t\t\t\t<\/div>\n\t\t<\/div>\n\t\t\t\t\t<\/div>\n\t\t<\/section>\n\t\t\t\t<section class=\"elementor-section elementor-inner-section elementor-element elementor-element-b93c559 elementor-section-boxed elementor-section-height-default elementor-section-height-default\" data-id=\"b93c559\" data-element_type=\"section\" data-e-type=\"section\">\n\t\t\t\t\t\t<div class=\"elementor-container elementor-column-gap-default\">\n\t\t\t\t\t<div class=\"elementor-column elementor-col-100 elementor-inner-column elementor-element elementor-element-7546d3d\" data-id=\"7546d3d\" data-element_type=\"column\" data-e-type=\"column\">\n\t\t\t<div class=\"elementor-widget-wrap elementor-element-populated\">\n\t\t\t\t\t\t<div class=\"elementor-element elementor-element-f52c06a th-btn-align-center elementor-widget elementor-widget-themo-button\" data-id=\"f52c06a\" data-element_type=\"widget\" data-e-type=\"widget\" data-widget_type=\"themo-button.default\">\n\t\t\t\t<div class=\"elementor-widget-container\">\n\t\t\t\t\t\n                \t\t\t<a class=\"btn-1 btn th-btn btn-ghost-primary\" href=\"https:\/\/www.golfdaro.com\/wp-content\/uploads\/2021\/05\/TARGETA-PP.pdf\" target=\"_blank\">\n\t\t\t\t\t\t\t\t\tT\u00e9l\u00e9chargez la carte de score\t\t\t\t\t\t\t<\/a>\n\t\t\n        \n\t\t\t\t\t\t<\/div>\n\t\t\t\t<\/div>\n\t\t\t\t\t<\/div>\n\t\t<\/div>\n\t\t\t\t\t<\/div>\n\t\t<\/section>\n\t\t\t\t\t<\/div>\n\t\t<\/div>\n\t\t\t\t\t<\/div>\n\t\t<\/section>\n\t\t\t\t<section class=\"elementor-section elementor-top-section elementor-element elementor-element-cc3c380 elementor-section-boxed elementor-section-height-default elementor-section-height-default\" data-id=\"cc3c380\" data-element_type=\"section\" data-e-type=\"section\">\n\t\t\t\t\t\t<div class=\"elementor-container elementor-column-gap-default\">\n\t\t\t\t\t<div class=\"elementor-column elementor-col-100 elementor-top-column elementor-element elementor-element-dcfd579\" data-id=\"dcfd579\" data-element_type=\"column\" data-e-type=\"column\">\n\t\t\t<div class=\"elementor-widget-wrap elementor-element-populated\">\n\t\t\t\t\t\t<div class=\"elementor-element elementor-element-5a28789 elementor-widget elementor-widget-spacer\" data-id=\"5a28789\" data-element_type=\"widget\" data-e-type=\"widget\" data-widget_type=\"spacer.default\">\n\t\t\t\t<div class=\"elementor-widget-container\">\n\t\t\t\t\t\t\t<div class=\"elementor-spacer\">\n\t\t\t<div class=\"elementor-spacer-inner\"><\/div>\n\t\t<\/div>\n\t\t\t\t\t\t<\/div>\n\t\t\t\t<\/div>\n\t\t\t\t\t<\/div>\n\t\t<\/div>\n\t\t\t\t\t<\/div>\n\t\t<\/section>\n\t\t\t\t<\/div>\n\t\t","protected":false},"excerpt":{"rendered":"<p>Carte de score Pitch &amp; Putt T\u00e9l\u00e9chargez notre carte de score Notez tous vos coups T\u00e9l\u00e9chargez la carte de score<\/p>\n","protected":false},"author":1,"featured_media":0,"parent":0,"menu_order":31,"comment_status":"closed","ping_status":"closed","template":"","meta":{"_eb_attr":"","footnotes":""},"class_list":["post-15798","page","type-page","status-publish","hentry"],"yoast_head":"<!-- This site is optimized with the Yoast SEO plugin v27.4 - https:\/\/yoast.com\/product\/yoast-seo-wordpress\/ -->\n<title>Carte de score Pitch &amp; Putt - Club Golf d&#039;Aro<\/title>\n<meta name=\"description\" content=\"Carte de jeu Pitch &amp; Putt Mas Nou, un parcours de 9 trous avec quelques doubles d\u00e9parts, tr\u00e8s original avec des trous franchement spectaculaires.\" \/>\n<meta name=\"robots\" content=\"index, follow, max-snippet:-1, max-image-preview:large, max-video-preview:-1\" \/>\n<link rel=\"canonical\" href=\"https:\/\/www.golfdaro.com\/fr\/carte-de-score-pitch-putt\/\" \/>\n<meta property=\"og:locale\" content=\"fr_FR\" \/>\n<meta property=\"og:type\" content=\"article\" \/>\n<meta property=\"og:title\" content=\"Carte de score Pitch &amp; Putt - Club Golf d&#039;Aro\" \/>\n<meta property=\"og:description\" content=\"Carte de jeu Pitch &amp; Putt Mas Nou, un parcours de 9 trous avec quelques doubles d\u00e9parts, tr\u00e8s original avec des trous franchement spectaculaires.\" \/>\n<meta property=\"og:url\" content=\"https:\/\/www.golfdaro.com\/fr\/carte-de-score-pitch-putt\/\" \/>\n<meta property=\"og:site_name\" content=\"Club Golf d&#039;Aro\" \/>\n<meta property=\"article:publisher\" content=\"https:\/\/www.facebook.com\/golfdaro\/\" \/>\n<meta property=\"article:modified_time\" content=\"2021-11-14T13:43:36+00:00\" \/>\n<meta property=\"og:image\" content=\"https:\/\/www.golfdaro.com\/wp-content\/uploads\/2021\/06\/tarjeta-juego-pp-1-1024x490.jpg\" \/>\n<meta name=\"twitter:card\" content=\"summary_large_image\" \/>\n<meta name=\"twitter:site\" content=\"@golfdaro\" \/>\n<script type=\"application\/ld+json\" class=\"yoast-schema-graph\">{\"@context\":\"https:\\\/\\\/schema.org\",\"@graph\":[{\"@type\":\"WebPage\",\"@id\":\"https:\\\/\\\/www.golfdaro.com\\\/fr\\\/carte-de-score-pitch-putt\\\/\",\"url\":\"https:\\\/\\\/www.golfdaro.com\\\/fr\\\/carte-de-score-pitch-putt\\\/\",\"name\":\"Carte de score Pitch & Putt - Club Golf d&#039;Aro\",\"isPartOf\":{\"@id\":\"https:\\\/\\\/www.golfdaro.com\\\/fr\\\/#website\"},\"primaryImageOfPage\":{\"@id\":\"https:\\\/\\\/www.golfdaro.com\\\/fr\\\/carte-de-score-pitch-putt\\\/#primaryimage\"},\"image\":{\"@id\":\"https:\\\/\\\/www.golfdaro.com\\\/fr\\\/carte-de-score-pitch-putt\\\/#primaryimage\"},\"thumbnailUrl\":\"https:\\\/\\\/www.golfdaro.com\\\/wp-content\\\/uploads\\\/2021\\\/06\\\/tarjeta-juego-pp-1-1024x490.jpg\",\"datePublished\":\"2021-11-14T13:43:35+00:00\",\"dateModified\":\"2021-11-14T13:43:36+00:00\",\"description\":\"Carte de jeu Pitch & Putt Mas Nou, un parcours de 9 trous avec quelques doubles d\u00e9parts, tr\u00e8s original avec des trous franchement spectaculaires.\",\"breadcrumb\":{\"@id\":\"https:\\\/\\\/www.golfdaro.com\\\/fr\\\/carte-de-score-pitch-putt\\\/#breadcrumb\"},\"inLanguage\":\"fr-FR\",\"potentialAction\":[{\"@type\":\"ReadAction\",\"target\":[\"https:\\\/\\\/www.golfdaro.com\\\/fr\\\/carte-de-score-pitch-putt\\\/\"]}]},{\"@type\":\"ImageObject\",\"inLanguage\":\"fr-FR\",\"@id\":\"https:\\\/\\\/www.golfdaro.com\\\/fr\\\/carte-de-score-pitch-putt\\\/#primaryimage\",\"url\":\"https:\\\/\\\/www.golfdaro.com\\\/wp-content\\\/uploads\\\/2021\\\/06\\\/tarjeta-juego-pp-1-1024x490.jpg\",\"contentUrl\":\"https:\\\/\\\/www.golfdaro.com\\\/wp-content\\\/uploads\\\/2021\\\/06\\\/tarjeta-juego-pp-1-1024x490.jpg\"},{\"@type\":\"BreadcrumbList\",\"@id\":\"https:\\\/\\\/www.golfdaro.com\\\/fr\\\/carte-de-score-pitch-putt\\\/#breadcrumb\",\"itemListElement\":[{\"@type\":\"ListItem\",\"position\":1,\"name\":\"Portada\",\"item\":\"https:\\\/\\\/www.golfdaro.com\\\/fr\\\/\"},{\"@type\":\"ListItem\",\"position\":2,\"name\":\"Carte de score Pitch &#038; Putt\"}]},{\"@type\":\"WebSite\",\"@id\":\"https:\\\/\\\/www.golfdaro.com\\\/fr\\\/#website\",\"url\":\"https:\\\/\\\/www.golfdaro.com\\\/fr\\\/\",\"name\":\"Club Golf d&#039;Aro\",\"description\":\"Vistas Impresionantes. Sin interrupciones\",\"publisher\":{\"@id\":\"https:\\\/\\\/www.golfdaro.com\\\/fr\\\/#organization\"},\"potentialAction\":[{\"@type\":\"SearchAction\",\"target\":{\"@type\":\"EntryPoint\",\"urlTemplate\":\"https:\\\/\\\/www.golfdaro.com\\\/fr\\\/?s={search_term_string}\"},\"query-input\":{\"@type\":\"PropertyValueSpecification\",\"valueRequired\":true,\"valueName\":\"search_term_string\"}}],\"inLanguage\":\"fr-FR\"},{\"@type\":\"Organization\",\"@id\":\"https:\\\/\\\/www.golfdaro.com\\\/fr\\\/#organization\",\"name\":\"Club Golf d'Aro - Mas Nou\",\"url\":\"https:\\\/\\\/www.golfdaro.com\\\/fr\\\/\",\"logo\":{\"@type\":\"ImageObject\",\"inLanguage\":\"fr-FR\",\"@id\":\"https:\\\/\\\/www.golfdaro.com\\\/fr\\\/#\\\/schema\\\/logo\\\/image\\\/\",\"url\":\"https:\\\/\\\/www.golfdaro.com\\\/wp-content\\\/uploads\\\/2021\\\/01\\\/Logo-Golf-Aro-transparent.png\",\"contentUrl\":\"https:\\\/\\\/www.golfdaro.com\\\/wp-content\\\/uploads\\\/2021\\\/01\\\/Logo-Golf-Aro-transparent.png\",\"width\":100,\"height\":100,\"caption\":\"Club Golf d'Aro - Mas Nou\"},\"image\":{\"@id\":\"https:\\\/\\\/www.golfdaro.com\\\/fr\\\/#\\\/schema\\\/logo\\\/image\\\/\"},\"sameAs\":[\"https:\\\/\\\/www.facebook.com\\\/golfdaro\\\/\",\"https:\\\/\\\/x.com\\\/golfdaro\",\"https:\\\/\\\/www.instagram.com\\\/golfdaro\\\/\",\"https:\\\/\\\/www.youtube.com\\\/channel\\\/UC728WxtMLhPa1qUCnMemzLQ\"]}]}<\/script>\n<!-- \/ Yoast SEO plugin. -->","yoast_head_json":{"title":"Carte de score Pitch & Putt - Club Golf d&#039;Aro","description":"Carte de jeu Pitch & Putt Mas Nou, un parcours de 9 trous avec quelques doubles d\u00e9parts, tr\u00e8s original avec des trous franchement spectaculaires.","robots":{"index":"index","follow":"follow","max-snippet":"max-snippet:-1","max-image-preview":"max-image-preview:large","max-video-preview":"max-video-preview:-1"},"canonical":"https:\/\/www.golfdaro.com\/fr\/carte-de-score-pitch-putt\/","og_locale":"fr_FR","og_type":"article","og_title":"Carte de score Pitch & Putt - Club Golf d&#039;Aro","og_description":"Carte de jeu Pitch & Putt Mas Nou, un parcours de 9 trous avec quelques doubles d\u00e9parts, tr\u00e8s original avec des trous franchement spectaculaires.","og_url":"https:\/\/www.golfdaro.com\/fr\/carte-de-score-pitch-putt\/","og_site_name":"Club Golf d&#039;Aro","article_publisher":"https:\/\/www.facebook.com\/golfdaro\/","article_modified_time":"2021-11-14T13:43:36+00:00","og_image":[{"url":"https:\/\/www.golfdaro.com\/wp-content\/uploads\/2021\/06\/tarjeta-juego-pp-1-1024x490.jpg","type":"","width":"","height":""}],"twitter_card":"summary_large_image","twitter_site":"@golfdaro","schema":{"@context":"https:\/\/schema.org","@graph":[{"@type":"WebPage","@id":"https:\/\/www.golfdaro.com\/fr\/carte-de-score-pitch-putt\/","url":"https:\/\/www.golfdaro.com\/fr\/carte-de-score-pitch-putt\/","name":"Carte de score Pitch & Putt - Club Golf d&#039;Aro","isPartOf":{"@id":"https:\/\/www.golfdaro.com\/fr\/#website"},"primaryImageOfPage":{"@id":"https:\/\/www.golfdaro.com\/fr\/carte-de-score-pitch-putt\/#primaryimage"},"image":{"@id":"https:\/\/www.golfdaro.com\/fr\/carte-de-score-pitch-putt\/#primaryimage"},"thumbnailUrl":"https:\/\/www.golfdaro.com\/wp-content\/uploads\/2021\/06\/tarjeta-juego-pp-1-1024x490.jpg","datePublished":"2021-11-14T13:43:35+00:00","dateModified":"2021-11-14T13:43:36+00:00","description":"Carte de jeu Pitch & Putt Mas Nou, un parcours de 9 trous avec quelques doubles d\u00e9parts, tr\u00e8s original avec des trous franchement spectaculaires.","breadcrumb":{"@id":"https:\/\/www.golfdaro.com\/fr\/carte-de-score-pitch-putt\/#breadcrumb"},"inLanguage":"fr-FR","potentialAction":[{"@type":"ReadAction","target":["https:\/\/www.golfdaro.com\/fr\/carte-de-score-pitch-putt\/"]}]},{"@type":"ImageObject","inLanguage":"fr-FR","@id":"https:\/\/www.golfdaro.com\/fr\/carte-de-score-pitch-putt\/#primaryimage","url":"https:\/\/www.golfdaro.com\/wp-content\/uploads\/2021\/06\/tarjeta-juego-pp-1-1024x490.jpg","contentUrl":"https:\/\/www.golfdaro.com\/wp-content\/uploads\/2021\/06\/tarjeta-juego-pp-1-1024x490.jpg"},{"@type":"BreadcrumbList","@id":"https:\/\/www.golfdaro.com\/fr\/carte-de-score-pitch-putt\/#breadcrumb","itemListElement":[{"@type":"ListItem","position":1,"name":"Portada","item":"https:\/\/www.golfdaro.com\/fr\/"},{"@type":"ListItem","position":2,"name":"Carte de score Pitch &#038; Putt"}]},{"@type":"WebSite","@id":"https:\/\/www.golfdaro.com\/fr\/#website","url":"https:\/\/www.golfdaro.com\/fr\/","name":"Club Golf d&#039;Aro","description":"Vistas Impresionantes. Sin interrupciones","publisher":{"@id":"https:\/\/www.golfdaro.com\/fr\/#organization"},"potentialAction":[{"@type":"SearchAction","target":{"@type":"EntryPoint","urlTemplate":"https:\/\/www.golfdaro.com\/fr\/?s={search_term_string}"},"query-input":{"@type":"PropertyValueSpecification","valueRequired":true,"valueName":"search_term_string"}}],"inLanguage":"fr-FR"},{"@type":"Organization","@id":"https:\/\/www.golfdaro.com\/fr\/#organization","name":"Club Golf d'Aro - Mas Nou","url":"https:\/\/www.golfdaro.com\/fr\/","logo":{"@type":"ImageObject","inLanguage":"fr-FR","@id":"https:\/\/www.golfdaro.com\/fr\/#\/schema\/logo\/image\/","url":"https:\/\/www.golfdaro.com\/wp-content\/uploads\/2021\/01\/Logo-Golf-Aro-transparent.png","contentUrl":"https:\/\/www.golfdaro.com\/wp-content\/uploads\/2021\/01\/Logo-Golf-Aro-transparent.png","width":100,"height":100,"caption":"Club Golf d'Aro - Mas Nou"},"image":{"@id":"https:\/\/www.golfdaro.com\/fr\/#\/schema\/logo\/image\/"},"sameAs":["https:\/\/www.facebook.com\/golfdaro\/","https:\/\/x.com\/golfdaro","https:\/\/www.instagram.com\/golfdaro\/","https:\/\/www.youtube.com\/channel\/UC728WxtMLhPa1qUCnMemzLQ"]}]}},"_links":{"self":[{"href":"https:\/\/www.golfdaro.com\/fr\/wp-json\/wp\/v2\/pages\/15798","targetHints":{"allow":["GET"]}}],"collection":[{"href":"https:\/\/www.golfdaro.com\/fr\/wp-json\/wp\/v2\/pages"}],"about":[{"href":"https:\/\/www.golfdaro.com\/fr\/wp-json\/wp\/v2\/types\/page"}],"author":[{"embeddable":true,"href":"https:\/\/www.golfdaro.com\/fr\/wp-json\/wp\/v2\/users\/1"}],"replies":[{"embeddable":true,"href":"https:\/\/www.golfdaro.com\/fr\/wp-json\/wp\/v2\/comments?post=15798"}],"version-history":[{"count":0,"href":"https:\/\/www.golfdaro.com\/fr\/wp-json\/wp\/v2\/pages\/15798\/revisions"}],"wp:attachment":[{"href":"https:\/\/www.golfdaro.com\/fr\/wp-json\/wp\/v2\/media?parent=15798"}],"curies":[{"name":"wp","href":"https:\/\/api.w.org\/{rel}","templated":true}]}}