{"id":817,"date":"2021-02-18T22:35:13","date_gmt":"2021-02-18T21:35:13","guid":{"rendered":"https:\/\/www.golfdaro.com\/politica-de-privacitat\/"},"modified":"2025-01-08T11:53:44","modified_gmt":"2025-01-08T10:53:44","slug":"politica-de-privacitat","status":"publish","type":"page","link":"https:\/\/www.golfdaro.com\/ca\/politica-de-privacitat\/","title":{"rendered":"Pol\u00edtica de privacitat"},"content":{"rendered":"\t\t<div data-elementor-type=\"wp-page\" data-elementor-id=\"817\" class=\"elementor elementor-817 elementor-3\" data-elementor-post-type=\"page\">\n\t\t\t\t\t\t<section class=\"elementor-section elementor-top-section elementor-element elementor-element-48250729 elementor-section-boxed elementor-section-height-default elementor-section-height-default\" data-id=\"48250729\" data-element_type=\"section\" data-e-type=\"section\">\n\t\t\t\t\t\t<div class=\"elementor-container elementor-column-gap-default\">\n\t\t\t\t\t<div class=\"elementor-column elementor-col-100 elementor-top-column elementor-element elementor-element-fb248bd\" data-id=\"fb248bd\" data-element_type=\"column\" data-e-type=\"column\">\n\t\t\t<div class=\"elementor-widget-wrap elementor-element-populated\">\n\t\t\t\t\t\t<div class=\"elementor-element elementor-element-78437e52 elementor-widget elementor-widget-text-editor\" data-id=\"78437e52\" data-element_type=\"widget\" data-e-type=\"widget\" data-widget_type=\"text-editor.default\">\n\t\t\t\t<div class=\"elementor-widget-container\">\n\t\t\t\t\t\t\t\t\t<h3>Pol\u00edtica de privacitat i protecci\u00f3 de dades<\/h3>\n<p>Responsable del tractament de les dades personals CLUB GOLF D\u2019ARO \u2013 MAS NOU i el seu lloc web s\u00f3n gestionats per l&#8217;empresa\u00a0 MONSIERRA GESTI\u00d3N, S.L. amb CIF: CB56136690, <span style=\"color: inherit; font-family: inherit; font-size: inherit; font-style: inherit; font-weight: inherit;\">amb domicili fiscal en Tavern, 3 \u2013 08021 Barcelona, Espanya.<\/span><\/p>\n<p>En MONSIERRA GESTI\u00d3N, S.L. entenem que l&#8217;\u00fas de les seves dades personals requereix la seva confian\u00e7a. Estem subjectes als est\u00e0ndards de privacitat i nom\u00e9s utilitzem les seves dades personals per a fins clarament identificats i d&#8217;acord amb els seus drets de protecci\u00f3 de dades.<\/p>\n<p>Aquesta pol\u00edtica de privacitat i protecci\u00f3 de dades personals va ser creada per a ajudar-lo a entendre les pr\u00e0ctiques i condicions en les quals <span style=\"color: inherit; font-family: inherit; font-style: inherit; font-weight: inherit; font-size: var( --e-global-typography-text-font-size );\">MONSIERRA GESTI\u00d3N, S.L.<\/span><span style=\"color: inherit; font-family: inherit; font-size: inherit; font-style: inherit; font-weight: inherit;\">\u00a0 recull, utilitza i emmagatzema les seves dades personals. Considerat que les lleis i regulacions sobre tecnologia i protecci\u00f3 de dades personals estan en constant evoluci\u00f3, aquesta Pol\u00edtica podr\u00e0 ser actualitzada peri\u00f2dicament.<\/span><\/p>\n<p>En accedir o usar el lloc web, vost\u00e8 est\u00e0 d&#8217;acord amb aquesta pol\u00edtica de privacitat. Si, per algun motiu, no est\u00e0 d&#8217;acord amb els nostres termes i prefereix eliminar el seu compte, pot fer-ho pels m\u00e8todes explicats m\u00e9s endavant. Aquesta pol\u00edtica s&#8217;aplica a la informaci\u00f3 que recollim:<\/p>\n<ul>\n<li>En el nostre lloc web o a trav\u00e9s d&#8217;ell.<\/li>\n<li>A trav\u00e9s de les seves comunicacions amb CLUB GOLF D\u2019ARO -MAS NOU via correu electr\u00f2nic o un altre tipus de servei de missatges electr\u00f2nics.<\/li>\n<li>En fer una reserva via en l\u00ednia.<\/li>\n<li>Quan es registra per a rebre els nostres butlletins.<\/li>\n<\/ul>\n<p>Totes les dades personals es conservaran durant el per\u00edode legalment obligatori, respectant la seva conservaci\u00f3 i les garanties de confidencialitat recomanades pel RGPD (General Data Protection Regulation \/ Reglament General de Protecci\u00f3 de Dades).<\/p>\n<p><strong>Quines dades s\u00f3n recollits?<\/strong><\/p>\n<p>Depenent de la naturalesa i prop\u00f2sit de la seva interacci\u00f3 amb CLUB GOLF D\u2019ARO \u2013 MAS NOU, podem recollir les seg\u00fcents dades:<\/p>\n<ul>\n<li>ADRE\u00c7A DE CORREU ELECTR\u00d2NIC \u2013 ha de ser proporcionat si desitja crear un compte d&#8217;usuari, comunicar-se amb nosaltres utilitzant els formularis de contacte i \/ o rebre els nostres butlletins de not\u00edcies,<\/li>\n<li>DADES D&#8217;IDENTIFICACI\u00d3 \u2013 com ara Nom, Contrasenya, Data de Naixement, Tel\u00e8fon poden ser sol\u00b7licitats en formularis de contacte o de registre de compte i usats per al processament de reserves o comandes,<\/li>\n<li>HIST\u00d2RIC DEL CLIENT \u2013 en particular en sol\u00b7licituds efectuades, estats de reserves, compres o comandes, reclamacions, reemborsaments, vals assignats, missatges intercanviats, etc\u2026<\/li>\n<li>DADES DE NAVEGACI\u00d3 \u2013 relacionats amb la forma en qu\u00e8 utilitza el lloc web, incloent: adre\u00e7a IP, navegador utilitzat, durada de la navegaci\u00f3, historial de cerca, sistema operatiu utilitzat, idioma i p\u00e0gines visualitzades,<\/li>\n<li>DADES SOBRE VISITES AL LLOC -incloent cookies, dades de tr\u00e0nsit, arxius de registre (*logfiles) i dades o recursos de comunicaci\u00f3 usats per vost\u00e8 en accedir al nostre lloc web,<\/li>\n<li>DADES PER A PROCESSAMENT DE COMANDES \u2013 com ara Adre\u00e7a, N\u00famero d&#8217;Identificaci\u00f3 Fiscal, i informaci\u00f3 banc\u00e0ria s\u00f3n necessaris a l&#8217;efecte de transicions en reserves, compres i processos de pagament i \/ o facturaci\u00f3.<\/li>\n<\/ul>\n<p><strong>Qui t\u00e9 acc\u00e9s a les dades?<\/strong><\/p>\n<p>Per a assegurar la m\u00e0xima seguretat i privacitat dels nostres clients, les dades recollides s\u00f3n processats i accedits de manera limitada pels empleats de l&#8217;empresa sobre la base del criteri de la \u00abnecessitat de con\u00e8ixer\u00bb i nom\u00e9s en l&#8217;\u00e0mbit de les finalitats abans comunicades.<\/p>\n<p>Per a poder complir amb les nostres obligacions en mat\u00e8ria de processament i atendre sol\u00b7licituds, podem tenir la necessitat de compartir les seves dades amb entitats associades a <span style=\"color: inherit; font-family: inherit; font-style: inherit; font-weight: inherit; font-size: var( --e-global-typography-text-font-size );\">MONSIERRA GESTI\u00d3N, S.L.,<\/span><span style=\"color: inherit; font-family: inherit; font-size: inherit; font-style: inherit; font-weight: inherit;\"> tenint sempre en compte nom\u00e9s compartir les dades estrictament necess\u00e0ries amb el m\u00ednim d&#8217;entitats possibles.<\/span><\/p>\n<p><strong>Temps d&#8217;emmagatzematge de les dades<\/strong><\/p>\n<p>Conservem les seves dades durant el per\u00edode que sigui necessari en l&#8217;\u00e0mbit de la finalitat per a la qual s&#8217;han recollit.<\/p>\n<p>Aquest per\u00edode d&#8217;emmagatzematge varia d&#8217;acord amb les dades en q\u00fcesti\u00f3, ja que pot veure&#8217;s afectat per la naturalesa i l&#8217;objectiu de la recollida. De la mateixa forma, unes certes obligacions legals estipulen un per\u00edode d&#8217;emmagatzematge espec\u00edfic.<\/p>\n<p><strong>Seguretat de les dades<\/strong><\/p>\n<p>A pesar que la transmissi\u00f3 de dades a trav\u00e9s d&#8217;Internet o lloc web no pot assegurar la seguretat total de les intrusions, nosaltres i els nostres prove\u00efdors de serveis i socis comercials ens esforcem per implementar i mantenir mesures de seguretat f\u00edsica, electr\u00f2nica i procedimental destinades a protegir les seves dades personals de conformitat amb els requisits de protecci\u00f3 de dades aplicables. Entre altres, hem implementat les seg\u00fcents:<\/p>\n<ul>\n<li>Acc\u00e9s restringit a les seves dades personals i nom\u00e9s en l&#8217;\u00e0mbit de les finalitats comunicades,<\/li>\n<li>Protecci\u00f3 dels sistemes de tecnologies de la informaci\u00f3 a trav\u00e9s de firewalls, amb la finalitat d&#8217;impedir l&#8217;acc\u00e9s no autoritzat a les seves dades personals,<\/li>\n<li>Monitoratge permanent dels accessos als sistemes de tecnologies de la informaci\u00f3 per a prevenir, detectar i impedir l&#8217;\u00fas indegut de les seves dades personals.<\/li>\n<\/ul>\n<p>La seguretat i la protecci\u00f3 de la seva informaci\u00f3 tamb\u00e9 depenen de vost\u00e8. Si li hem donat (o vost\u00e8 ha triat) una contrasenya per a l&#8217;acc\u00e9s a unes certes parts del nostre lloc web, vost\u00e8 \u00e9s responsable de mantenir confidencial aquesta contrasenya. Per a la seva seguretat, li demanem que no comparteixi aquestes dades amb ning\u00fa.<\/p>\n<p><strong>Drets d&#8217;usuari<\/strong><\/p>\n<p>De conformitat amb les disposicions de la normativa aplicable en mat\u00e8ria de protecci\u00f3 de dades, en particular el Reglament General Europeu de Protecci\u00f3 de Dades (*RGPR) i la Llei de Protecci\u00f3 de Dades, l&#8217;usuari t\u00e9 els seg\u00fcents drets:<\/p>\n<ul>\n<li>DRET DE SER INFORMAT \u2013 podr\u00e0 en qualsevol moment demanar informaci\u00f3 addicional sobre l&#8217;\u00fas que fem de les seves dades personals.<\/li>\n<li>DRET D&#8217;ACC\u00c9S I RECTIFICACI\u00d3 DE LES DADES \u2013 podr\u00e0 exercir aquest dret contactant amb nosaltres i sol\u00b7licitar en qualsevol moment aquesta rectificaci\u00f3. Podem rebutjar una sol\u00b7licitud de modificaci\u00f3 d&#8217;informaci\u00f3 si considerem que aquesta alteraci\u00f3 violar\u00e0 exig\u00e8ncies legals o produir\u00e0 informacions equivocades,<\/li>\n<li>DRET A A L&#8217;OBLIT \u2013 podr\u00e0 sol\u00b7licitar l&#8217;eliminaci\u00f3 de les seves dades. Tingui en compte que nom\u00e9s podem excloure la seva informaci\u00f3 personal si tamb\u00e9 exclou el seu compte de client.<\/li>\n<li>DRET A LA RESTRICCI\u00d3 DE PROCESSAMENT \u2013 podr\u00e0 limitar la forma en qu\u00e8 utilitzem les seves dades personals, sol\u00b7licitant l&#8217;\u00fas exclusiu per a un o diversos serveis que li puguem prestar,<\/li>\n<li>DRET DE PORTABILITAT DE LES DADES \u2013 podr\u00e0 obtenir una c\u00f2pia de les dades personals que ens va proporcionar, per a tractar amb altres responsables de dades personals,<\/li>\n<li>DRET A L&#8217;OBJECCI\u00d3 \u2013 l&#8217;usuari pot, en qualsevol moment, retirar el seu consentiment, amb efectes per al futur. Despr\u00e9s de la retirada total de les seves declaracions de consentiment deixar\u00e0 de ser contactat i de rebre comunicacions per als fins descrits en aquesta Pol\u00edtica de Privacitat.<\/li>\n<li>DRETS RELACIONATS AMB EL PROCESSAMENT AUTOM\u00c0TIC \u2013 ajustant les definicions del seu propi navegador podr\u00e0 evitar que el mateix accepti noves cookies, ser notificat en rebre una nova cookies, o desactivar les cookies completament.<\/li>\n<\/ul>\n<p>L&#8217;exercici d&#8217;aquests drets est\u00e0 subjecte a determinades excepcions destinades a la salvaguarda de l&#8217;inter\u00e8s p\u00fablic (prevenci\u00f3 o detecci\u00f3 de crims) o del nostre inter\u00e8s (manteniment del secret professional).<\/p>\n<p>En cas d&#8217;exercir algun d&#8217;aquests drets procedirem a la seva an\u00e0lisi i respondrem en el termini de 30 dies.<\/p>\n<p><strong>Informaci\u00f3 i Contacte<\/strong><\/p>\n<p>Per a aclarir qualsevol dubte, exercir els drets a dalt esmentats o fer comentaris sobre les nostres pr\u00e0ctiques de privacitat, si us plau contacti amb nosaltres pels seg\u00fcents mitjans:<\/p>\n<ul>\n<li>CORREU ELECTR\u00d2NIC \u2013 info@golfdaro.com<\/li>\n<li>ADRE\u00c7A \u2013 CLUB GOLF D\u2019ARO \u2013 MAS NOU, Urb. Mes Nou, s\/n \u2013 Apartat de correus 429 \u2013 17250 Platja d\u2019Aro (Girona) \u2013 Espanya.<\/li>\n<\/ul>\n\t\t\t\t\t\t\t\t<\/div>\n\t\t\t\t<\/div>\n\t\t\t\t\t<\/div>\n\t\t<\/div>\n\t\t\t\t\t<\/div>\n\t\t<\/section>\n\t\t\t\t<\/div>\n\t\t","protected":false},"excerpt":{"rendered":"<p>Pol\u00edtica de privacitat i protecci\u00f3 de dades Responsable del tractament de les dades personals CLUB GOLF D\u2019ARO \u2013 MAS NOU i el seu lloc web s\u00f3n gestionats per l&#8217;empresa\u00a0 MONSIERRA GESTI\u00d3N, S.L. amb CIF: CB56136690, amb domicili fiscal en Tavern, &hellip; <a href=\"https:\/\/www.golfdaro.com\/ca\/politica-de-privacitat\/\">Read More<\/a><\/p>\n","protected":false},"author":1,"featured_media":0,"parent":0,"menu_order":14,"comment_status":"closed","ping_status":"closed","template":"","meta":{"_eb_attr":"","footnotes":""},"class_list":["post-817","page","type-page","status-publish","hentry"],"yoast_head":"<!-- This site is optimized with the Yoast SEO plugin v27.4 - https:\/\/yoast.com\/product\/yoast-seo-wordpress\/ -->\n<title>Pol\u00edtica de privacitat - Club Golf d&#039;Aro<\/title>\n<meta name=\"robots\" content=\"noindex, nofollow\" \/>\n<meta property=\"og:locale\" content=\"ca_ES\" \/>\n<meta property=\"og:type\" content=\"article\" \/>\n<meta property=\"og:title\" content=\"Pol\u00edtica de privacitat - Club Golf d&#039;Aro\" \/>\n<meta property=\"og:description\" content=\"Pol\u00edtica de privacitat i protecci\u00f3 de dades Responsable del tractament de les dades personals CLUB GOLF D\u2019ARO \u2013 MAS NOU i el seu lloc web s\u00f3n gestionats per l&#8217;empresa\u00a0 MONSIERRA GESTI\u00d3N, S.L. amb CIF: CB56136690, amb domicili fiscal en Tavern, &hellip; Read More\" \/>\n<meta property=\"og:url\" content=\"https:\/\/www.golfdaro.com\/ca\/politica-de-privacitat\/\" \/>\n<meta property=\"og:site_name\" content=\"Club Golf d&#039;Aro\" \/>\n<meta property=\"article:publisher\" content=\"https:\/\/www.facebook.com\/golfdaro\/\" \/>\n<meta property=\"article:modified_time\" content=\"2025-01-08T10:53:44+00:00\" \/>\n<meta name=\"twitter:card\" content=\"summary_large_image\" \/>\n<meta name=\"twitter:site\" content=\"@golfdaro\" \/>\n<meta name=\"twitter:label1\" content=\"Temps estimat de lectura\" \/>\n\t<meta name=\"twitter:data1\" content=\"6 minuts\" \/>\n<script type=\"application\/ld+json\" class=\"yoast-schema-graph\">{\"@context\":\"https:\\\/\\\/schema.org\",\"@graph\":[{\"@type\":\"WebPage\",\"@id\":\"https:\\\/\\\/www.golfdaro.com\\\/ca\\\/politica-de-privacitat\\\/\",\"url\":\"https:\\\/\\\/www.golfdaro.com\\\/ca\\\/politica-de-privacitat\\\/\",\"name\":\"Pol\u00edtica de privacitat - Club Golf d&#039;Aro\",\"isPartOf\":{\"@id\":\"https:\\\/\\\/www.golfdaro.com\\\/ca\\\/#website\"},\"datePublished\":\"2021-02-18T21:35:13+00:00\",\"dateModified\":\"2025-01-08T10:53:44+00:00\",\"breadcrumb\":{\"@id\":\"https:\\\/\\\/www.golfdaro.com\\\/ca\\\/politica-de-privacitat\\\/#breadcrumb\"},\"inLanguage\":\"ca\",\"potentialAction\":[{\"@type\":\"ReadAction\",\"target\":[\"https:\\\/\\\/www.golfdaro.com\\\/ca\\\/politica-de-privacitat\\\/\"]}]},{\"@type\":\"BreadcrumbList\",\"@id\":\"https:\\\/\\\/www.golfdaro.com\\\/ca\\\/politica-de-privacitat\\\/#breadcrumb\",\"itemListElement\":[{\"@type\":\"ListItem\",\"position\":1,\"name\":\"Portada\",\"item\":\"https:\\\/\\\/www.golfdaro.com\\\/ca\\\/\"},{\"@type\":\"ListItem\",\"position\":2,\"name\":\"Pol\u00edtica de privacitat\"}]},{\"@type\":\"WebSite\",\"@id\":\"https:\\\/\\\/www.golfdaro.com\\\/ca\\\/#website\",\"url\":\"https:\\\/\\\/www.golfdaro.com\\\/ca\\\/\",\"name\":\"Club Golf d&#039;Aro\",\"description\":\"Vistas Impresionantes. Sin interrupciones\",\"publisher\":{\"@id\":\"https:\\\/\\\/www.golfdaro.com\\\/ca\\\/#organization\"},\"potentialAction\":[{\"@type\":\"SearchAction\",\"target\":{\"@type\":\"EntryPoint\",\"urlTemplate\":\"https:\\\/\\\/www.golfdaro.com\\\/ca\\\/?s={search_term_string}\"},\"query-input\":{\"@type\":\"PropertyValueSpecification\",\"valueRequired\":true,\"valueName\":\"search_term_string\"}}],\"inLanguage\":\"ca\"},{\"@type\":\"Organization\",\"@id\":\"https:\\\/\\\/www.golfdaro.com\\\/ca\\\/#organization\",\"name\":\"Club Golf d'Aro - Mas Nou\",\"url\":\"https:\\\/\\\/www.golfdaro.com\\\/ca\\\/\",\"logo\":{\"@type\":\"ImageObject\",\"inLanguage\":\"ca\",\"@id\":\"https:\\\/\\\/www.golfdaro.com\\\/ca\\\/#\\\/schema\\\/logo\\\/image\\\/\",\"url\":\"https:\\\/\\\/www.golfdaro.com\\\/wp-content\\\/uploads\\\/2021\\\/01\\\/Logo-Golf-Aro-transparent.png\",\"contentUrl\":\"https:\\\/\\\/www.golfdaro.com\\\/wp-content\\\/uploads\\\/2021\\\/01\\\/Logo-Golf-Aro-transparent.png\",\"width\":100,\"height\":100,\"caption\":\"Club Golf d'Aro - Mas Nou\"},\"image\":{\"@id\":\"https:\\\/\\\/www.golfdaro.com\\\/ca\\\/#\\\/schema\\\/logo\\\/image\\\/\"},\"sameAs\":[\"https:\\\/\\\/www.facebook.com\\\/golfdaro\\\/\",\"https:\\\/\\\/x.com\\\/golfdaro\",\"https:\\\/\\\/www.instagram.com\\\/golfdaro\\\/\",\"https:\\\/\\\/www.youtube.com\\\/channel\\\/UC728WxtMLhPa1qUCnMemzLQ\"]}]}<\/script>\n<!-- \/ Yoast SEO plugin. -->","yoast_head_json":{"title":"Pol\u00edtica de privacitat - Club Golf d&#039;Aro","robots":{"index":"noindex","follow":"nofollow"},"og_locale":"ca_ES","og_type":"article","og_title":"Pol\u00edtica de privacitat - Club Golf d&#039;Aro","og_description":"Pol\u00edtica de privacitat i protecci\u00f3 de dades Responsable del tractament de les dades personals CLUB GOLF D\u2019ARO \u2013 MAS NOU i el seu lloc web s\u00f3n gestionats per l&#8217;empresa\u00a0 MONSIERRA GESTI\u00d3N, S.L. amb CIF: CB56136690, amb domicili fiscal en Tavern, &hellip; Read More","og_url":"https:\/\/www.golfdaro.com\/ca\/politica-de-privacitat\/","og_site_name":"Club Golf d&#039;Aro","article_publisher":"https:\/\/www.facebook.com\/golfdaro\/","article_modified_time":"2025-01-08T10:53:44+00:00","twitter_card":"summary_large_image","twitter_site":"@golfdaro","twitter_misc":{"Temps estimat de lectura":"6 minuts"},"schema":{"@context":"https:\/\/schema.org","@graph":[{"@type":"WebPage","@id":"https:\/\/www.golfdaro.com\/ca\/politica-de-privacitat\/","url":"https:\/\/www.golfdaro.com\/ca\/politica-de-privacitat\/","name":"Pol\u00edtica de privacitat - Club Golf d&#039;Aro","isPartOf":{"@id":"https:\/\/www.golfdaro.com\/ca\/#website"},"datePublished":"2021-02-18T21:35:13+00:00","dateModified":"2025-01-08T10:53:44+00:00","breadcrumb":{"@id":"https:\/\/www.golfdaro.com\/ca\/politica-de-privacitat\/#breadcrumb"},"inLanguage":"ca","potentialAction":[{"@type":"ReadAction","target":["https:\/\/www.golfdaro.com\/ca\/politica-de-privacitat\/"]}]},{"@type":"BreadcrumbList","@id":"https:\/\/www.golfdaro.com\/ca\/politica-de-privacitat\/#breadcrumb","itemListElement":[{"@type":"ListItem","position":1,"name":"Portada","item":"https:\/\/www.golfdaro.com\/ca\/"},{"@type":"ListItem","position":2,"name":"Pol\u00edtica de privacitat"}]},{"@type":"WebSite","@id":"https:\/\/www.golfdaro.com\/ca\/#website","url":"https:\/\/www.golfdaro.com\/ca\/","name":"Club Golf d&#039;Aro","description":"Vistas Impresionantes. Sin interrupciones","publisher":{"@id":"https:\/\/www.golfdaro.com\/ca\/#organization"},"potentialAction":[{"@type":"SearchAction","target":{"@type":"EntryPoint","urlTemplate":"https:\/\/www.golfdaro.com\/ca\/?s={search_term_string}"},"query-input":{"@type":"PropertyValueSpecification","valueRequired":true,"valueName":"search_term_string"}}],"inLanguage":"ca"},{"@type":"Organization","@id":"https:\/\/www.golfdaro.com\/ca\/#organization","name":"Club Golf d'Aro - Mas Nou","url":"https:\/\/www.golfdaro.com\/ca\/","logo":{"@type":"ImageObject","inLanguage":"ca","@id":"https:\/\/www.golfdaro.com\/ca\/#\/schema\/logo\/image\/","url":"https:\/\/www.golfdaro.com\/wp-content\/uploads\/2021\/01\/Logo-Golf-Aro-transparent.png","contentUrl":"https:\/\/www.golfdaro.com\/wp-content\/uploads\/2021\/01\/Logo-Golf-Aro-transparent.png","width":100,"height":100,"caption":"Club Golf d'Aro - Mas Nou"},"image":{"@id":"https:\/\/www.golfdaro.com\/ca\/#\/schema\/logo\/image\/"},"sameAs":["https:\/\/www.facebook.com\/golfdaro\/","https:\/\/x.com\/golfdaro","https:\/\/www.instagram.com\/golfdaro\/","https:\/\/www.youtube.com\/channel\/UC728WxtMLhPa1qUCnMemzLQ"]}]}},"_links":{"self":[{"href":"https:\/\/www.golfdaro.com\/ca\/wp-json\/wp\/v2\/pages\/817","targetHints":{"allow":["GET"]}}],"collection":[{"href":"https:\/\/www.golfdaro.com\/ca\/wp-json\/wp\/v2\/pages"}],"about":[{"href":"https:\/\/www.golfdaro.com\/ca\/wp-json\/wp\/v2\/types\/page"}],"author":[{"embeddable":true,"href":"https:\/\/www.golfdaro.com\/ca\/wp-json\/wp\/v2\/users\/1"}],"replies":[{"embeddable":true,"href":"https:\/\/www.golfdaro.com\/ca\/wp-json\/wp\/v2\/comments?post=817"}],"version-history":[{"count":0,"href":"https:\/\/www.golfdaro.com\/ca\/wp-json\/wp\/v2\/pages\/817\/revisions"}],"wp:attachment":[{"href":"https:\/\/www.golfdaro.com\/ca\/wp-json\/wp\/v2\/media?parent=817"}],"curies":[{"name":"wp","href":"https:\/\/api.w.org\/{rel}","templated":true}]}}