{"id":786,"date":"2021-02-18T22:19:09","date_gmt":"2021-02-18T21:19:09","guid":{"rendered":"https:\/\/www.golfdaro.com\/avis-legal\/"},"modified":"2025-01-08T13:44:45","modified_gmt":"2025-01-08T12:44:45","slug":"avis-legal","status":"publish","type":"page","link":"https:\/\/www.golfdaro.com\/ca\/avis-legal\/","title":{"rendered":"Avis legal"},"content":{"rendered":"\t\t<div data-elementor-type=\"wp-page\" data-elementor-id=\"786\" class=\"elementor elementor-786 elementor-606\" data-elementor-post-type=\"page\">\n\t\t\t\t\t\t<section class=\"elementor-section elementor-top-section elementor-element elementor-element-85fd060 elementor-section-boxed elementor-section-height-default elementor-section-height-default\" data-id=\"85fd060\" data-element_type=\"section\" data-e-type=\"section\">\n\t\t\t\t\t\t<div class=\"elementor-container elementor-column-gap-default\">\n\t\t\t\t\t<div class=\"elementor-column elementor-col-100 elementor-top-column elementor-element elementor-element-edcf7ed\" data-id=\"edcf7ed\" data-element_type=\"column\" data-e-type=\"column\">\n\t\t\t<div class=\"elementor-widget-wrap elementor-element-populated\">\n\t\t\t\t\t\t<div class=\"elementor-element elementor-element-34cd538 elementor-widget elementor-widget-spacer\" data-id=\"34cd538\" data-element_type=\"widget\" data-e-type=\"widget\" data-widget_type=\"spacer.default\">\n\t\t\t\t<div class=\"elementor-widget-container\">\n\t\t\t\t\t\t\t<div class=\"elementor-spacer\">\n\t\t\t<div class=\"elementor-spacer-inner\"><\/div>\n\t\t<\/div>\n\t\t\t\t\t\t<\/div>\n\t\t\t\t<\/div>\n\t\t\t\t<div class=\"elementor-element elementor-element-619aa602 elementor-widget elementor-widget-text-editor\" data-id=\"619aa602\" data-element_type=\"widget\" data-e-type=\"widget\" data-widget_type=\"text-editor.default\">\n\t\t\t\t<div class=\"elementor-widget-container\">\n\t\t\t\t\t\t\t\t\t<h3>Titular del web i dades de contacte<\/h3>\n<p>www.golfdaro.com \u00e9s un domini a Internet titularitat de MONSIERRA GESTI\u00d3N, S.L. amb CIF\/NIF CB56136690, (en endavant, &#8220;CLUB GOLF D&#8217;ARO &#8211; MAS NOU&#8221;) i amb domicili fiscal al carrer de Tavern, 3, 08021, Barcelona (Espanya). Inscrita al Registre Mercantil de Barcelona, sota 43059, Foli 213, Full B 419980, Inscripci\u00f3 1a.<\/p>\n<p>La finalitat del web \u00e9s comercial i informativa, com a eina de contacte.<\/p>\n<p>P0t posar-se en contacte amb nosaltres:<\/p>\n<ul>\n<li aria-level=\"1\">Per tel\u00e8fon, al n\u00famero: 972 816 727\u00e7<\/li>\n<li aria-level=\"1\">Per correu electr\u00f2nic, escrivint a: <a href=\"about:blank\">info@golfdaro.com<\/a><\/li>\n<li aria-level=\"1\">Per escrit, dirigint-se a Urb. Mas Nou, s\/n \u2013 Apartat de correus 429 \u2013 17250 Platja d&#8217;Aro (Girona) \u2013 Espanya.<\/li>\n<\/ul>\n<p>Per a qualsevol aclariment per favor no dubtin a contactar amb nosaltres.<\/p>\n<h3>Condicions d&#8217;\u00fas del web<\/h3>\n<p>Les presents condicions d&#8217;\u00fas regulen l&#8217;acc\u00e9s a aquesta web per part dels clients de CLUB GOLF D&#8217;ARO &#8211; MAS NOU, i altres usuaris d&#8217;Internet. Pel mer \u00fas d&#8217;aquesta web, l&#8217;usuari manifesta la seva acceptaci\u00f3 sense reserves de les presents condicions d&#8217;\u00fas.<\/p>\n<p>CLUB GOLF D&#8217;ARO &#8211; MAS NOU es reserva el dret unilateral de modificar les presents condicions d&#8217;acc\u00e9s a la web, aix\u00ed com els continguts en ella inclosos.<\/p>\n<p>Si incompleixes aquestes condicions d&#8217;\u00fas, CLUB GOLF D&#8217;ARO &#8211; MAS NOU podr\u00e0 donar per finalitzat l&#8217;\u00fas que facis de la web, impedir que la utilitzis en el futur, anul\u00b7lar la teva reserva, i\/o iniciar les actuacions judicials corresponents en contra teu.<\/p>\n<h3>Limitaci\u00f3 i exclusi\u00f3 de responsabilitat<\/h3>\n<p>El contingut d&#8217;aquest web \u00e9s de car\u00e0cter general i t\u00e9 una finalitat i efectes exclusivament informatius. CLUB GOLF D&#8217;ARO &#8211; MAS NOU rebutja la responsabilitat sobre qualsevol informaci\u00f3 no elaborada per ella o publicada en el seu nom de forma no autoritzada per ella, igual que la responsabilitat que es derivi de la mala utilitzaci\u00f3 per tercers dels continguts.<\/p>\n<p>L&#8217;usuari exonera CLUB GOLF D&#8217;ARO &#8211; MAS NOU de qualsevol responsabilitat que pogu\u00e9s derivar-se de les interrupcions de disponibilitat de la p\u00e0gina web, ja sigui per mal funcionament del servidor web o d&#8217;aplicacions, de les infraestructures de comunicacions, o del programari i maquinari utilitzats per a la navegaci\u00f3.<\/p>\n<p>En el cas d&#8217;incloure enlla\u00e7os a altres p\u00e0gines web, CLUB GOLF D&#8217;ARO &#8211; MAS NOU declina qualsevol responsabilitat relacionada amb l&#8217;acc\u00e9s i utilitzaci\u00f3 d&#8217;aquests enlla\u00e7os.<\/p>\n<h3>Propietat intel\u00b7lectual i industrial<\/h3>\n<p>La totalitat d&#8217;aquesta web es troba protegida per les lleis sobre propietat Intel\u00b7lectual i Industrial. Llevat que s&#8217;indiqui el contrari, els drets de propietat intel\u00b7lectual sobre aquests continguts corresponen en exclusiva a CLUB GOLF D&#8217;ARO &#8211; MAS NOU. L&#8217;usuari reconeix que l&#8217;\u00fas dels continguts queda estrictament limitat a finalitats personals del propi usuari i que la reproducci\u00f3, distribuci\u00f3, comunicaci\u00f3 o transformaci\u00f3 no expressament autoritzada d&#8217;aquestes obres constitueix una infracci\u00f3 dels drets de propietat intel\u00b7lectual.<\/p>\n<p>Aix\u00ed mateix, l&#8217;usuari s&#8217;abstindr\u00e0 d&#8217;emprar els continguts i, en particular, la informaci\u00f3 de qualsevol classe obtinguda a trav\u00e9s del web per remetre publicitat, comunicacions amb finalitats de venda directa o amb qualsevol altra classe de finalitat comercial, missatges no sol\u00b7licitats dirigits a una pluralitat de persones amb independ\u00e8ncia de la seva finalitat. Tamb\u00e9 s&#8217; abstindr\u00e0 de comercialitzar o divulgar de qualsevol manera aquesta informaci\u00f3.<\/p>\n<p>golfdaro.com \u00e9s un domini de CLUB GOLF D&#8217;ARO &#8211; MAS NOU. No pot ser utilitzat, llevat d&#8217;autoritzaci\u00f3 expressa pr\u00e8via, en connexi\u00f3 amb altres productes o serveis que no siguin de CLUB GOLF D&#8217;ARO &#8211; MAS NOU de cap manera que pugui causar confusi\u00f3 entre els nostres clients o descr\u00e8dit de CLUB GOLF D&#8217;ARO &#8211; MAS NOU.<\/p>\n<h3>Pol\u00edtica per enlla\u00e7ar a aquesta web<\/h3>\n<p>Si qualsevol usuari, entitat o p\u00e0gina web desitg\u00e9s establir algun tipus d&#8217;enlla\u00e7 amb destinaci\u00f3 a aquesta web haur\u00e0 de sol\u00b7licitar autoritzaci\u00f3 pr\u00e8via a la realitzaci\u00f3 de l&#8217;enlla\u00e7 i per escrit.<\/p>\n<p>A m\u00e9s, nom\u00e9s es permet enlla\u00e7ar a la p\u00e0gina d&#8217;inici de la web. L&#8217;enlla\u00e7 ha de ser absolut i complet, \u00e9s a dir, ha de portar l&#8217;usuari a la pr\u00f2pia adre\u00e7a de CLUB GOLF D&#8217;ARO &#8211; MAS NOU abastant completament l&#8217;extensi\u00f3 de la pantalla de la p\u00e0gina que cont\u00e9 l&#8217;enlla\u00e7. En cap cas, llevat d&#8217;autoritzaci\u00f3 expressa i per escrit de CLUB GOLF D&#8217;ARO &#8211; MAS NOU, la p\u00e0gina que realitzi l&#8217;enlla\u00e7 podr\u00e0 reproduir de qualsevol manera la web de CLUB GOLF D&#8217;ARO &#8211; MAS NOU, incloure-la com a part del seu web o dins d&#8217;un dels seus marcs sobre qualsevol de les p\u00e0gines o continguts de la present web.<\/p>\n<p>No s&#8217; inclour\u00e0 cap manifestaci\u00f3 falsa, inexacta o incorrecta sobre les p\u00e0gines d&#8217; aquesta web o els serveis que s&#8217; hi ofereixen.<\/p>\n<p>L&#8217;enlla\u00e7 no contindr\u00e0 cap marca, nom comercial, r\u00e8tol d&#8217;establiment, denominaci\u00f3, logotip, esl\u00f2gan o altres signes distintius pertanyents a CLUB GOLF D&#8217;ARO &#8211; MAS NOU.<\/p>\n<p>Sota cap circumst\u00e0ncia, CLUB GOLF D&#8217;ARO &#8211; MAS NOU ser\u00e0 responsable dels continguts o serveis posats a disposici\u00f3 del p\u00fablic a la p\u00e0gina web des de la qual es realitzi l&#8217;hiperenlla\u00e7 ni de les informacions o manifestacions incloses en aquestes.<\/p>\n<h3>Protecci\u00f3 de dades personals<\/h3>\n<p>La utilitzaci\u00f3 d&#8217;aquesta web i dels seus formularis requereix l&#8217;acceptaci\u00f3 del tractament de les dades de l&#8217;usuari sota la responsabilitat d&#8217;EAGLE GOLF MANAGEMENT, S.L., per a finalitats que inclouen la provisi\u00f3 de la web, la recopilaci\u00f3 de dades d&#8217;acc\u00e9s i l&#8217;enviament d&#8217;informaci\u00f3 comercial per via electr\u00f2nica, en determinats casos.<\/p>\n<p>Llegiu detingudament la pol\u00edtica de privacitat per a informaci\u00f3 addicional i detallada, incloent com utilitzem les dades dels usuaris i com exercir els drets d&#8217;acc\u00e9s, rectificaci\u00f3, supressi\u00f3, oposici\u00f3, i altres drets de protecci\u00f3 de dades.<\/p>\n<h3>Cookies<\/h3>\n<p>Aquesta web utilitza cookies pr\u00f2pies i de tercers per a diverses finalitats incloent anal\u00edtiques i publicitat adaptada als interessos de l&#8217;usuari. El mer \u00fas d&#8217;aquesta web amb les cookies activades al navegador implica l&#8217;acceptaci\u00f3 del seu tractament conforme a la nostra pol\u00edtica de cookies.<\/p>\n<p>Llegiu detingudament la nostra pol\u00edtica de cookies per con\u00e8ixer els tipus de cookies emprats, i com bloquejar-les i esborrar-les al seu navegador.<\/p>\n<h3>Prevalen\u00e7a de la versi\u00f3 espanyola<\/h3>\n<p>En cas que es tradueixi aquest av\u00eds legal a altres idiomes, quan hi hagi discrep\u00e0ncia, la versi\u00f3 espanyola prevaldr\u00e0.<\/p>\n<h3>Legislaci\u00f3 i Jurisdicci\u00f3 aplicable<\/h3>\n<p>El present Av\u00eds Legal aix\u00ed com les relacions entre CLUB GOLF D&#8217;ARO &#8211; MAS NOU i els usuaris, es regiran per la normativa espanyola vigent i qualsevol controv\u00e8rsia se sotmetr\u00e0 als Jutjats i Tribunals de BARCELONA, excepte en el cas de consumidors i usuaris que s&#8217;aplicar\u00e0 el fur imperatiu dels jutjats que corresponguin al seu domicili.<\/p>\n<p>\u00a9 2024 MONSIERRA GESTI\u00d3N, S.L.<\/p>\n<p>&nbsp;<\/p>\n<h5><\/h5>\n\t\t\t\t\t\t\t\t<\/div>\n\t\t\t\t<\/div>\n\t\t\t\t\t<\/div>\n\t\t<\/div>\n\t\t\t\t\t<\/div>\n\t\t<\/section>\n\t\t<div class=\"elementor-element elementor-element-3d6a8af e-flex e-con-boxed e-con e-parent\" data-id=\"3d6a8af\" data-element_type=\"container\" data-e-type=\"container\">\n\t\t\t\t\t<div class=\"e-con-inner\">\n\t\t\t\t<div class=\"elementor-element elementor-element-043abf4 elementor-widget elementor-widget-spacer\" data-id=\"043abf4\" data-element_type=\"widget\" data-e-type=\"widget\" data-widget_type=\"spacer.default\">\n\t\t\t\t<div class=\"elementor-widget-container\">\n\t\t\t\t\t\t\t<div class=\"elementor-spacer\">\n\t\t\t<div class=\"elementor-spacer-inner\"><\/div>\n\t\t<\/div>\n\t\t\t\t\t\t<\/div>\n\t\t\t\t<\/div>\n\t\t\t\t\t<\/div>\n\t\t\t\t<\/div>\n\t\t\t\t<\/div>\n\t\t","protected":false},"excerpt":{"rendered":"<p>Titular del web i dades de contacte www.golfdaro.com \u00e9s un domini a Internet titularitat de MONSIERRA GESTI\u00d3N, S.L. amb CIF\/NIF CB56136690, (en endavant, &#8220;CLUB GOLF D&#8217;ARO &#8211; MAS NOU&#8221;) i amb domicili fiscal al carrer de Tavern, 3, 08021, Barcelona &hellip; <a href=\"https:\/\/www.golfdaro.com\/ca\/avis-legal\/\">Read More<\/a><\/p>\n","protected":false},"author":1,"featured_media":0,"parent":0,"menu_order":65,"comment_status":"closed","ping_status":"closed","template":"","meta":{"_eb_attr":"","footnotes":""},"class_list":["post-786","page","type-page","status-publish","hentry"],"yoast_head":"<!-- This site is optimized with the Yoast SEO plugin v27.4 - https:\/\/yoast.com\/product\/yoast-seo-wordpress\/ -->\n<title>Avis legal - Club Golf d&#039;Aro<\/title>\n<meta name=\"description\" content=\"CLUB GOLF D&#039;ARO - MAS NOU estableix en el seu Av\u00eds Legal les condicions i termes concordes amb la normativa vigent en mat\u00e8ria de protecci\u00f3 de dades ...\" \/>\n<meta name=\"robots\" content=\"noindex, nofollow\" \/>\n<meta property=\"og:locale\" content=\"ca_ES\" \/>\n<meta property=\"og:type\" content=\"article\" \/>\n<meta property=\"og:title\" content=\"Avis legal - Club Golf d&#039;Aro\" \/>\n<meta property=\"og:description\" content=\"CLUB GOLF D&#039;ARO - MAS NOU estableix en el seu Av\u00eds Legal les condicions i termes concordes amb la normativa vigent en mat\u00e8ria de protecci\u00f3 de dades ...\" \/>\n<meta property=\"og:url\" content=\"https:\/\/www.golfdaro.com\/ca\/avis-legal\/\" \/>\n<meta property=\"og:site_name\" content=\"Club Golf d&#039;Aro\" \/>\n<meta property=\"article:publisher\" content=\"https:\/\/www.facebook.com\/golfdaro\/\" \/>\n<meta property=\"article:modified_time\" content=\"2025-01-08T12:44:45+00:00\" \/>\n<meta name=\"twitter:card\" content=\"summary_large_image\" \/>\n<meta name=\"twitter:site\" content=\"@golfdaro\" \/>\n<meta name=\"twitter:label1\" content=\"Temps estimat de lectura\" \/>\n\t<meta name=\"twitter:data1\" content=\"6 minuts\" \/>\n<script type=\"application\/ld+json\" class=\"yoast-schema-graph\">{\"@context\":\"https:\\\/\\\/schema.org\",\"@graph\":[{\"@type\":\"WebPage\",\"@id\":\"https:\\\/\\\/www.golfdaro.com\\\/ca\\\/avis-legal\\\/\",\"url\":\"https:\\\/\\\/www.golfdaro.com\\\/ca\\\/avis-legal\\\/\",\"name\":\"Avis legal - Club Golf d&#039;Aro\",\"isPartOf\":{\"@id\":\"https:\\\/\\\/www.golfdaro.com\\\/ca\\\/#website\"},\"datePublished\":\"2021-02-18T21:19:09+00:00\",\"dateModified\":\"2025-01-08T12:44:45+00:00\",\"description\":\"CLUB GOLF D'ARO - MAS NOU estableix en el seu Av\u00eds Legal les condicions i termes concordes amb la normativa vigent en mat\u00e8ria de protecci\u00f3 de dades ...\",\"breadcrumb\":{\"@id\":\"https:\\\/\\\/www.golfdaro.com\\\/ca\\\/avis-legal\\\/#breadcrumb\"},\"inLanguage\":\"ca\",\"potentialAction\":[{\"@type\":\"ReadAction\",\"target\":[\"https:\\\/\\\/www.golfdaro.com\\\/ca\\\/avis-legal\\\/\"]}]},{\"@type\":\"BreadcrumbList\",\"@id\":\"https:\\\/\\\/www.golfdaro.com\\\/ca\\\/avis-legal\\\/#breadcrumb\",\"itemListElement\":[{\"@type\":\"ListItem\",\"position\":1,\"name\":\"Portada\",\"item\":\"https:\\\/\\\/www.golfdaro.com\\\/ca\\\/\"},{\"@type\":\"ListItem\",\"position\":2,\"name\":\"Avis legal\"}]},{\"@type\":\"WebSite\",\"@id\":\"https:\\\/\\\/www.golfdaro.com\\\/ca\\\/#website\",\"url\":\"https:\\\/\\\/www.golfdaro.com\\\/ca\\\/\",\"name\":\"Club Golf d&#039;Aro\",\"description\":\"Vistas Impresionantes. Sin interrupciones\",\"publisher\":{\"@id\":\"https:\\\/\\\/www.golfdaro.com\\\/ca\\\/#organization\"},\"potentialAction\":[{\"@type\":\"SearchAction\",\"target\":{\"@type\":\"EntryPoint\",\"urlTemplate\":\"https:\\\/\\\/www.golfdaro.com\\\/ca\\\/?s={search_term_string}\"},\"query-input\":{\"@type\":\"PropertyValueSpecification\",\"valueRequired\":true,\"valueName\":\"search_term_string\"}}],\"inLanguage\":\"ca\"},{\"@type\":\"Organization\",\"@id\":\"https:\\\/\\\/www.golfdaro.com\\\/ca\\\/#organization\",\"name\":\"Club Golf d'Aro - Mas Nou\",\"url\":\"https:\\\/\\\/www.golfdaro.com\\\/ca\\\/\",\"logo\":{\"@type\":\"ImageObject\",\"inLanguage\":\"ca\",\"@id\":\"https:\\\/\\\/www.golfdaro.com\\\/ca\\\/#\\\/schema\\\/logo\\\/image\\\/\",\"url\":\"https:\\\/\\\/www.golfdaro.com\\\/wp-content\\\/uploads\\\/2021\\\/01\\\/Logo-Golf-Aro-transparent.png\",\"contentUrl\":\"https:\\\/\\\/www.golfdaro.com\\\/wp-content\\\/uploads\\\/2021\\\/01\\\/Logo-Golf-Aro-transparent.png\",\"width\":100,\"height\":100,\"caption\":\"Club Golf d'Aro - Mas Nou\"},\"image\":{\"@id\":\"https:\\\/\\\/www.golfdaro.com\\\/ca\\\/#\\\/schema\\\/logo\\\/image\\\/\"},\"sameAs\":[\"https:\\\/\\\/www.facebook.com\\\/golfdaro\\\/\",\"https:\\\/\\\/x.com\\\/golfdaro\",\"https:\\\/\\\/www.instagram.com\\\/golfdaro\\\/\",\"https:\\\/\\\/www.youtube.com\\\/channel\\\/UC728WxtMLhPa1qUCnMemzLQ\"]}]}<\/script>\n<!-- \/ Yoast SEO plugin. -->","yoast_head_json":{"title":"Avis legal - Club Golf d&#039;Aro","description":"CLUB GOLF D'ARO - MAS NOU estableix en el seu Av\u00eds Legal les condicions i termes concordes amb la normativa vigent en mat\u00e8ria de protecci\u00f3 de dades ...","robots":{"index":"noindex","follow":"nofollow"},"og_locale":"ca_ES","og_type":"article","og_title":"Avis legal - Club Golf d&#039;Aro","og_description":"CLUB GOLF D'ARO - MAS NOU estableix en el seu Av\u00eds Legal les condicions i termes concordes amb la normativa vigent en mat\u00e8ria de protecci\u00f3 de dades ...","og_url":"https:\/\/www.golfdaro.com\/ca\/avis-legal\/","og_site_name":"Club Golf d&#039;Aro","article_publisher":"https:\/\/www.facebook.com\/golfdaro\/","article_modified_time":"2025-01-08T12:44:45+00:00","twitter_card":"summary_large_image","twitter_site":"@golfdaro","twitter_misc":{"Temps estimat de lectura":"6 minuts"},"schema":{"@context":"https:\/\/schema.org","@graph":[{"@type":"WebPage","@id":"https:\/\/www.golfdaro.com\/ca\/avis-legal\/","url":"https:\/\/www.golfdaro.com\/ca\/avis-legal\/","name":"Avis legal - Club Golf d&#039;Aro","isPartOf":{"@id":"https:\/\/www.golfdaro.com\/ca\/#website"},"datePublished":"2021-02-18T21:19:09+00:00","dateModified":"2025-01-08T12:44:45+00:00","description":"CLUB GOLF D'ARO - MAS NOU estableix en el seu Av\u00eds Legal les condicions i termes concordes amb la normativa vigent en mat\u00e8ria de protecci\u00f3 de dades ...","breadcrumb":{"@id":"https:\/\/www.golfdaro.com\/ca\/avis-legal\/#breadcrumb"},"inLanguage":"ca","potentialAction":[{"@type":"ReadAction","target":["https:\/\/www.golfdaro.com\/ca\/avis-legal\/"]}]},{"@type":"BreadcrumbList","@id":"https:\/\/www.golfdaro.com\/ca\/avis-legal\/#breadcrumb","itemListElement":[{"@type":"ListItem","position":1,"name":"Portada","item":"https:\/\/www.golfdaro.com\/ca\/"},{"@type":"ListItem","position":2,"name":"Avis legal"}]},{"@type":"WebSite","@id":"https:\/\/www.golfdaro.com\/ca\/#website","url":"https:\/\/www.golfdaro.com\/ca\/","name":"Club Golf d&#039;Aro","description":"Vistas Impresionantes. Sin interrupciones","publisher":{"@id":"https:\/\/www.golfdaro.com\/ca\/#organization"},"potentialAction":[{"@type":"SearchAction","target":{"@type":"EntryPoint","urlTemplate":"https:\/\/www.golfdaro.com\/ca\/?s={search_term_string}"},"query-input":{"@type":"PropertyValueSpecification","valueRequired":true,"valueName":"search_term_string"}}],"inLanguage":"ca"},{"@type":"Organization","@id":"https:\/\/www.golfdaro.com\/ca\/#organization","name":"Club Golf d'Aro - Mas Nou","url":"https:\/\/www.golfdaro.com\/ca\/","logo":{"@type":"ImageObject","inLanguage":"ca","@id":"https:\/\/www.golfdaro.com\/ca\/#\/schema\/logo\/image\/","url":"https:\/\/www.golfdaro.com\/wp-content\/uploads\/2021\/01\/Logo-Golf-Aro-transparent.png","contentUrl":"https:\/\/www.golfdaro.com\/wp-content\/uploads\/2021\/01\/Logo-Golf-Aro-transparent.png","width":100,"height":100,"caption":"Club Golf d'Aro - Mas Nou"},"image":{"@id":"https:\/\/www.golfdaro.com\/ca\/#\/schema\/logo\/image\/"},"sameAs":["https:\/\/www.facebook.com\/golfdaro\/","https:\/\/x.com\/golfdaro","https:\/\/www.instagram.com\/golfdaro\/","https:\/\/www.youtube.com\/channel\/UC728WxtMLhPa1qUCnMemzLQ"]}]}},"_links":{"self":[{"href":"https:\/\/www.golfdaro.com\/ca\/wp-json\/wp\/v2\/pages\/786","targetHints":{"allow":["GET"]}}],"collection":[{"href":"https:\/\/www.golfdaro.com\/ca\/wp-json\/wp\/v2\/pages"}],"about":[{"href":"https:\/\/www.golfdaro.com\/ca\/wp-json\/wp\/v2\/types\/page"}],"author":[{"embeddable":true,"href":"https:\/\/www.golfdaro.com\/ca\/wp-json\/wp\/v2\/users\/1"}],"replies":[{"embeddable":true,"href":"https:\/\/www.golfdaro.com\/ca\/wp-json\/wp\/v2\/comments?post=786"}],"version-history":[{"count":0,"href":"https:\/\/www.golfdaro.com\/ca\/wp-json\/wp\/v2\/pages\/786\/revisions"}],"wp:attachment":[{"href":"https:\/\/www.golfdaro.com\/ca\/wp-json\/wp\/v2\/media?parent=786"}],"curies":[{"name":"wp","href":"https:\/\/api.w.org\/{rel}","templated":true}]}}