{"id":36096,"date":"2025-02-27T16:31:44","date_gmt":"2025-02-27T15:31:44","guid":{"rendered":"https:\/\/www.golfdaro.com\/enoturisme\/"},"modified":"2025-05-29T14:34:28","modified_gmt":"2025-05-29T12:34:28","slug":"enoturisme","status":"publish","type":"page","link":"https:\/\/www.golfdaro.com\/ca\/enoturisme\/","title":{"rendered":"Enoturisme"},"content":{"rendered":"\t\t<div data-elementor-type=\"wp-page\" data-elementor-id=\"36096\" class=\"elementor elementor-36096 elementor-36025\" data-elementor-post-type=\"page\">\n\t\t\t\t\t\t<section class=\"elementor-section elementor-top-section elementor-element elementor-element-3bedb08 elementor-section-height-min-height elementor-section-full_width elementor-section-height-default elementor-section-items-middle elementor-invisible\" data-id=\"3bedb08\" data-element_type=\"section\" data-e-type=\"section\" data-settings=\"{&quot;background_background&quot;:&quot;classic&quot;,&quot;animation&quot;:&quot;fadeIn&quot;}\">\n\t\t\t\t\t\t\t<div class=\"elementor-background-overlay\"><\/div>\n\t\t\t\t\t\t\t<div class=\"elementor-container elementor-column-gap-default\">\n\t\t\t\t\t<div class=\"elementor-column elementor-col-100 elementor-top-column elementor-element elementor-element-a80a4e5\" data-id=\"a80a4e5\" data-element_type=\"column\" data-e-type=\"column\">\n\t\t\t<div class=\"elementor-widget-wrap elementor-element-populated\">\n\t\t\t\t\t\t<div class=\"elementor-element elementor-element-76468e0 elementor-view-default elementor-position-top elementor-invisible elementor-widget elementor-widget-themo-header\" data-id=\"76468e0\" data-element_type=\"widget\" data-e-type=\"widget\" data-settings=\"{&quot;_animation&quot;:&quot;fadeInUp&quot;,&quot;_animation_delay&quot;:600}\" data-widget_type=\"themo-header.default\">\n\t\t\t\t<div class=\"elementor-widget-container\">\n\t\t\t\t\t\t\t<div class=\"th-header-wrap\">\n        <div class=\"elementor-icon-box-wrapper \">\n                            <div class=\"elementor-icon-box-content\">\n                    <h1 class=\"elementor-icon-box-title\">\n                        Enoturisme Baix Empord\u00e0                    <\/h1>\n                                        <p class=\"elementor-icon-box-description\"><\/p>\n\n                                    <\/div>\n            <\/div>\n\n        <\/div>\n\n\t\t\t\t\t\t<\/div>\n\t\t\t\t<\/div>\n\t\t\t\t\t<\/div>\n\t\t<\/div>\n\t\t\t\t\t<\/div>\n\t\t<\/section>\n\t\t<div class=\"elementor-element elementor-element-04b99f0 e-flex e-con-boxed e-con e-parent\" data-id=\"04b99f0\" data-element_type=\"container\" data-e-type=\"container\" data-settings=\"{&quot;background_background&quot;:&quot;classic&quot;}\">\n\t\t\t\t\t<div class=\"e-con-inner\">\n\t\t<div class=\"elementor-element elementor-element-41129e3 e-flex e-con-boxed e-con e-child\" data-id=\"41129e3\" data-element_type=\"container\" data-e-type=\"container\">\n\t\t\t\t\t<div class=\"e-con-inner\">\n\t\t\t\t<div class=\"elementor-element elementor-element-c210c58 elementor-widget elementor-widget-text-editor\" data-id=\"c210c58\" data-element_type=\"widget\" data-e-type=\"widget\" data-widget_type=\"text-editor.default\">\n\t\t\t\t<div class=\"elementor-widget-container\">\n\t\t\t\t\t\t\t\t\t<p>En <strong>Club Golf d&#8217;Aro &#8211; Mas Nou<\/strong>, elevem l&#8217;experi\u00e8ncia dels nostres membres amb una nova proposta que uneix el golf i la cultura del vi, gr\u00e0cies a un acord exclusiu amb els millors cellers de la nostra zona.<\/p>\n<p>A partir d&#8217;ara, els nostres membres podran gaudir d&#8217;experi\u00e8ncies \u00faniques que combinen el plaer del golf amb l&#8217;excel\u00b7l\u00e8ncia dels nostres vins locals. Jugar en un entorn privilegiat i descobrir els matisos dels millors vins locals \u00e9s ara una realitat. Perqu\u00e8 el golf no \u00e9s nom\u00e9s un esport, \u00e9s un estil de vida.<\/p>\n<p>Brindem per aquesta nova experi\u00e8ncia!<\/p>\n\t\t\t\t\t\t\t\t<\/div>\n\t\t\t\t<\/div>\n\t\t\t\t\t<\/div>\n\t\t\t\t<\/div>\n\t\t\t\t\t<\/div>\n\t\t\t\t<\/div>\n\t\t\t\t<section class=\"elementor-section elementor-top-section elementor-element elementor-element-9a6c206 elementor-section-full_width elementor-section-height-default elementor-section-height-default\" data-id=\"9a6c206\" data-element_type=\"section\" data-e-type=\"section\" data-settings=\"{&quot;background_background&quot;:&quot;classic&quot;}\">\n\t\t\t\t\t\t<div class=\"elementor-container elementor-column-gap-default\">\n\t\t\t\t\t<div class=\"elementor-column elementor-col-100 elementor-top-column elementor-element elementor-element-59f7f36\" data-id=\"59f7f36\" data-element_type=\"column\" data-e-type=\"column\">\n\t\t\t<div class=\"elementor-widget-wrap elementor-element-populated\">\n\t\t\t\t\t\t<div class=\"elementor-element elementor-element-652fb14 elementor-view-default elementor-position-top elementor-widget elementor-widget-themo-header\" data-id=\"652fb14\" data-element_type=\"widget\" data-e-type=\"widget\" data-widget_type=\"themo-header.default\">\n\t\t\t\t<div class=\"elementor-widget-container\">\n\t\t\t\t\t\t\t<div class=\"th-header-wrap\">\n        <div class=\"elementor-icon-box-wrapper th-show-icon\">\n                            <div class=\"elementor-icon-box-icon th-icon-size-md\">\n                    <span class=\"elementor-icon \">\n                                            <\/span>\n                <\/div>\n                                <div class=\"elementor-icon-box-content\">\n                    <h1 class=\"elementor-icon-box-title\">\n                        Descubreix els millosr Cellers de la nostra zona                    <\/h1>\n                                        <p class=\"elementor-icon-box-description\"><\/p>\n\n                                    <\/div>\n            <\/div>\n\n        <\/div>\n\n\t\t\t\t\t\t<\/div>\n\t\t\t\t<\/div>\n\t\t\t\t\t<\/div>\n\t\t<\/div>\n\t\t\t\t\t<\/div>\n\t\t<\/section>\n\t\t<div class=\"elementor-element elementor-element-973d4a6 e-flex e-con-boxed e-con e-parent\" data-id=\"973d4a6\" data-element_type=\"container\" data-e-type=\"container\">\n\t\t\t\t\t<div class=\"e-con-inner\">\n\t\t<div class=\"elementor-element elementor-element-798d937 e-con-full e-flex e-con e-child\" data-id=\"798d937\" data-element_type=\"container\" data-e-type=\"container\">\n\t\t\t\t<div class=\"elementor-element elementor-element-9920ede elementor-widget elementor-widget-image\" data-id=\"9920ede\" data-element_type=\"widget\" data-e-type=\"widget\" data-widget_type=\"image.default\">\n\t\t\t\t<div class=\"elementor-widget-container\">\n\t\t\t\t\t\t\t\t\t\t\t\t\t\t\t\t<a href=\"https:\/\/closdagon.com\/\" target=\"_blank\">\n\t\t\t\t\t\t\t<img decoding=\"async\" width=\"150\" height=\"103\" src=\"https:\/\/www.golfdaro.com\/wp-content\/uploads\/2025\/05\/Imagen1.png\" class=\"attachment-medium size-medium wp-image-36899\" alt=\"\" srcset=\"https:\/\/www.golfdaro.com\/wp-content\/uploads\/2025\/05\/Imagen1.png 150w, https:\/\/www.golfdaro.com\/wp-content\/uploads\/2025\/05\/Imagen1-67x46.png 67w, https:\/\/www.golfdaro.com\/wp-content\/uploads\/2025\/05\/Imagen1-117x80.png 117w\" sizes=\"(max-width: 150px) 100vw, 150px\" \/>\t\t\t\t\t\t\t\t<\/a>\n\t\t\t\t\t\t\t\t\t\t\t\t\t\t\t<\/div>\n\t\t\t\t<\/div>\n\t\t\t\t<div class=\"elementor-element elementor-element-09a103d elementor-cta--skin-classic elementor-animated-content elementor-widget elementor-widget-call-to-action\" data-id=\"09a103d\" data-element_type=\"widget\" data-e-type=\"widget\" data-widget_type=\"call-to-action.default\">\n\t\t\t\t<div class=\"elementor-widget-container\">\n\t\t\t\t\t\t\t<div class=\"elementor-cta\">\n\t\t\t\t\t<div class=\"elementor-cta__bg-wrapper\">\n\t\t\t\t<div class=\"elementor-cta__bg elementor-bg\" style=\"background-image: url(https:\/\/www.golfdaro.com\/wp-content\/uploads\/2025\/02\/Clos-d-Agon-2-1.jpg);\" role=\"img\" aria-label=\"Clos-d-Agon 2\"><\/div>\n\t\t\t\t<div class=\"elementor-cta__bg-overlay\"><\/div>\n\t\t\t<\/div>\n\t\t\t\t\t\t\t<div class=\"elementor-cta__content\">\n\t\t\t\t\n\t\t\t\t\t\t\t\t\t<h2 class=\"elementor-cta__title elementor-cta__content-item elementor-content-item\">\n\t\t\t\t\t\tCeller Clos d'Agon\t\t\t\t\t<\/h2>\n\t\t\t\t\n\t\t\t\t\t\t\t\t\t<div class=\"elementor-cta__description elementor-cta__content-item elementor-content-item\">\n\t\t\t\t\t\t<p>En <strong>Club Golf d'Aro - Mas Nou<\/strong>, elevem l'experi\u00e8ncia dels nostres membres amb una nova proposta que uneix el golf i la cultura del vi, gr\u00e0cies a un acord exclusiu amb els millors cellers de la nostra zona.<\/p>\n<p>A partir d'ara, els nostres membres podran gaudir d'experi\u00e8ncies \u00faniques que combinen el plaer del golf amb l'excel\u00b7l\u00e8ncia dels nostres vins locals. Jugar en un entorn privilegiat i descobrir els matisos dels millors vins locals \u00e9s ara una realitat. Perqu\u00e8 el golf no \u00e9s nom\u00e9s un esport, \u00e9s un estil de vida.<\/p>\n<p>Brindem per aquesta nova experi\u00e8ncia!<\/p>\n\t\t\t\t\t<\/div>\n\t\t\t\t\n\t\t\t\t\t\t\t\t\t<div class=\"elementor-cta__button-wrapper elementor-cta__content-item elementor-content-item \">\n\t\t\t\t\t<a class=\"elementor-cta__button elementor-button elementor-size-md\" href=\"https:\/\/closdagon.com\/\" target=\"_blank\">\n\t\t\t\t\t\tVEURE M\u00c9S\t\t\t\t\t<\/a>\n\t\t\t\t\t<\/div>\n\t\t\t\t\t\t\t<\/div>\n\t\t\t\t\t\t<\/div>\n\t\t\t\t\t\t<\/div>\n\t\t\t\t<\/div>\n\t\t\t\t<\/div>\n\t\t<div class=\"elementor-element elementor-element-ed2e460 e-con-full e-flex e-con e-child\" data-id=\"ed2e460\" data-element_type=\"container\" data-e-type=\"container\">\n\t\t\t\t<div class=\"elementor-element elementor-element-9cfac41 elementor-widget elementor-widget-image\" data-id=\"9cfac41\" data-element_type=\"widget\" data-e-type=\"widget\" data-widget_type=\"image.default\">\n\t\t\t\t<div class=\"elementor-widget-container\">\n\t\t\t\t\t\t\t\t\t\t\t\t\t\t\t\t<a href=\"https:\/\/www.brugarol.com\/\" target=\"_blank\">\n\t\t\t\t\t\t\t<img decoding=\"async\" width=\"300\" height=\"118\" src=\"https:\/\/www.golfdaro.com\/wp-content\/uploads\/2025\/05\/Brugarol-1-1.png\" class=\"attachment-medium size-medium wp-image-36920\" alt=\"\" srcset=\"https:\/\/www.golfdaro.com\/wp-content\/uploads\/2025\/05\/Brugarol-1-1.png 300w, https:\/\/www.golfdaro.com\/wp-content\/uploads\/2025\/05\/Brugarol-1-1-117x46.png 117w, https:\/\/www.golfdaro.com\/wp-content\/uploads\/2025\/05\/Brugarol-1-1-203x80.png 203w\" sizes=\"(max-width: 300px) 100vw, 300px\" \/>\t\t\t\t\t\t\t\t<\/a>\n\t\t\t\t\t\t\t\t\t\t\t\t\t\t\t<\/div>\n\t\t\t\t<\/div>\n\t\t\t\t<div class=\"elementor-element elementor-element-b507d07 elementor-cta--skin-classic elementor-animated-content elementor-widget elementor-widget-call-to-action\" data-id=\"b507d07\" data-element_type=\"widget\" data-e-type=\"widget\" data-widget_type=\"call-to-action.default\">\n\t\t\t\t<div class=\"elementor-widget-container\">\n\t\t\t\t\t\t\t<div class=\"elementor-cta\">\n\t\t\t\t\t<div class=\"elementor-cta__bg-wrapper\">\n\t\t\t\t<div class=\"elementor-cta__bg elementor-bg\" style=\"background-image: url(https:\/\/www.golfdaro.com\/wp-content\/uploads\/2025\/02\/Bodegues-Brugarol-2.jpg);\" role=\"img\" aria-label=\"Celler Brugarol\"><\/div>\n\t\t\t\t<div class=\"elementor-cta__bg-overlay\"><\/div>\n\t\t\t<\/div>\n\t\t\t\t\t\t\t<div class=\"elementor-cta__content\">\n\t\t\t\t\n\t\t\t\t\t\t\t\t\t<h2 class=\"elementor-cta__title elementor-cta__content-item elementor-content-item\">\n\t\t\t\t\t\tCeller Brugarol\t\t\t\t\t<\/h2>\n\t\t\t\t\n\t\t\t\t\t\t\t\t\t<div class=\"elementor-cta__description elementor-cta__content-item elementor-content-item\">\n\t\t\t\t\t\t<p>En <strong>Club Golf d'Aro - Mas Nou<\/strong>, elevem l'experi\u00e8ncia dels nostres membres amb una nova proposta que uneix el golf i la cultura del vi, gr\u00e0cies a un acord exclusiu amb els millors cellers de la nostra zona.<\/p>\n<p>A partir d'ara, els nostres membres podran gaudir d'experi\u00e8ncies \u00faniques que combinen el plaer del golf amb l'excel\u00b7l\u00e8ncia dels nostres vins locals. Jugar en un entorn privilegiat i descobrir els matisos dels millors vins locals \u00e9s ara una realitat. Perqu\u00e8 el golf no \u00e9s nom\u00e9s un esport, \u00e9s un estil de vida.<\/p>\n<p>Brindem per aquesta nova experi\u00e8ncia!<\/p>\n\t\t\t\t\t<\/div>\n\t\t\t\t\n\t\t\t\t\t\t\t\t\t<div class=\"elementor-cta__button-wrapper elementor-cta__content-item elementor-content-item \">\n\t\t\t\t\t<a class=\"elementor-cta__button elementor-button elementor-size-md\" href=\"https:\/\/www.brugarol.com\/\" target=\"_blank\">\n\t\t\t\t\t\tVEURE M\u00c9S\t\t\t\t\t<\/a>\n\t\t\t\t\t<\/div>\n\t\t\t\t\t\t\t<\/div>\n\t\t\t\t\t\t<\/div>\n\t\t\t\t\t\t<\/div>\n\t\t\t\t<\/div>\n\t\t\t\t<\/div>\n\t\t\t\t\t<\/div>\n\t\t\t\t<\/div>\n\t\t<div class=\"elementor-element elementor-element-af8762e e-flex e-con-boxed e-con e-parent\" data-id=\"af8762e\" data-element_type=\"container\" data-e-type=\"container\" data-settings=\"{&quot;background_background&quot;:&quot;classic&quot;}\">\n\t\t\t\t\t<div class=\"e-con-inner\">\n\t\t<div class=\"elementor-element elementor-element-cd8a742 e-con-full e-flex e-con e-child\" data-id=\"cd8a742\" data-element_type=\"container\" data-e-type=\"container\" data-settings=\"{&quot;background_background&quot;:&quot;classic&quot;}\">\n\t\t\t\t<div class=\"elementor-element elementor-element-56cfd2a elementor-widget elementor-widget-heading\" data-id=\"56cfd2a\" data-element_type=\"widget\" data-e-type=\"widget\" data-widget_type=\"heading.default\">\n\t\t\t\t<div class=\"elementor-widget-container\">\n\t\t\t\t\t<h4 class=\"elementor-heading-title elementor-size-default\">Acord membres:<\/h4>\t\t\t\t<\/div>\n\t\t\t\t<\/div>\n\t\t\t\t<div class=\"elementor-element elementor-element-1885584 elementor-widget elementor-widget-heading\" data-id=\"1885584\" data-element_type=\"widget\" data-e-type=\"widget\" data-widget_type=\"heading.default\">\n\t\t\t\t<div class=\"elementor-widget-container\">\n\t\t\t\t\t<h2 class=\"elementor-heading-title elementor-size-default\">Celler Clos d'Agon - 10% dte. en activitats \/\/ 10% dte. en venda de vins.<\/h2>\t\t\t\t<\/div>\n\t\t\t\t<\/div>\n\t\t\t\t<\/div>\n\t\t<div class=\"elementor-element elementor-element-302d0ea e-con-full e-flex e-con e-child\" data-id=\"302d0ea\" data-element_type=\"container\" data-e-type=\"container\" data-settings=\"{&quot;background_background&quot;:&quot;classic&quot;}\">\n\t\t\t\t<div class=\"elementor-element elementor-element-beccb7b elementor-widget elementor-widget-heading\" data-id=\"beccb7b\" data-element_type=\"widget\" data-e-type=\"widget\" data-widget_type=\"heading.default\">\n\t\t\t\t<div class=\"elementor-widget-container\">\n\t\t\t\t\t<h4 class=\"elementor-heading-title elementor-size-default\">Acord membres:<\/h4>\t\t\t\t<\/div>\n\t\t\t\t<\/div>\n\t\t\t\t<div class=\"elementor-element elementor-element-921199a elementor-widget elementor-widget-heading\" data-id=\"921199a\" data-element_type=\"widget\" data-e-type=\"widget\" data-widget_type=\"heading.default\">\n\t\t\t\t<div class=\"elementor-widget-container\">\n\t\t\t\t\t<h2 class=\"elementor-heading-title elementor-size-default\">Celler Brugarol - 10% de descompte en visites privades al celler. Reserva pr\u00e8via per la vostra per Golf d'Aro (no inclou vista premium)15% de descompte en la compra de tot el nostre producte: vins, formatges i altres productes d'obrador.<\/h2>\t\t\t\t<\/div>\n\t\t\t\t<\/div>\n\t\t\t\t<\/div>\n\t\t\t\t\t<\/div>\n\t\t\t\t<\/div>\n\t\t<div class=\"elementor-element elementor-element-9a371a9 e-flex e-con-boxed e-con e-parent\" data-id=\"9a371a9\" data-element_type=\"container\" data-e-type=\"container\">\n\t\t\t\t\t<div class=\"e-con-inner\">\n\t\t\t\t<div class=\"elementor-element elementor-element-91a97e8 elementor-widget elementor-widget-spacer\" data-id=\"91a97e8\" data-element_type=\"widget\" data-e-type=\"widget\" data-widget_type=\"spacer.default\">\n\t\t\t\t<div class=\"elementor-widget-container\">\n\t\t\t\t\t\t\t<div class=\"elementor-spacer\">\n\t\t\t<div class=\"elementor-spacer-inner\"><\/div>\n\t\t<\/div>\n\t\t\t\t\t\t<\/div>\n\t\t\t\t<\/div>\n\t\t\t\t\t<\/div>\n\t\t\t\t<\/div>\n\t\t\t\t<\/div>\n\t\t","protected":false},"excerpt":{"rendered":"<p>Enoturisme Baix Empord\u00e0 En Club Golf d&#8217;Aro &#8211; Mas Nou, elevem l&#8217;experi\u00e8ncia dels nostres membres amb una nova proposta que uneix el golf i la cultura del vi, gr\u00e0cies a un acord exclusiu amb els millors cellers de la nostra &hellip; <a href=\"https:\/\/www.golfdaro.com\/ca\/enoturisme\/\">Read More<\/a><\/p>\n","protected":false},"author":2,"featured_media":0,"parent":0,"menu_order":5,"comment_status":"closed","ping_status":"closed","template":"","meta":{"_eb_attr":"","footnotes":""},"class_list":["post-36096","page","type-page","status-publish","hentry"],"yoast_head":"<!-- This site is optimized with the Yoast SEO plugin v27.4 - https:\/\/yoast.com\/product\/yoast-seo-wordpress\/ -->\n<title>Enoturisme - Club Golf d&#039;Aro<\/title>\n<meta name=\"description\" content=\"Enoturisme \u2013 Al Club Golf d\u2019Aro \u2013 Mas Nou, elevem l\u2019experi\u00e8ncia dels nostres membres amb una nova proposta que uneix el golf i la cultura del vi, gr\u00e0cies a un acord exclusiu amb els millors cellers de la nostra zona.\" \/>\n<meta name=\"robots\" content=\"index, follow, max-snippet:-1, max-image-preview:large, max-video-preview:-1\" \/>\n<link rel=\"canonical\" href=\"https:\/\/www.golfdaro.com\/ca\/enoturisme\/\" \/>\n<meta property=\"og:locale\" content=\"ca_ES\" \/>\n<meta property=\"og:type\" content=\"article\" \/>\n<meta property=\"og:title\" content=\"Enoturisme - Club Golf d&#039;Aro\" \/>\n<meta property=\"og:description\" content=\"Enoturisme \u2013 Al Club Golf d\u2019Aro \u2013 Mas Nou, elevem l\u2019experi\u00e8ncia dels nostres membres amb una nova proposta que uneix el golf i la cultura del vi, gr\u00e0cies a un acord exclusiu amb els millors cellers de la nostra zona.\" \/>\n<meta property=\"og:url\" content=\"https:\/\/www.golfdaro.com\/ca\/enoturisme\/\" \/>\n<meta property=\"og:site_name\" content=\"Club Golf d&#039;Aro\" \/>\n<meta property=\"article:publisher\" content=\"https:\/\/www.facebook.com\/golfdaro\/\" \/>\n<meta property=\"article:modified_time\" content=\"2025-05-29T12:34:28+00:00\" \/>\n<meta property=\"og:image\" content=\"https:\/\/www.golfdaro.com\/wp-content\/uploads\/2025\/05\/Imagen1.png\" \/>\n\t<meta property=\"og:image:width\" content=\"150\" \/>\n\t<meta property=\"og:image:height\" content=\"103\" \/>\n\t<meta property=\"og:image:type\" content=\"image\/png\" \/>\n<meta name=\"twitter:card\" content=\"summary_large_image\" \/>\n<meta name=\"twitter:site\" content=\"@golfdaro\" \/>\n<meta name=\"twitter:label1\" content=\"Temps estimat de lectura\" \/>\n\t<meta name=\"twitter:data1\" content=\"1 minut\" \/>\n<script type=\"application\/ld+json\" class=\"yoast-schema-graph\">{\"@context\":\"https:\\\/\\\/schema.org\",\"@graph\":[{\"@type\":\"WebPage\",\"@id\":\"https:\\\/\\\/www.golfdaro.com\\\/ca\\\/enoturisme\\\/\",\"url\":\"https:\\\/\\\/www.golfdaro.com\\\/ca\\\/enoturisme\\\/\",\"name\":\"Enoturisme - Club Golf d&#039;Aro\",\"isPartOf\":{\"@id\":\"https:\\\/\\\/www.golfdaro.com\\\/ca\\\/#website\"},\"primaryImageOfPage\":{\"@id\":\"https:\\\/\\\/www.golfdaro.com\\\/ca\\\/enoturisme\\\/#primaryimage\"},\"image\":{\"@id\":\"https:\\\/\\\/www.golfdaro.com\\\/ca\\\/enoturisme\\\/#primaryimage\"},\"thumbnailUrl\":\"https:\\\/\\\/www.golfdaro.com\\\/wp-content\\\/uploads\\\/2025\\\/05\\\/Imagen1.png\",\"datePublished\":\"2025-02-27T15:31:44+00:00\",\"dateModified\":\"2025-05-29T12:34:28+00:00\",\"description\":\"Enoturisme \u2013 Al Club Golf d\u2019Aro \u2013 Mas Nou, elevem l\u2019experi\u00e8ncia dels nostres membres amb una nova proposta que uneix el golf i la cultura del vi, gr\u00e0cies a un acord exclusiu amb els millors cellers de la nostra zona.\",\"breadcrumb\":{\"@id\":\"https:\\\/\\\/www.golfdaro.com\\\/ca\\\/enoturisme\\\/#breadcrumb\"},\"inLanguage\":\"ca\",\"potentialAction\":[{\"@type\":\"ReadAction\",\"target\":[\"https:\\\/\\\/www.golfdaro.com\\\/ca\\\/enoturisme\\\/\"]}]},{\"@type\":\"ImageObject\",\"inLanguage\":\"ca\",\"@id\":\"https:\\\/\\\/www.golfdaro.com\\\/ca\\\/enoturisme\\\/#primaryimage\",\"url\":\"https:\\\/\\\/www.golfdaro.com\\\/wp-content\\\/uploads\\\/2025\\\/05\\\/Imagen1.png\",\"contentUrl\":\"https:\\\/\\\/www.golfdaro.com\\\/wp-content\\\/uploads\\\/2025\\\/05\\\/Imagen1.png\"},{\"@type\":\"BreadcrumbList\",\"@id\":\"https:\\\/\\\/www.golfdaro.com\\\/ca\\\/enoturisme\\\/#breadcrumb\",\"itemListElement\":[{\"@type\":\"ListItem\",\"position\":1,\"name\":\"Portada\",\"item\":\"https:\\\/\\\/www.golfdaro.com\\\/ca\\\/\"},{\"@type\":\"ListItem\",\"position\":2,\"name\":\"Enoturisme\"}]},{\"@type\":\"WebSite\",\"@id\":\"https:\\\/\\\/www.golfdaro.com\\\/ca\\\/#website\",\"url\":\"https:\\\/\\\/www.golfdaro.com\\\/ca\\\/\",\"name\":\"Club Golf d&#039;Aro\",\"description\":\"Vistas Impresionantes. Sin interrupciones\",\"publisher\":{\"@id\":\"https:\\\/\\\/www.golfdaro.com\\\/ca\\\/#organization\"},\"potentialAction\":[{\"@type\":\"SearchAction\",\"target\":{\"@type\":\"EntryPoint\",\"urlTemplate\":\"https:\\\/\\\/www.golfdaro.com\\\/ca\\\/?s={search_term_string}\"},\"query-input\":{\"@type\":\"PropertyValueSpecification\",\"valueRequired\":true,\"valueName\":\"search_term_string\"}}],\"inLanguage\":\"ca\"},{\"@type\":\"Organization\",\"@id\":\"https:\\\/\\\/www.golfdaro.com\\\/ca\\\/#organization\",\"name\":\"Club Golf d'Aro - Mas Nou\",\"url\":\"https:\\\/\\\/www.golfdaro.com\\\/ca\\\/\",\"logo\":{\"@type\":\"ImageObject\",\"inLanguage\":\"ca\",\"@id\":\"https:\\\/\\\/www.golfdaro.com\\\/ca\\\/#\\\/schema\\\/logo\\\/image\\\/\",\"url\":\"https:\\\/\\\/www.golfdaro.com\\\/wp-content\\\/uploads\\\/2021\\\/01\\\/Logo-Golf-Aro-transparent.png\",\"contentUrl\":\"https:\\\/\\\/www.golfdaro.com\\\/wp-content\\\/uploads\\\/2021\\\/01\\\/Logo-Golf-Aro-transparent.png\",\"width\":100,\"height\":100,\"caption\":\"Club Golf d'Aro - Mas Nou\"},\"image\":{\"@id\":\"https:\\\/\\\/www.golfdaro.com\\\/ca\\\/#\\\/schema\\\/logo\\\/image\\\/\"},\"sameAs\":[\"https:\\\/\\\/www.facebook.com\\\/golfdaro\\\/\",\"https:\\\/\\\/x.com\\\/golfdaro\",\"https:\\\/\\\/www.instagram.com\\\/golfdaro\\\/\",\"https:\\\/\\\/www.youtube.com\\\/channel\\\/UC728WxtMLhPa1qUCnMemzLQ\"]}]}<\/script>\n<!-- \/ Yoast SEO plugin. -->","yoast_head_json":{"title":"Enoturisme - Club Golf d&#039;Aro","description":"Enoturisme \u2013 Al Club Golf d\u2019Aro \u2013 Mas Nou, elevem l\u2019experi\u00e8ncia dels nostres membres amb una nova proposta que uneix el golf i la cultura del vi, gr\u00e0cies a un acord exclusiu amb els millors cellers de la nostra zona.","robots":{"index":"index","follow":"follow","max-snippet":"max-snippet:-1","max-image-preview":"max-image-preview:large","max-video-preview":"max-video-preview:-1"},"canonical":"https:\/\/www.golfdaro.com\/ca\/enoturisme\/","og_locale":"ca_ES","og_type":"article","og_title":"Enoturisme - Club Golf d&#039;Aro","og_description":"Enoturisme \u2013 Al Club Golf d\u2019Aro \u2013 Mas Nou, elevem l\u2019experi\u00e8ncia dels nostres membres amb una nova proposta que uneix el golf i la cultura del vi, gr\u00e0cies a un acord exclusiu amb els millors cellers de la nostra zona.","og_url":"https:\/\/www.golfdaro.com\/ca\/enoturisme\/","og_site_name":"Club Golf d&#039;Aro","article_publisher":"https:\/\/www.facebook.com\/golfdaro\/","article_modified_time":"2025-05-29T12:34:28+00:00","og_image":[{"width":150,"height":103,"url":"https:\/\/www.golfdaro.com\/wp-content\/uploads\/2025\/05\/Imagen1.png","type":"image\/png"}],"twitter_card":"summary_large_image","twitter_site":"@golfdaro","twitter_misc":{"Temps estimat de lectura":"1 minut"},"schema":{"@context":"https:\/\/schema.org","@graph":[{"@type":"WebPage","@id":"https:\/\/www.golfdaro.com\/ca\/enoturisme\/","url":"https:\/\/www.golfdaro.com\/ca\/enoturisme\/","name":"Enoturisme - Club Golf d&#039;Aro","isPartOf":{"@id":"https:\/\/www.golfdaro.com\/ca\/#website"},"primaryImageOfPage":{"@id":"https:\/\/www.golfdaro.com\/ca\/enoturisme\/#primaryimage"},"image":{"@id":"https:\/\/www.golfdaro.com\/ca\/enoturisme\/#primaryimage"},"thumbnailUrl":"https:\/\/www.golfdaro.com\/wp-content\/uploads\/2025\/05\/Imagen1.png","datePublished":"2025-02-27T15:31:44+00:00","dateModified":"2025-05-29T12:34:28+00:00","description":"Enoturisme \u2013 Al Club Golf d\u2019Aro \u2013 Mas Nou, elevem l\u2019experi\u00e8ncia dels nostres membres amb una nova proposta que uneix el golf i la cultura del vi, gr\u00e0cies a un acord exclusiu amb els millors cellers de la nostra zona.","breadcrumb":{"@id":"https:\/\/www.golfdaro.com\/ca\/enoturisme\/#breadcrumb"},"inLanguage":"ca","potentialAction":[{"@type":"ReadAction","target":["https:\/\/www.golfdaro.com\/ca\/enoturisme\/"]}]},{"@type":"ImageObject","inLanguage":"ca","@id":"https:\/\/www.golfdaro.com\/ca\/enoturisme\/#primaryimage","url":"https:\/\/www.golfdaro.com\/wp-content\/uploads\/2025\/05\/Imagen1.png","contentUrl":"https:\/\/www.golfdaro.com\/wp-content\/uploads\/2025\/05\/Imagen1.png"},{"@type":"BreadcrumbList","@id":"https:\/\/www.golfdaro.com\/ca\/enoturisme\/#breadcrumb","itemListElement":[{"@type":"ListItem","position":1,"name":"Portada","item":"https:\/\/www.golfdaro.com\/ca\/"},{"@type":"ListItem","position":2,"name":"Enoturisme"}]},{"@type":"WebSite","@id":"https:\/\/www.golfdaro.com\/ca\/#website","url":"https:\/\/www.golfdaro.com\/ca\/","name":"Club Golf d&#039;Aro","description":"Vistas Impresionantes. Sin interrupciones","publisher":{"@id":"https:\/\/www.golfdaro.com\/ca\/#organization"},"potentialAction":[{"@type":"SearchAction","target":{"@type":"EntryPoint","urlTemplate":"https:\/\/www.golfdaro.com\/ca\/?s={search_term_string}"},"query-input":{"@type":"PropertyValueSpecification","valueRequired":true,"valueName":"search_term_string"}}],"inLanguage":"ca"},{"@type":"Organization","@id":"https:\/\/www.golfdaro.com\/ca\/#organization","name":"Club Golf d'Aro - Mas Nou","url":"https:\/\/www.golfdaro.com\/ca\/","logo":{"@type":"ImageObject","inLanguage":"ca","@id":"https:\/\/www.golfdaro.com\/ca\/#\/schema\/logo\/image\/","url":"https:\/\/www.golfdaro.com\/wp-content\/uploads\/2021\/01\/Logo-Golf-Aro-transparent.png","contentUrl":"https:\/\/www.golfdaro.com\/wp-content\/uploads\/2021\/01\/Logo-Golf-Aro-transparent.png","width":100,"height":100,"caption":"Club Golf d'Aro - Mas Nou"},"image":{"@id":"https:\/\/www.golfdaro.com\/ca\/#\/schema\/logo\/image\/"},"sameAs":["https:\/\/www.facebook.com\/golfdaro\/","https:\/\/x.com\/golfdaro","https:\/\/www.instagram.com\/golfdaro\/","https:\/\/www.youtube.com\/channel\/UC728WxtMLhPa1qUCnMemzLQ"]}]}},"_links":{"self":[{"href":"https:\/\/www.golfdaro.com\/ca\/wp-json\/wp\/v2\/pages\/36096","targetHints":{"allow":["GET"]}}],"collection":[{"href":"https:\/\/www.golfdaro.com\/ca\/wp-json\/wp\/v2\/pages"}],"about":[{"href":"https:\/\/www.golfdaro.com\/ca\/wp-json\/wp\/v2\/types\/page"}],"author":[{"embeddable":true,"href":"https:\/\/www.golfdaro.com\/ca\/wp-json\/wp\/v2\/users\/2"}],"replies":[{"embeddable":true,"href":"https:\/\/www.golfdaro.com\/ca\/wp-json\/wp\/v2\/comments?post=36096"}],"version-history":[{"count":0,"href":"https:\/\/www.golfdaro.com\/ca\/wp-json\/wp\/v2\/pages\/36096\/revisions"}],"wp:attachment":[{"href":"https:\/\/www.golfdaro.com\/ca\/wp-json\/wp\/v2\/media?parent=36096"}],"curies":[{"name":"wp","href":"https:\/\/api.w.org\/{rel}","templated":true}]}}