{"id":33406,"date":"2023-12-21T08:44:05","date_gmt":"2023-12-21T07:44:05","guid":{"rendered":"https:\/\/www.golfdaro.com\/abonaments\/acords-de-correspondencies\/"},"modified":"2026-01-16T12:27:47","modified_gmt":"2026-01-16T11:27:47","slug":"acords-de-correspondencies","status":"publish","type":"page","link":"https:\/\/www.golfdaro.com\/ca\/abonaments\/acords-de-correspondencies\/","title":{"rendered":"Acords de Correspond\u00e8ncies"},"content":{"rendered":"\t\t<div data-elementor-type=\"wp-post\" data-elementor-id=\"33406\" class=\"elementor elementor-33406 elementor-4159\" data-elementor-post-type=\"page\">\n\t\t\t\t<div class=\"elementor-element elementor-element-61e48e5 e-flex e-con-boxed e-con e-parent\" data-id=\"61e48e5\" data-element_type=\"container\" data-e-type=\"container\" data-settings=\"{&quot;background_background&quot;:&quot;classic&quot;}\">\n\t\t\t\t\t<div class=\"e-con-inner\">\n\t\t<div class=\"elementor-element elementor-element-21dfe2d e-con-full e-flex e-con e-child\" data-id=\"21dfe2d\" data-element_type=\"container\" data-e-type=\"container\" data-settings=\"{&quot;background_background&quot;:&quot;classic&quot;,&quot;motion_fx_motion_fx_scrolling&quot;:&quot;yes&quot;,&quot;motion_fx_translateY_effect&quot;:&quot;yes&quot;,&quot;motion_fx_translateY_speed&quot;:{&quot;unit&quot;:&quot;px&quot;,&quot;size&quot;:3.1,&quot;sizes&quot;:[]},&quot;motion_fx_translateY_affectedRange&quot;:{&quot;unit&quot;:&quot;%&quot;,&quot;size&quot;:&quot;&quot;,&quot;sizes&quot;:{&quot;start&quot;:0,&quot;end&quot;:100}},&quot;motion_fx_devices&quot;:[&quot;desktop&quot;,&quot;tablet&quot;,&quot;mobile&quot;]}\">\n\t\t<div class=\"elementor-element elementor-element-721d7c6 e-flex e-con-boxed e-con e-child\" data-id=\"721d7c6\" data-element_type=\"container\" data-e-type=\"container\">\n\t\t\t\t\t<div class=\"e-con-inner\">\n\t\t\t\t<div class=\"elementor-element elementor-element-af00745 elementor-view-default elementor-position-top elementor-widget elementor-widget-themo-header\" data-id=\"af00745\" data-element_type=\"widget\" data-e-type=\"widget\" data-widget_type=\"themo-header.default\">\n\t\t\t\t<div class=\"elementor-widget-container\">\n\t\t\t\t\t\t\t<div class=\"th-header-wrap\">\n        <div class=\"elementor-icon-box-wrapper \">\n                            <div class=\"elementor-icon-box-content\">\n                    <h1 class=\"elementor-icon-box-title\">\n                        Acords de Correspond\u00e8ncia                    <\/h1>\n                                            <span class=\"th-header-divider\"><\/span>\n                                        <p class=\"elementor-icon-box-description\">Consulteu els Acords de Correspond\u00e8ncia a la nostra p\u00e0gina web o directament amb el nostre Equip de Recepci\u00f3.<br><br>*Els acords especials queden exempts durant juliol, agost i festius. <\/p>\n\n                                    <\/div>\n            <\/div>\n\n        <\/div>\n\n\t\t\t\t\t\t<\/div>\n\t\t\t\t<\/div>\n\t\t\t\t<div class=\"elementor-element elementor-element-c64f068 elementor-align-center elementor-widget elementor-widget-button\" data-id=\"c64f068\" data-element_type=\"widget\" data-e-type=\"widget\" data-widget_type=\"button.default\">\n\t\t\t\t<div class=\"elementor-widget-container\">\n\t\t\t\t\t\t\t\t\t<div class=\"elementor-button-wrapper\">\n\t\t\t\t\t<a class=\"elementor-button elementor-button-link elementor-size-lg\" href=\"https:\/\/www.golfdaro.com\/wp-content\/uploads\/2026\/01\/Acuerdos-Campos-2026.pdf\" target=\"_blank\">\n\t\t\t\t\t\t<span class=\"elementor-button-content-wrapper\">\n\t\t\t\t\t\t\t\t\t<span class=\"elementor-button-text\">Descarregar Acords de Correspond\u00e8ncia <\/span>\n\t\t\t\t\t<\/span>\n\t\t\t\t\t<\/a>\n\t\t\t\t<\/div>\n\t\t\t\t\t\t\t\t<\/div>\n\t\t\t\t<\/div>\n\t\t\t\t\t<\/div>\n\t\t\t\t<\/div>\n\t\t\t\t<\/div>\n\t\t\t\t\t<\/div>\n\t\t\t\t<\/div>\n\t\t\t\t<\/div>\n\t\t","protected":false},"excerpt":{"rendered":"<p>Acords de Correspond\u00e8ncia Consulteu els Acords de Correspond\u00e8ncia a la nostra p\u00e0gina web o directament amb el nostre Equip de Recepci\u00f3. *Els acords especials queden exempts durant juliol, agost i festius. Descarregar Acords de Correspond\u00e8ncia<\/p>\n","protected":false},"author":1,"featured_media":0,"parent":15350,"menu_order":2,"comment_status":"closed","ping_status":"closed","template":"","meta":{"_eb_attr":"","footnotes":""},"class_list":["post-33406","page","type-page","status-publish","hentry"],"yoast_head":"<!-- This site is optimized with the Yoast SEO plugin v27.4 - https:\/\/yoast.com\/product\/yoast-seo-wordpress\/ -->\n<title>Acords de Correspond\u00e8ncia Club Golf d&#039;Aro<\/title>\n<meta name=\"description\" content=\"Acords de correspond\u00e8ncia, perqu\u00e8 els nostres membres gaudeixin del golf. Comptem amb m\u00e9s de 50 acords nacionals i internacionals\" \/>\n<meta name=\"robots\" content=\"index, follow, max-snippet:-1, max-image-preview:large, max-video-preview:-1\" \/>\n<link rel=\"canonical\" href=\"https:\/\/www.golfdaro.com\/ca\/abonaments\/acords-de-correspondencies\/\" \/>\n<meta property=\"og:locale\" content=\"ca_ES\" \/>\n<meta property=\"og:type\" content=\"article\" \/>\n<meta property=\"og:title\" content=\"Acords de Correspond\u00e8ncia Club Golf d&#039;Aro\" \/>\n<meta property=\"og:description\" content=\"Acords de correspond\u00e8ncia, perqu\u00e8 els nostres membres gaudeixin del golf. Comptem amb m\u00e9s de 50 acords nacionals i internacionals\" \/>\n<meta property=\"og:url\" content=\"https:\/\/www.golfdaro.com\/ca\/abonaments\/acords-de-correspondencies\/\" \/>\n<meta property=\"og:site_name\" content=\"Club Golf d&#039;Aro\" \/>\n<meta property=\"article:publisher\" content=\"https:\/\/www.facebook.com\/golfdaro\/\" \/>\n<meta property=\"article:modified_time\" content=\"2026-01-16T11:27:47+00:00\" \/>\n<meta name=\"twitter:card\" content=\"summary_large_image\" \/>\n<meta name=\"twitter:site\" content=\"@golfdaro\" \/>\n<meta name=\"twitter:label1\" content=\"Temps estimat de lectura\" \/>\n\t<meta name=\"twitter:data1\" content=\"1 minut\" \/>\n<script type=\"application\/ld+json\" class=\"yoast-schema-graph\">{\"@context\":\"https:\\\/\\\/schema.org\",\"@graph\":[{\"@type\":\"WebPage\",\"@id\":\"https:\\\/\\\/www.golfdaro.com\\\/ca\\\/abonaments\\\/acords-de-correspondencies\\\/\",\"url\":\"https:\\\/\\\/www.golfdaro.com\\\/ca\\\/abonaments\\\/acords-de-correspondencies\\\/\",\"name\":\"Acords de Correspond\u00e8ncia Club Golf d'Aro\",\"isPartOf\":{\"@id\":\"https:\\\/\\\/www.golfdaro.com\\\/ca\\\/#website\"},\"datePublished\":\"2023-12-21T07:44:05+00:00\",\"dateModified\":\"2026-01-16T11:27:47+00:00\",\"description\":\"Acords de correspond\u00e8ncia, perqu\u00e8 els nostres membres gaudeixin del golf. Comptem amb m\u00e9s de 50 acords nacionals i internacionals\",\"breadcrumb\":{\"@id\":\"https:\\\/\\\/www.golfdaro.com\\\/ca\\\/abonaments\\\/acords-de-correspondencies\\\/#breadcrumb\"},\"inLanguage\":\"ca\",\"potentialAction\":[{\"@type\":\"ReadAction\",\"target\":[\"https:\\\/\\\/www.golfdaro.com\\\/ca\\\/abonaments\\\/acords-de-correspondencies\\\/\"]}]},{\"@type\":\"BreadcrumbList\",\"@id\":\"https:\\\/\\\/www.golfdaro.com\\\/ca\\\/abonaments\\\/acords-de-correspondencies\\\/#breadcrumb\",\"itemListElement\":[{\"@type\":\"ListItem\",\"position\":1,\"name\":\"Portada\",\"item\":\"https:\\\/\\\/www.golfdaro.com\\\/ca\\\/\"},{\"@type\":\"ListItem\",\"position\":2,\"name\":\"Abonaments\",\"item\":\"https:\\\/\\\/www.golfdaro.com\\\/ca\\\/abonos-club-golf-daro\\\/\"},{\"@type\":\"ListItem\",\"position\":3,\"name\":\"Acords de Correspond\u00e8ncies\"}]},{\"@type\":\"WebSite\",\"@id\":\"https:\\\/\\\/www.golfdaro.com\\\/ca\\\/#website\",\"url\":\"https:\\\/\\\/www.golfdaro.com\\\/ca\\\/\",\"name\":\"Club Golf d&#039;Aro\",\"description\":\"Vistas Impresionantes. Sin interrupciones\",\"publisher\":{\"@id\":\"https:\\\/\\\/www.golfdaro.com\\\/ca\\\/#organization\"},\"potentialAction\":[{\"@type\":\"SearchAction\",\"target\":{\"@type\":\"EntryPoint\",\"urlTemplate\":\"https:\\\/\\\/www.golfdaro.com\\\/ca\\\/?s={search_term_string}\"},\"query-input\":{\"@type\":\"PropertyValueSpecification\",\"valueRequired\":true,\"valueName\":\"search_term_string\"}}],\"inLanguage\":\"ca\"},{\"@type\":\"Organization\",\"@id\":\"https:\\\/\\\/www.golfdaro.com\\\/ca\\\/#organization\",\"name\":\"Club Golf d'Aro - Mas Nou\",\"url\":\"https:\\\/\\\/www.golfdaro.com\\\/ca\\\/\",\"logo\":{\"@type\":\"ImageObject\",\"inLanguage\":\"ca\",\"@id\":\"https:\\\/\\\/www.golfdaro.com\\\/ca\\\/#\\\/schema\\\/logo\\\/image\\\/\",\"url\":\"https:\\\/\\\/www.golfdaro.com\\\/wp-content\\\/uploads\\\/2021\\\/01\\\/Logo-Golf-Aro-transparent.png\",\"contentUrl\":\"https:\\\/\\\/www.golfdaro.com\\\/wp-content\\\/uploads\\\/2021\\\/01\\\/Logo-Golf-Aro-transparent.png\",\"width\":100,\"height\":100,\"caption\":\"Club Golf d'Aro - Mas Nou\"},\"image\":{\"@id\":\"https:\\\/\\\/www.golfdaro.com\\\/ca\\\/#\\\/schema\\\/logo\\\/image\\\/\"},\"sameAs\":[\"https:\\\/\\\/www.facebook.com\\\/golfdaro\\\/\",\"https:\\\/\\\/x.com\\\/golfdaro\",\"https:\\\/\\\/www.instagram.com\\\/golfdaro\\\/\",\"https:\\\/\\\/www.youtube.com\\\/channel\\\/UC728WxtMLhPa1qUCnMemzLQ\"]}]}<\/script>\n<!-- \/ Yoast SEO plugin. -->","yoast_head_json":{"title":"Acords de Correspond\u00e8ncia Club Golf d'Aro","description":"Acords de correspond\u00e8ncia, perqu\u00e8 els nostres membres gaudeixin del golf. Comptem amb m\u00e9s de 50 acords nacionals i internacionals","robots":{"index":"index","follow":"follow","max-snippet":"max-snippet:-1","max-image-preview":"max-image-preview:large","max-video-preview":"max-video-preview:-1"},"canonical":"https:\/\/www.golfdaro.com\/ca\/abonaments\/acords-de-correspondencies\/","og_locale":"ca_ES","og_type":"article","og_title":"Acords de Correspond\u00e8ncia Club Golf d'Aro","og_description":"Acords de correspond\u00e8ncia, perqu\u00e8 els nostres membres gaudeixin del golf. Comptem amb m\u00e9s de 50 acords nacionals i internacionals","og_url":"https:\/\/www.golfdaro.com\/ca\/abonaments\/acords-de-correspondencies\/","og_site_name":"Club Golf d&#039;Aro","article_publisher":"https:\/\/www.facebook.com\/golfdaro\/","article_modified_time":"2026-01-16T11:27:47+00:00","twitter_card":"summary_large_image","twitter_site":"@golfdaro","twitter_misc":{"Temps estimat de lectura":"1 minut"},"schema":{"@context":"https:\/\/schema.org","@graph":[{"@type":"WebPage","@id":"https:\/\/www.golfdaro.com\/ca\/abonaments\/acords-de-correspondencies\/","url":"https:\/\/www.golfdaro.com\/ca\/abonaments\/acords-de-correspondencies\/","name":"Acords de Correspond\u00e8ncia Club Golf d'Aro","isPartOf":{"@id":"https:\/\/www.golfdaro.com\/ca\/#website"},"datePublished":"2023-12-21T07:44:05+00:00","dateModified":"2026-01-16T11:27:47+00:00","description":"Acords de correspond\u00e8ncia, perqu\u00e8 els nostres membres gaudeixin del golf. Comptem amb m\u00e9s de 50 acords nacionals i internacionals","breadcrumb":{"@id":"https:\/\/www.golfdaro.com\/ca\/abonaments\/acords-de-correspondencies\/#breadcrumb"},"inLanguage":"ca","potentialAction":[{"@type":"ReadAction","target":["https:\/\/www.golfdaro.com\/ca\/abonaments\/acords-de-correspondencies\/"]}]},{"@type":"BreadcrumbList","@id":"https:\/\/www.golfdaro.com\/ca\/abonaments\/acords-de-correspondencies\/#breadcrumb","itemListElement":[{"@type":"ListItem","position":1,"name":"Portada","item":"https:\/\/www.golfdaro.com\/ca\/"},{"@type":"ListItem","position":2,"name":"Abonaments","item":"https:\/\/www.golfdaro.com\/ca\/abonos-club-golf-daro\/"},{"@type":"ListItem","position":3,"name":"Acords de Correspond\u00e8ncies"}]},{"@type":"WebSite","@id":"https:\/\/www.golfdaro.com\/ca\/#website","url":"https:\/\/www.golfdaro.com\/ca\/","name":"Club Golf d&#039;Aro","description":"Vistas Impresionantes. Sin interrupciones","publisher":{"@id":"https:\/\/www.golfdaro.com\/ca\/#organization"},"potentialAction":[{"@type":"SearchAction","target":{"@type":"EntryPoint","urlTemplate":"https:\/\/www.golfdaro.com\/ca\/?s={search_term_string}"},"query-input":{"@type":"PropertyValueSpecification","valueRequired":true,"valueName":"search_term_string"}}],"inLanguage":"ca"},{"@type":"Organization","@id":"https:\/\/www.golfdaro.com\/ca\/#organization","name":"Club Golf d'Aro - Mas Nou","url":"https:\/\/www.golfdaro.com\/ca\/","logo":{"@type":"ImageObject","inLanguage":"ca","@id":"https:\/\/www.golfdaro.com\/ca\/#\/schema\/logo\/image\/","url":"https:\/\/www.golfdaro.com\/wp-content\/uploads\/2021\/01\/Logo-Golf-Aro-transparent.png","contentUrl":"https:\/\/www.golfdaro.com\/wp-content\/uploads\/2021\/01\/Logo-Golf-Aro-transparent.png","width":100,"height":100,"caption":"Club Golf d'Aro - Mas Nou"},"image":{"@id":"https:\/\/www.golfdaro.com\/ca\/#\/schema\/logo\/image\/"},"sameAs":["https:\/\/www.facebook.com\/golfdaro\/","https:\/\/x.com\/golfdaro","https:\/\/www.instagram.com\/golfdaro\/","https:\/\/www.youtube.com\/channel\/UC728WxtMLhPa1qUCnMemzLQ"]}]}},"_links":{"self":[{"href":"https:\/\/www.golfdaro.com\/ca\/wp-json\/wp\/v2\/pages\/33406","targetHints":{"allow":["GET"]}}],"collection":[{"href":"https:\/\/www.golfdaro.com\/ca\/wp-json\/wp\/v2\/pages"}],"about":[{"href":"https:\/\/www.golfdaro.com\/ca\/wp-json\/wp\/v2\/types\/page"}],"author":[{"embeddable":true,"href":"https:\/\/www.golfdaro.com\/ca\/wp-json\/wp\/v2\/users\/1"}],"replies":[{"embeddable":true,"href":"https:\/\/www.golfdaro.com\/ca\/wp-json\/wp\/v2\/comments?post=33406"}],"version-history":[{"count":7,"href":"https:\/\/www.golfdaro.com\/ca\/wp-json\/wp\/v2\/pages\/33406\/revisions"}],"predecessor-version":[{"id":38583,"href":"https:\/\/www.golfdaro.com\/ca\/wp-json\/wp\/v2\/pages\/33406\/revisions\/38583"}],"up":[{"embeddable":true,"href":"https:\/\/www.golfdaro.com\/ca\/wp-json\/wp\/v2\/pages\/15350"}],"wp:attachment":[{"href":"https:\/\/www.golfdaro.com\/ca\/wp-json\/wp\/v2\/media?parent=33406"}],"curies":[{"name":"wp","href":"https:\/\/api.w.org\/{rel}","templated":true}]}}